{"id":13324,"date":"2025-08-18T17:20:11","date_gmt":"2025-08-18T14:20:11","guid":{"rendered":"https:\/\/pesu24.ee\/?post_type=product&#038;p=13324"},"modified":"2025-12-15T16:15:39","modified_gmt":"2025-12-15T13:15:39","slug":"babydoll-obsessive-amanta","status":"publish","type":"product","link":"https:\/\/pesu24.ee\/en\/babydollid\/babydoll-obsessive-amanta\/","title":{"rendered":"Babydoll Obsessive Amanta"},"content":{"rendered":"<p>Obsessive Amanta on sensuaalne ja elegantne babydoll, mis toob esile teie sisemise v\u00f5rgutaja. See kaunis babydoll koosneb \u00f5rnast ja kvaliteetsest materjalist ning on kaunistatud detailse pitsiga.<\/p>\n<p>Babydollil on \u00f5huline ja keha\u00fcmberm\u00f5\u00f5tu r\u00f5hutav l\u00f5ige, mis paneb teid tundma end naiselikuna ja enesekindlana. \u00d5lapaelad on reguleeritavad, tagades teile t\u00e4iusliku istuvuse ja mugavuse. Pitsi detailid lisavad komplektile luksusliku ja ahvatleva puudutuse, muutes selle eriti pilkup\u00fc\u00fcdvaks.<\/p>\n<p>Obsessive Amanta babydolliga kaasas on sobivad stringid, mis t\u00e4iendavad komplekti elegantselt. Need on samast materjalist ja pitsiga kaunistatud, luues harmoonilise ja v\u00f5rgutava koosluse.<\/p>\n<p><span style=\"color: #008000;\"><strong>KOMPLEKT SISALDAB:<\/strong><\/span><\/p>\n<ul>\n<li>babydoll<\/li>\n<li>stringid<\/li>\n<\/ul>\n<p><span style=\"color: #008000;\"><strong>DETAILS:<\/strong><\/span><\/p>\n<ul>\n<li>pitsiga kaunistatud seksikas babydoll<\/li>\n<li>reguleeritavad \u00f5lapaelad<\/li>\n<li>sensuaalne pooll\u00e4bipaistev kangas<\/li>\n<li>babydoll eest avatav<\/li>\n<li>valmistatud mugavast materjalist (94% pol\u00fcamiid, 6% elastaan)<\/li>\n<\/ul>\n<p><span style=\"color: #008000;\"><strong>VIDEO<\/strong><\/span><\/p>\n<div class=\"video-container\"><iframe loading=\"lazy\" title=\"KO\u0160ILKA AMANTA BABYDOLL - OBSESSIVE\" width=\"500\" height=\"281\" src=\"https:\/\/www.youtube.com\/embed\/8wYbG_UGzEw?feature=oembed&#038;wmode=opaque\" frameborder=\"0\" allow=\"accelerometer; autoplay; clipboard-write; encrypted-media; gyroscope; picture-in-picture; web-share\" referrerpolicy=\"strict-origin-when-cross-origin\" allowfullscreen><\/iframe><\/div>","protected":false},"excerpt":{"rendered":"<p>https:\/\/www.youtube.com\/watch?v=8wYbG_UGzEw<\/p>","protected":false},"featured_media":12336,"comment_status":"open","ping_status":"closed","template":"","meta":{"_glsr_average":0,"_glsr_ranking":0,"_glsr_reviews":0},"product_brand":[500],"product_cat":[82],"product_tag":[160],"class_list":{"0":"post-13324","1":"product","2":"type-product","3":"status-publish","4":"has-post-thumbnail","6":"product_brand-obsessive","7":"product_cat-babydollid","8":"product_tag-obsessive","9":"pa_suurus-l-xl","10":"pa_suurus-s-m","11":"pa_varvus-must","13":"first","14":"instock","15":"sold-individually","16":"taxable","17":"shipping-taxable","18":"purchasable","19":"product-type-variable"},"_links":{"self":[{"href":"https:\/\/pesu24.ee\/en\/wp-json\/wp\/v2\/product\/13324","targetHints":{"allow":["GET"]}}],"collection":[{"href":"https:\/\/pesu24.ee\/en\/wp-json\/wp\/v2\/product"}],"about":[{"href":"https:\/\/pesu24.ee\/en\/wp-json\/wp\/v2\/types\/product"}],"replies":[{"embeddable":true,"href":"https:\/\/pesu24.ee\/en\/wp-json\/wp\/v2\/comments?post=13324"}],"wp:featuredmedia":[{"embeddable":true,"href":"https:\/\/pesu24.ee\/en\/wp-json\/wp\/v2\/media\/12336"}],"wp:attachment":[{"href":"https:\/\/pesu24.ee\/en\/wp-json\/wp\/v2\/media?parent=13324"}],"wp:term":[{"taxonomy":"product_brand","embeddable":true,"href":"https:\/\/pesu24.ee\/en\/wp-json\/wp\/v2\/product_brand?post=13324"},{"taxonomy":"product_cat","embeddable":true,"href":"https:\/\/pesu24.ee\/en\/wp-json\/wp\/v2\/product_cat?post=13324"},{"taxonomy":"product_tag","embeddable":true,"href":"https:\/\/pesu24.ee\/en\/wp-json\/wp\/v2\/product_tag?post=13324"}],"curies":[{"name":"wp","href":"https:\/\/api.w.org\/{rel}","templated":true}]}}