{"id":13325,"date":"2025-08-18T17:20:11","date_gmt":"2025-08-18T14:20:11","guid":{"rendered":"https:\/\/pesu24.ee\/?post_type=product&#038;p=13325"},"modified":"2025-12-15T16:18:28","modified_gmt":"2025-12-15T13:18:28","slug":"babydoll-obsessive-flores","status":"publish","type":"product","link":"https:\/\/pesu24.ee\/en\/babydollid\/babydoll-obsessive-flores\/","title":{"rendered":"Babydoll Obsessive Flores"},"content":{"rendered":"<p>Obsessive Flores babydoll on romantiline ja lummav pesuvalik, mis toob esile teie naiselikkuse ja sensuaalsuse. See kaunis babydoll koosneb \u00f5rnast ja kvaliteetsest materjalist ning on kaunistatud luksusliku pitsiga.<\/p>\n<p>Babydoll&#8217;il on \u00f5huline l\u00f5ige, mis libiseb graatsiliselt \u00fcle keha, luues sensuaalse ja unikaalse ilme. Sellel on reguleeritavad \u00f5lapaelad, mis v\u00f5imaldavad teil leida t\u00e4iusliku istuvuse. Pitsdetailid r\u00f5hutavad teie keha k\u00f5ige v\u00f5rgutavamaid kohti, lisades salap\u00e4ra ja seksikust.<\/p>\n<p>Obsessive Flores babydoll on t\u00e4iuslikult t\u00e4iendatud sobivate stringidega, mis t\u00e4iustavad komplekti elegantset v\u00e4limust. Stringidel on sama pitsiline viimistlus kui babydoll&#8217;il, luues \u00fchtlase ja ahvatleva ilme.<\/p>\n<p><strong><span style=\"color: #008000;\">KOMPLEKT SISALDAB:<\/span><\/strong><\/p>\n<ul>\n<li>babydoll<\/li>\n<li>stringid<\/li>\n<\/ul>\n<p><span style=\"color: #008000;\"><strong>DETAILS:<\/strong><\/span><\/p>\n<ul>\n<li>naiselik seksikas babydoll<\/li>\n<li>valmistatud mustast pitsist<\/li>\n<li>mugav ja elastne materjalist (90% pol\u00fcamiid, 10% elastaan)<\/li>\n<\/ul>\n<p><span style=\"color: #008000;\"><strong>VIDEO<\/strong><\/span><\/p>\n<div class=\"video-container\"><iframe loading=\"lazy\" title=\"OBSESSIVE FLORES BLACK\" width=\"500\" height=\"281\" src=\"https:\/\/www.youtube.com\/embed\/TgxT75I0hcY?feature=oembed&#038;wmode=opaque\" frameborder=\"0\" allow=\"accelerometer; autoplay; clipboard-write; encrypted-media; gyroscope; picture-in-picture; web-share\" referrerpolicy=\"strict-origin-when-cross-origin\" allowfullscreen><\/iframe><\/div>","protected":false},"excerpt":{"rendered":"<ul>\n<li>naiselik seksikas babydoll<\/li>\n<li>komplektis sisaldub babydoll ja stringid<\/li>\n<li>valmistatud mugavast materjalist (90% pol\u00fcamiid, 10% elastaan)<\/li>\n<\/ul>","protected":false},"featured_media":12340,"comment_status":"open","ping_status":"closed","template":"","meta":{"_glsr_average":0,"_glsr_ranking":0,"_glsr_reviews":0},"product_brand":[500],"product_cat":[82],"product_tag":[160],"class_list":{"0":"post-13325","1":"product","2":"type-product","3":"status-publish","4":"has-post-thumbnail","6":"product_brand-obsessive","7":"product_cat-babydollid","8":"product_tag-obsessive","9":"pa_suurus-l-xl","10":"pa_suurus-s-m","11":"pa_varvus-must","13":"first","14":"instock","15":"sold-individually","16":"taxable","17":"shipping-taxable","18":"purchasable","19":"product-type-variable"},"_links":{"self":[{"href":"https:\/\/pesu24.ee\/en\/wp-json\/wp\/v2\/product\/13325","targetHints":{"allow":["GET"]}}],"collection":[{"href":"https:\/\/pesu24.ee\/en\/wp-json\/wp\/v2\/product"}],"about":[{"href":"https:\/\/pesu24.ee\/en\/wp-json\/wp\/v2\/types\/product"}],"replies":[{"embeddable":true,"href":"https:\/\/pesu24.ee\/en\/wp-json\/wp\/v2\/comments?post=13325"}],"wp:featuredmedia":[{"embeddable":true,"href":"https:\/\/pesu24.ee\/en\/wp-json\/wp\/v2\/media\/12340"}],"wp:attachment":[{"href":"https:\/\/pesu24.ee\/en\/wp-json\/wp\/v2\/media?parent=13325"}],"wp:term":[{"taxonomy":"product_brand","embeddable":true,"href":"https:\/\/pesu24.ee\/en\/wp-json\/wp\/v2\/product_brand?post=13325"},{"taxonomy":"product_cat","embeddable":true,"href":"https:\/\/pesu24.ee\/en\/wp-json\/wp\/v2\/product_cat?post=13325"},{"taxonomy":"product_tag","embeddable":true,"href":"https:\/\/pesu24.ee\/en\/wp-json\/wp\/v2\/product_tag?post=13325"}],"curies":[{"name":"wp","href":"https:\/\/api.w.org\/{rel}","templated":true}]}}