{"id":13328,"date":"2025-08-18T17:20:11","date_gmt":"2025-08-18T14:20:11","guid":{"rendered":"https:\/\/pesu24.ee\/?post_type=product&#038;p=13328"},"modified":"2026-03-23T12:04:44","modified_gmt":"2026-03-23T10:04:44","slug":"babydoll-osessive-contica","status":"publish","type":"product","link":"https:\/\/pesu24.ee\/en\/babydollid\/babydoll-osessive-contica\/","title":{"rendered":"Babydoll Osessive Contica"},"content":{"rendered":"<p>Oled unistanud millestki siidisest pehmest, elegantsest ja t\u00e4is naiselikku \u0161ikki? Kui jah, siis selleks sobib peen ja imekaunis <strong>Contica babydoll<\/strong>. Valmistatud ahvatlevast pitsist, l\u00e4bipaistev aga \u00fchtlasi piisavalt varjav, et j\u00e4tta fantaasiale ruumi. K\u00f5ik see toob esile seksikuse ja r\u00f5hutab naiselikku ilu.<\/p>\n<p>Babydolli rinnahoidjad tugikaartega, mis sobivad mugavalt ja pakuvad ka \u00fchtlasi vapustavat v\u00e4limust ning vaatepilti. Rinnahoidjad tagant astmelise kinnitusega ja \u00f5lapaelad reguleeritavad. Samuti elastne, mugav ja pehmelt siidine materjal &#8211; k\u00f5ik see kokku tagab ideaalse sobivuse. Et muuta sobivust veelgi ideaalsemaks on komplektiga kaasas sama pesukollektsiooni siidised stringid.<\/p>\n<p><span style=\"color: #008000;\"><strong>KOMPLEKT SISALDAB:<\/strong><\/span><\/p>\n<ul>\n<li>babydoll<\/li>\n<li>stringid<\/li>\n<\/ul>\n<p><span style=\"color: #008000;\"><strong>DETAILS:<\/strong><\/span><\/p>\n<ul>\n<li>must babydoll<\/li>\n<li>reguleeritavad \u00f5lapaelad<\/li>\n<li>rinnahoidjatel tugikaared ja tagant astmeline kinnitus<\/li>\n<li>veniv, elastne ja siidine materjal tagab ideaalse sobivuse<\/li>\n<li>valmistatud mugavast materjalist (94% pol\u00fcamiid, 6% elastaan)<\/li>\n<\/ul>\n<p>Kui sellest k\u00f5igest j\u00e4\u00e4b v\u00e4heks on sama pesukollektsioonis saadaval ka Contica korsett, 3-osaline Contica pesukomplekt, avatud stringid kui sama kollektsiooni sukad. Tutvu julgelt <a href=\"https:\/\/pesu24.ee\/en\/omadus\/obsessive-contica\/\">Contica pesukollektsiooniga siin<\/a>.<\/p>\n<p><span style=\"color: #008000;\"><strong>VIDEO<\/strong><\/span><\/p>\n<div class=\"video-container\"><iframe loading=\"lazy\" title=\"SEXY KO\u0160ILKA CONTICA BABYDOLL - OBSESSIVE\" width=\"500\" height=\"281\" src=\"https:\/\/www.youtube.com\/embed\/IdJFFM7_4MU?feature=oembed&#038;wmode=opaque\" frameborder=\"0\" allow=\"accelerometer; autoplay; clipboard-write; encrypted-media; gyroscope; picture-in-picture; web-share\" referrerpolicy=\"strict-origin-when-cross-origin\" allowfullscreen><\/iframe><\/div>","protected":false},"excerpt":{"rendered":"<p>&#46;&#46;&#46;<\/p>","protected":false},"featured_media":12575,"comment_status":"open","ping_status":"closed","template":"","meta":{"_glsr_average":0,"_glsr_ranking":0,"_glsr_reviews":0},"product_brand":[500],"product_cat":[82],"product_tag":[160,271],"class_list":{"0":"post-13328","1":"product","2":"type-product","3":"status-publish","4":"has-post-thumbnail","6":"product_brand-obsessive","7":"product_cat-babydollid","8":"product_tag-obsessive","9":"product_tag-obsessive-contica","10":"pa_suurus-l-xl","11":"pa_suurus-s-m","12":"pa_varvus-must","14":"first","15":"instock","16":"sale","17":"sold-individually","18":"taxable","19":"shipping-taxable","20":"purchasable","21":"product-type-variable"},"_links":{"self":[{"href":"https:\/\/pesu24.ee\/en\/wp-json\/wp\/v2\/product\/13328","targetHints":{"allow":["GET"]}}],"collection":[{"href":"https:\/\/pesu24.ee\/en\/wp-json\/wp\/v2\/product"}],"about":[{"href":"https:\/\/pesu24.ee\/en\/wp-json\/wp\/v2\/types\/product"}],"replies":[{"embeddable":true,"href":"https:\/\/pesu24.ee\/en\/wp-json\/wp\/v2\/comments?post=13328"}],"wp:featuredmedia":[{"embeddable":true,"href":"https:\/\/pesu24.ee\/en\/wp-json\/wp\/v2\/media\/12575"}],"wp:attachment":[{"href":"https:\/\/pesu24.ee\/en\/wp-json\/wp\/v2\/media?parent=13328"}],"wp:term":[{"taxonomy":"product_brand","embeddable":true,"href":"https:\/\/pesu24.ee\/en\/wp-json\/wp\/v2\/product_brand?post=13328"},{"taxonomy":"product_cat","embeddable":true,"href":"https:\/\/pesu24.ee\/en\/wp-json\/wp\/v2\/product_cat?post=13328"},{"taxonomy":"product_tag","embeddable":true,"href":"https:\/\/pesu24.ee\/en\/wp-json\/wp\/v2\/product_tag?post=13328"}],"curies":[{"name":"wp","href":"https:\/\/api.w.org\/{rel}","templated":true}]}}