{"id":13330,"date":"2025-08-18T17:20:11","date_gmt":"2025-08-18T14:20:11","guid":{"rendered":"https:\/\/pesu24.ee\/?post_type=product&#038;p=13330"},"modified":"2026-03-23T12:03:12","modified_gmt":"2026-03-23T10:03:12","slug":"babydoll-obsessive-lovlea","status":"publish","type":"product","link":"https:\/\/pesu24.ee\/en\/babydollid\/babydoll-obsessive-lovlea\/","title":{"rendered":"Babydoll Obsessive Lovlea"},"content":{"rendered":"<p><strong><span style=\"color: #008000;\">KOMPLEKT SISALDAB:<\/span><\/strong><\/p>\n<ul>\n<li>babydoll<\/li>\n<li>stringid<\/li>\n<\/ul>\n<p><span style=\"color: #008000;\"><strong>DETAILS:<\/strong><\/span><\/p>\n<ul>\n<li>\u00fclimalt seksikas ning naiselik komplekt, mis muudab ka k\u00f5ige igavamad \u00f5htud eriliseks<\/li>\n<li>reguleeritavad \u00f5lapaelad<\/li>\n<li>rinnakorv sobib k\u00f5ikidele t\u00fc\u00fcpidele &#8211; v\u00e4ga hea l\u00f5ikega<\/li>\n<li>\u00fcmber babydoll&#8217;i satiinist seotav pael<\/li>\n<li>\u00f5lapaeltel kaunistuseks lipsud<\/li>\n<li>suuruste tabel on toodud tootealbumis (viimane pilt)<\/li>\n<li>valmistatud mugavast materjalist (94% pol\u00fcamiid, 6% elastaan)<\/li>\n<\/ul>\n<p><span style=\"color: #008000;\"><strong>VIDEO<\/strong><\/span><\/p>\n<div class=\"video-container\"><iframe loading=\"lazy\" title=\"KR\u00c1SN\u00c1 KO\u0160ILKA LOVLEA BABYDOLL - OBSESSIVE\" width=\"500\" height=\"281\" src=\"https:\/\/www.youtube.com\/embed\/b-9JwPkf82c?feature=oembed&#038;wmode=opaque\" frameborder=\"0\" allow=\"accelerometer; autoplay; clipboard-write; encrypted-media; gyroscope; picture-in-picture; web-share\" referrerpolicy=\"strict-origin-when-cross-origin\" allowfullscreen><\/iframe><\/div>","protected":false},"excerpt":{"rendered":"<p>https:\/\/www.youtube.com\/watch?v=b-9JwPkf82c<\/p>","protected":false},"featured_media":12818,"comment_status":"open","ping_status":"closed","template":"","meta":{"_glsr_average":0,"_glsr_ranking":0,"_glsr_reviews":0},"product_brand":[500],"product_cat":[82],"product_tag":[160],"class_list":{"0":"post-13330","1":"product","2":"type-product","3":"status-publish","4":"has-post-thumbnail","6":"product_brand-obsessive","7":"product_cat-babydollid","8":"product_tag-obsessive","9":"pa_suurus-l-xl","10":"pa_suurus-s-m","11":"pa_varvus-punane","13":"first","14":"instock","15":"sale","16":"sold-individually","17":"taxable","18":"shipping-taxable","19":"purchasable","20":"product-type-variable"},"_links":{"self":[{"href":"https:\/\/pesu24.ee\/en\/wp-json\/wp\/v2\/product\/13330","targetHints":{"allow":["GET"]}}],"collection":[{"href":"https:\/\/pesu24.ee\/en\/wp-json\/wp\/v2\/product"}],"about":[{"href":"https:\/\/pesu24.ee\/en\/wp-json\/wp\/v2\/types\/product"}],"replies":[{"embeddable":true,"href":"https:\/\/pesu24.ee\/en\/wp-json\/wp\/v2\/comments?post=13330"}],"wp:featuredmedia":[{"embeddable":true,"href":"https:\/\/pesu24.ee\/en\/wp-json\/wp\/v2\/media\/12818"}],"wp:attachment":[{"href":"https:\/\/pesu24.ee\/en\/wp-json\/wp\/v2\/media?parent=13330"}],"wp:term":[{"taxonomy":"product_brand","embeddable":true,"href":"https:\/\/pesu24.ee\/en\/wp-json\/wp\/v2\/product_brand?post=13330"},{"taxonomy":"product_cat","embeddable":true,"href":"https:\/\/pesu24.ee\/en\/wp-json\/wp\/v2\/product_cat?post=13330"},{"taxonomy":"product_tag","embeddable":true,"href":"https:\/\/pesu24.ee\/en\/wp-json\/wp\/v2\/product_tag?post=13330"}],"curies":[{"name":"wp","href":"https:\/\/api.w.org\/{rel}","templated":true}]}}