{"id":13332,"date":"2025-08-18T17:20:11","date_gmt":"2025-08-18T14:20:11","guid":{"rendered":"https:\/\/pesu24.ee\/?post_type=product&#038;p=13332"},"modified":"2025-08-20T14:55:39","modified_gmt":"2025-08-20T11:55:39","slug":"babydoll-obsessive-joylace","status":"publish","type":"product","link":"https:\/\/pesu24.ee\/en\/babydollid\/babydoll-obsessive-joylace\/","title":{"rendered":"Babydoll Obsessive Joylace"},"content":{"rendered":"<p>Armas pits, siidjas materjal, ahvatlev, tagantpoolt avatud ja v\u00e4he fantaasia jaoks ruumi j\u00e4ttev l\u00f5ige &#8211; see Obsessive Joylace\u00a0Babydoll. See muudab \u00f5htu t\u00f5eliseks armuparadiisiks, triivides imelisele maale, mis on t\u00e4is intensiivseid naudinguid ja kogemusi.<\/p>\n<p>Valmistatud v\u00e4ga venivast ja mugavast Multistrech kangas, mis tagab ideaalse sobivuse. Saadaval suurustes S\/M ja L\/XL ning komplekti kuuluvad ka sama kollektsiooni stringid.<\/p>\n<p><span style=\"color: #008000;\"><strong>KOMPLEKT SISALDAB:<\/strong><\/span><\/p>\n<ul>\n<li>babydoll<\/li>\n<li>stringid<\/li>\n<\/ul>\n<p><span style=\"color: #008000;\"><strong>DETAILS:<\/strong><\/span><\/p>\n<ul>\n<li>sensuaalne pits<\/li>\n<li>v\u00fcrtsikas l\u00f5ige<\/li>\n<li>reguleeritav<\/li>\n<li>veniv Multistretch kangas<\/li>\n<li>kaunistatud p\u00e4rlitega<\/li>\n<li>komplektis ka stringid<\/li>\n<li>90% pol\u00fcamiid, 10% elastaan<\/li>\n<\/ul>\n<p><span style=\"color: #008000;\"><strong>VIDEO<\/strong><\/span><\/p>\n<div class=\"video-container\"><iframe loading=\"lazy\" title=\"SMYSLN\u00c1 KO\u0160ILKA JOYLACE BABYDOLL - OBSESSIVE\" width=\"500\" height=\"281\" src=\"https:\/\/www.youtube.com\/embed\/RWWz9vbdt-A?feature=oembed&#038;wmode=opaque\" frameborder=\"0\" allow=\"accelerometer; autoplay; clipboard-write; encrypted-media; gyroscope; picture-in-picture; web-share\" referrerpolicy=\"strict-origin-when-cross-origin\" allowfullscreen><\/iframe><\/div>","protected":false},"excerpt":{"rendered":"<p>https:\/\/www.youtube.com\/watch?v=RWWz9vbdt-A<\/p>","protected":false},"featured_media":12838,"comment_status":"open","ping_status":"closed","template":"","meta":{"_glsr_average":0,"_glsr_ranking":0,"_glsr_reviews":0},"product_brand":[500],"product_cat":[82],"product_tag":[160],"class_list":{"0":"post-13332","1":"product","2":"type-product","3":"status-publish","4":"has-post-thumbnail","6":"product_brand-obsessive","7":"product_cat-babydollid","8":"product_tag-obsessive","9":"pa_suurus-l-xl","10":"pa_suurus-s-m","11":"pa_varvus-must","13":"first","14":"instock","15":"sold-individually","16":"taxable","17":"shipping-taxable","18":"purchasable","19":"product-type-variable"},"_links":{"self":[{"href":"https:\/\/pesu24.ee\/en\/wp-json\/wp\/v2\/product\/13332","targetHints":{"allow":["GET"]}}],"collection":[{"href":"https:\/\/pesu24.ee\/en\/wp-json\/wp\/v2\/product"}],"about":[{"href":"https:\/\/pesu24.ee\/en\/wp-json\/wp\/v2\/types\/product"}],"replies":[{"embeddable":true,"href":"https:\/\/pesu24.ee\/en\/wp-json\/wp\/v2\/comments?post=13332"}],"wp:featuredmedia":[{"embeddable":true,"href":"https:\/\/pesu24.ee\/en\/wp-json\/wp\/v2\/media\/12838"}],"wp:attachment":[{"href":"https:\/\/pesu24.ee\/en\/wp-json\/wp\/v2\/media?parent=13332"}],"wp:term":[{"taxonomy":"product_brand","embeddable":true,"href":"https:\/\/pesu24.ee\/en\/wp-json\/wp\/v2\/product_brand?post=13332"},{"taxonomy":"product_cat","embeddable":true,"href":"https:\/\/pesu24.ee\/en\/wp-json\/wp\/v2\/product_cat?post=13332"},{"taxonomy":"product_tag","embeddable":true,"href":"https:\/\/pesu24.ee\/en\/wp-json\/wp\/v2\/product_tag?post=13332"}],"curies":[{"name":"wp","href":"https:\/\/api.w.org\/{rel}","templated":true}]}}