{"id":13333,"date":"2025-08-18T17:20:12","date_gmt":"2025-08-18T14:20:12","guid":{"rendered":"https:\/\/pesu24.ee\/?post_type=product&#038;p=13333"},"modified":"2025-08-20T17:24:32","modified_gmt":"2025-08-20T14:24:32","slug":"babydoll-obsessive-delishya","status":"publish","type":"product","link":"https:\/\/pesu24.ee\/en\/babydollid\/babydoll-obsessive-delishya\/","title":{"rendered":"Babydoll Obsessive Delishya"},"content":{"rendered":"<p>Soovid oma partnerit \u00fcllatada atraktiivse ja vastupandamatu pesuga v\u00f5i soovid oma kallimale teha seksikat kinki? Siis Delishya babydoll on selleks perfektne \u00fcllatus, kink v\u00f5i hoopis m\u00f5lemat.<\/p>\n<p>Komplekt on seksikat lillat tooni, millele lisab seksikust veelgi juurde lillakas l\u00e4ige. Avatud rinnahoidjad ei j\u00e4ta palju ruumi fantaasiale ning idamaise noodiga l\u00e4bipaistev l\u00f5ige k\u00f5hul lisab v\u00fcrtsi veelgi, aga samas vajadusel on vigu peitev efekt.<\/p>\n<p>Komplekt. Jah komplekt, sest lisaks babydollile on kaasas ka lillad l\u00e4ikivast materjalist stringid, mis on kaunistatud v\u00e4ikese ehtega. Babydollil lisavad naisellikust lipsud rinnahoidjatel ja kaelav\u00f5rul. Valmistatud mugavast ja venivast materjalist. Lisaks babydoll on tagant astmelise kinnituse ja reguleeritavate \u00f5lapaeltega, mis tagab ideaal sobivuse.\u00a0Rinnahoidjatel tugikaared ja osaliselt polsterdatud.<\/p>\n<p><span style=\"color: #008000;\"><strong>KOMPLEKT SISALDAB:<\/strong><\/span><\/p>\n<ul>\n<li>babydoll<\/li>\n<li>stringid<\/li>\n<\/ul>\n<p><span style=\"color: #008000;\"><strong>DETAILS:<\/strong><\/span><\/p>\n<ul>\n<li>pehme ja m\u00f5nus materjal<\/li>\n<li>tugikaared ja stringid l\u00e4ikega<\/li>\n<li>tagant astmelise kinnitusega<\/li>\n<li>\u00f5lapaelad reguleeritavad<\/li>\n<li>rinnahoidjal tugikaared ja osaline polsterdus<\/li>\n<li>m\u00f5nus materjal (100% pol\u00fcamiid)<\/li>\n<\/ul>\n<p>Kui stiil meeldis, aga siiski j\u00e4\u00e4b v\u00e4heks, tuleks tutvuda sama pesukollektsiooni <a href=\"https:\/\/pesu24.ee\/en\/pesukomplektid\/avatud-rinnahoidjaga-3-osaline-pesukomplekt-obsessive-delishya\/\">Delishya 3-osalise pesukomplektiga<\/a>.<\/p>\n<p><span style=\"color: #008000;\"><strong>TOOTEVIDEO<\/strong><\/span><\/p>\n<div class=\"video-container\"><iframe loading=\"lazy\" title=\"V\u00ddJIME\u010cN\u00c1 KO\u0160ILKA DELISHYA BABYDOLL - OBSESSIVE\" width=\"500\" height=\"281\" src=\"https:\/\/www.youtube.com\/embed\/v1YvazbRNyY?feature=oembed&#038;wmode=opaque\" frameborder=\"0\" allow=\"accelerometer; autoplay; clipboard-write; encrypted-media; gyroscope; picture-in-picture; web-share\" referrerpolicy=\"strict-origin-when-cross-origin\" allowfullscreen><\/iframe><\/div>\n<p><span style=\"color: #008000;\"><strong>MODELLIVIDEO<\/strong><\/span><\/p>\n<div class=\"video-container\"><iframe loading=\"lazy\" title=\"Obsessive lingerie. Sexy lingerie. Delishya collection. Lingerie for couple.\" width=\"500\" height=\"281\" src=\"https:\/\/www.youtube.com\/embed\/lo4TbPjSgLE?feature=oembed&#038;wmode=opaque\" frameborder=\"0\" allow=\"accelerometer; autoplay; clipboard-write; encrypted-media; gyroscope; picture-in-picture; web-share\" referrerpolicy=\"strict-origin-when-cross-origin\" allowfullscreen><\/iframe><\/div>","protected":false},"excerpt":{"rendered":"<p>&#46;&#46;&#46;<\/p>","protected":false},"featured_media":12844,"comment_status":"open","ping_status":"closed","template":"","meta":{"_glsr_average":0,"_glsr_ranking":0,"_glsr_reviews":0},"product_brand":[500],"product_cat":[82],"product_tag":[160],"class_list":{"0":"post-13333","1":"product","2":"type-product","3":"status-publish","4":"has-post-thumbnail","6":"product_brand-obsessive","7":"product_cat-babydollid","8":"product_tag-obsessive","9":"pa_suurus-l-xl","10":"pa_suurus-s-m","11":"pa_varvus-lilla","13":"first","14":"instock","15":"sold-individually","16":"taxable","17":"shipping-taxable","18":"purchasable","19":"product-type-variable"},"_links":{"self":[{"href":"https:\/\/pesu24.ee\/en\/wp-json\/wp\/v2\/product\/13333","targetHints":{"allow":["GET"]}}],"collection":[{"href":"https:\/\/pesu24.ee\/en\/wp-json\/wp\/v2\/product"}],"about":[{"href":"https:\/\/pesu24.ee\/en\/wp-json\/wp\/v2\/types\/product"}],"replies":[{"embeddable":true,"href":"https:\/\/pesu24.ee\/en\/wp-json\/wp\/v2\/comments?post=13333"}],"wp:featuredmedia":[{"embeddable":true,"href":"https:\/\/pesu24.ee\/en\/wp-json\/wp\/v2\/media\/12844"}],"wp:attachment":[{"href":"https:\/\/pesu24.ee\/en\/wp-json\/wp\/v2\/media?parent=13333"}],"wp:term":[{"taxonomy":"product_brand","embeddable":true,"href":"https:\/\/pesu24.ee\/en\/wp-json\/wp\/v2\/product_brand?post=13333"},{"taxonomy":"product_cat","embeddable":true,"href":"https:\/\/pesu24.ee\/en\/wp-json\/wp\/v2\/product_cat?post=13333"},{"taxonomy":"product_tag","embeddable":true,"href":"https:\/\/pesu24.ee\/en\/wp-json\/wp\/v2\/product_tag?post=13333"}],"curies":[{"name":"wp","href":"https:\/\/api.w.org\/{rel}","templated":true}]}}