{"id":13334,"date":"2025-08-18T17:20:12","date_gmt":"2025-08-18T14:20:12","guid":{"rendered":"https:\/\/pesu24.ee\/?post_type=product&#038;p=13334"},"modified":"2025-08-20T17:16:52","modified_gmt":"2025-08-20T14:16:52","slug":"babydoll-obsessive-rossita","status":"publish","type":"product","link":"https:\/\/pesu24.ee\/en\/babydollid\/babydoll-obsessive-rossita\/","title":{"rendered":"Babydoll Obsessive Rossita"},"content":{"rendered":"<p>Kas soovite r\u00f5hutada oma seksikust ja tuua esile naiselik ilu? K\u00f5rgete kontsade saatel muutub see\u2026 ohtlikult ahvatlevaks. See on babydoll Rossita. Sensuaalne, burgundiapunase noodiga babydoll paneb teid tundma nagu taevas. \u00d5huline, aga samas soe. L\u00e4bipaistev, aga piisavalt peitev.<\/p>\n<p>Rinnakorv kaunistatud pitsiga, mille alla lisatud burgundiapunane sametine v\u00f6\u00f6. Rinnakorv ja babydoll kaelatahagant seotav satiinist rihmaga. Komplekti kuuluvad ka fotol olevad stringid.<\/p>\n<p><span style=\"color: #008000;\"><strong>KOMPLEKT SISALDAB:<\/strong><\/span><\/p>\n<ul>\n<li>babydoll<\/li>\n<li>stringid<\/li>\n<\/ul>\n<p><span style=\"color: #008000;\"><strong>DETAILS:<\/strong><\/span><\/p>\n<ul>\n<li>ainulaadne seksikas, l\u00e4bipaistvast materjalist babydoll<\/li>\n<li>satiinpaelaga kaelatagant seotav &#8211; kergesti seotav ja v\u00e4ga mugav<\/li>\n<li>elastne kangas (90% pol\u00fcamiid, 10% elastaan)<\/li>\n<\/ul>\n<p><span style=\"color: #008000;\"><strong>VIDEO<\/strong><\/span><\/p>\n<div class=\"video-container\"><iframe loading=\"lazy\" title=\"JEDINE\u010cN\u00c1 KO\u0160ILKA ROSSITA BABYDOLL - OBSESSIVE\" width=\"500\" height=\"281\" src=\"https:\/\/www.youtube.com\/embed\/TqHeZnYrZO0?feature=oembed&#038;wmode=opaque\" frameborder=\"0\" allow=\"accelerometer; autoplay; clipboard-write; encrypted-media; gyroscope; picture-in-picture; web-share\" referrerpolicy=\"strict-origin-when-cross-origin\" allowfullscreen><\/iframe><\/div>","protected":false},"excerpt":{"rendered":"<p>&#46;&#46;&#46;<\/p>","protected":false},"featured_media":12850,"comment_status":"open","ping_status":"closed","template":"","meta":{"_glsr_average":0,"_glsr_ranking":0,"_glsr_reviews":0},"product_brand":[500],"product_cat":[82],"product_tag":[160,401],"class_list":{"0":"post-13334","1":"product","2":"type-product","3":"status-publish","4":"has-post-thumbnail","6":"product_brand-obsessive","7":"product_cat-babydollid","8":"product_tag-obsessive","9":"product_tag-obsessive-rossita-pesukollektsioon","10":"pa_suurus-l-xl","11":"pa_suurus-s-m","12":"pa_varvus-must","14":"first","15":"instock","16":"sold-individually","17":"taxable","18":"shipping-taxable","19":"purchasable","20":"product-type-variable"},"_links":{"self":[{"href":"https:\/\/pesu24.ee\/en\/wp-json\/wp\/v2\/product\/13334","targetHints":{"allow":["GET"]}}],"collection":[{"href":"https:\/\/pesu24.ee\/en\/wp-json\/wp\/v2\/product"}],"about":[{"href":"https:\/\/pesu24.ee\/en\/wp-json\/wp\/v2\/types\/product"}],"replies":[{"embeddable":true,"href":"https:\/\/pesu24.ee\/en\/wp-json\/wp\/v2\/comments?post=13334"}],"wp:featuredmedia":[{"embeddable":true,"href":"https:\/\/pesu24.ee\/en\/wp-json\/wp\/v2\/media\/12850"}],"wp:attachment":[{"href":"https:\/\/pesu24.ee\/en\/wp-json\/wp\/v2\/media?parent=13334"}],"wp:term":[{"taxonomy":"product_brand","embeddable":true,"href":"https:\/\/pesu24.ee\/en\/wp-json\/wp\/v2\/product_brand?post=13334"},{"taxonomy":"product_cat","embeddable":true,"href":"https:\/\/pesu24.ee\/en\/wp-json\/wp\/v2\/product_cat?post=13334"},{"taxonomy":"product_tag","embeddable":true,"href":"https:\/\/pesu24.ee\/en\/wp-json\/wp\/v2\/product_tag?post=13334"}],"curies":[{"name":"wp","href":"https:\/\/api.w.org\/{rel}","templated":true}]}}