{"id":13335,"date":"2025-08-18T17:20:12","date_gmt":"2025-08-18T14:20:12","guid":{"rendered":"https:\/\/pesu24.ee\/?post_type=product&#038;p=13335"},"modified":"2026-03-23T12:01:16","modified_gmt":"2026-03-23T10:01:16","slug":"babydoll-obsessive-delishya-2","status":"publish","type":"product","link":"https:\/\/pesu24.ee\/en\/babydollid\/babydoll-obsessive-delishya-2\/","title":{"rendered":"Babydoll Obsessive Delishya"},"content":{"rendered":"<p>\u00dclimalt seksikas Obsessive Delishya komplekt sisaldab babydolli ja stringe. Babydoll on avatud rinnakorviga ning valmistatud l\u00e4bipaistvast materjalist, mis ei j\u00e4ta k\u00fclmaks mitte \u00fchtegi meest.<\/p>\n<p><strong><span style=\"color: #008000;\">KOMPLEKT SISALDAB:<\/span><\/strong><\/p>\n<ul>\n<li>babydoll<\/li>\n<li>stringid<\/li>\n<li>NB! nibukatted ei kuulu komplekti<\/li>\n<\/ul>\n<p><strong><span style=\"color: #008000;\">DETAILS:<\/span><\/strong><\/p>\n<ul>\n<li>babydoll valmistatud l\u00e4bipaistvast materjalist ja kaunistatud lipsudega<\/li>\n<li>rinnakorv avatud, tugikaartega ja osaliselt polsterdatud<\/li>\n<li>ees ja taga reguleeritavad paelad<\/li>\n<li>taga astmeline kinnistus<\/li>\n<li>valmistatud mugavast ja venivast materjalist (100% pol\u00fcamiid)<\/li>\n<\/ul>\n<p><span style=\"color: #008000;\"><strong>VIDEO<\/strong><\/span><\/p>\n<div class=\"video-container\"><iframe loading=\"lazy\" title=\"PIKANTN\u00cd KO\u0160ILKA DELISHYA BABYDOLL BLACK - OBSESSIVE\" width=\"500\" height=\"281\" src=\"https:\/\/www.youtube.com\/embed\/bZhAqy8_qoQ?feature=oembed&#038;wmode=opaque\" frameborder=\"0\" allow=\"accelerometer; autoplay; clipboard-write; encrypted-media; gyroscope; picture-in-picture; web-share\" referrerpolicy=\"strict-origin-when-cross-origin\" allowfullscreen><\/iframe><\/div>","protected":false},"excerpt":{"rendered":"<p>https:\/\/www.youtube.com\/watch?v=bZhAqy8_qoQ<\/p>","protected":false},"featured_media":12859,"comment_status":"open","ping_status":"closed","template":"","meta":{"_glsr_average":0,"_glsr_ranking":0,"_glsr_reviews":0},"product_brand":[500],"product_cat":[82],"product_tag":[160],"class_list":{"0":"post-13335","1":"product","2":"type-product","3":"status-publish","4":"has-post-thumbnail","6":"product_brand-obsessive","7":"product_cat-babydollid","8":"product_tag-obsessive","9":"pa_suurus-l-xl","10":"pa_suurus-s-m","11":"pa_varvus-must","13":"first","14":"instock","15":"sale","16":"sold-individually","17":"taxable","18":"shipping-taxable","19":"purchasable","20":"product-type-variable"},"_links":{"self":[{"href":"https:\/\/pesu24.ee\/en\/wp-json\/wp\/v2\/product\/13335","targetHints":{"allow":["GET"]}}],"collection":[{"href":"https:\/\/pesu24.ee\/en\/wp-json\/wp\/v2\/product"}],"about":[{"href":"https:\/\/pesu24.ee\/en\/wp-json\/wp\/v2\/types\/product"}],"replies":[{"embeddable":true,"href":"https:\/\/pesu24.ee\/en\/wp-json\/wp\/v2\/comments?post=13335"}],"wp:featuredmedia":[{"embeddable":true,"href":"https:\/\/pesu24.ee\/en\/wp-json\/wp\/v2\/media\/12859"}],"wp:attachment":[{"href":"https:\/\/pesu24.ee\/en\/wp-json\/wp\/v2\/media?parent=13335"}],"wp:term":[{"taxonomy":"product_brand","embeddable":true,"href":"https:\/\/pesu24.ee\/en\/wp-json\/wp\/v2\/product_brand?post=13335"},{"taxonomy":"product_cat","embeddable":true,"href":"https:\/\/pesu24.ee\/en\/wp-json\/wp\/v2\/product_cat?post=13335"},{"taxonomy":"product_tag","embeddable":true,"href":"https:\/\/pesu24.ee\/en\/wp-json\/wp\/v2\/product_tag?post=13335"}],"curies":[{"name":"wp","href":"https:\/\/api.w.org\/{rel}","templated":true}]}}