{"id":13344,"date":"2025-08-18T17:20:12","date_gmt":"2025-08-18T14:20:12","guid":{"rendered":"https:\/\/pesu24.ee\/?post_type=product&#038;p=13344"},"modified":"2025-08-21T12:09:18","modified_gmt":"2025-08-21T09:09:18","slug":"babydoll-obsessive-yassmyne","status":"publish","type":"product","link":"https:\/\/pesu24.ee\/en\/babydollid\/babydoll-obsessive-yassmyne\/","title":{"rendered":"Babydoll Obsessive Yassmyne"},"content":{"rendered":"<p><strong>M\u00f5elge hetkeks ideaalsele pesule, mis on \u00fchtaegu ilus, aga samas v\u00e4ga mugav kanda, meeldiv keha vastas tunda ja \u00fclim\u00f5nus puudutada. Selleks on kindlasti babydoll Osessive Yassmyne.<\/strong><\/p>\n<p>Peen l\u00f5ige, \u00f5rn ja meeldiv materjal ning seksikas v\u00e4limus. See p\u00f5nev babydoll sovbib suurep\u00e4raselt nii hommikuseks \u00e4rkamiseks kui ka romantiliseks \u00f5htuks.<\/p>\n<p>V\u00e4ga meeldiv materjal, mida mugav kanda ja keha vastas tunda ning erootiliselt m\u00f5nus puudutada. Lisaks on tootega kaasas ka fotodel olevad Yassmyne stringid.<\/p>\n<p><span style=\"color: #008000;\"><strong>DETAILS<\/strong><\/span><\/p>\n<ul>\n<li>komplektiks babydoll ja Yassmyne stringid<\/li>\n<li>v\u00f5rgutava ja seksika v\u00e4limusega<\/li>\n<li>rinnahoidJa polsterdatud<\/li>\n<li>reguleeritavad \u00f5lapaelad<\/li>\n<li>tagant astmelise kinnitusega<\/li>\n<li>mugav kanda<\/li>\n<li>m\u00f5nus keha vastas tunda ja puudutada<\/li>\n<li>90% pol\u00fcamiid, 10% elastaan<\/li>\n<\/ul>\n<p>Kui toode meeldib, siis tutvu ka 2-osalise <a href=\"https:\/\/pesu24.ee\/en\/pesukomplektid\/3-osaline-pesukomplekt-obsessive-yassmyne\/\">Yassmyne pesukomplektiga<\/a> ja <a href=\"https:\/\/pesu24.ee\/en\/hommikumantlid\/hommikumantel-obsessive-yassmyne\/\">Yassmyne hommikumantliga<\/a>. Samuti on v\u00f5imalik osta eraldi <a href=\"https:\/\/pesu24.ee\/en\/stringid-puksikud\/stringid-obsessive-yassmyne\/\">Yassmyne stringid<\/a>.<\/p>","protected":false},"excerpt":{"rendered":"<p>&#46;&#46;&#46;<\/p>","protected":false},"featured_media":13224,"comment_status":"open","ping_status":"closed","template":"","meta":{"_glsr_average":0,"_glsr_ranking":0,"_glsr_reviews":0},"product_brand":[500],"product_cat":[82],"product_tag":[160],"class_list":{"0":"post-13344","1":"product","2":"type-product","3":"status-publish","4":"has-post-thumbnail","6":"product_brand-obsessive","7":"product_cat-babydollid","8":"product_tag-obsessive","9":"pa_suurus-l-xl","10":"pa_suurus-s-m","11":"pa_varvus-sinine","13":"first","14":"instock","15":"sold-individually","16":"taxable","17":"shipping-taxable","18":"purchasable","19":"product-type-variable"},"_links":{"self":[{"href":"https:\/\/pesu24.ee\/en\/wp-json\/wp\/v2\/product\/13344","targetHints":{"allow":["GET"]}}],"collection":[{"href":"https:\/\/pesu24.ee\/en\/wp-json\/wp\/v2\/product"}],"about":[{"href":"https:\/\/pesu24.ee\/en\/wp-json\/wp\/v2\/types\/product"}],"replies":[{"embeddable":true,"href":"https:\/\/pesu24.ee\/en\/wp-json\/wp\/v2\/comments?post=13344"}],"wp:featuredmedia":[{"embeddable":true,"href":"https:\/\/pesu24.ee\/en\/wp-json\/wp\/v2\/media\/13224"}],"wp:attachment":[{"href":"https:\/\/pesu24.ee\/en\/wp-json\/wp\/v2\/media?parent=13344"}],"wp:term":[{"taxonomy":"product_brand","embeddable":true,"href":"https:\/\/pesu24.ee\/en\/wp-json\/wp\/v2\/product_brand?post=13344"},{"taxonomy":"product_cat","embeddable":true,"href":"https:\/\/pesu24.ee\/en\/wp-json\/wp\/v2\/product_cat?post=13344"},{"taxonomy":"product_tag","embeddable":true,"href":"https:\/\/pesu24.ee\/en\/wp-json\/wp\/v2\/product_tag?post=13344"}],"curies":[{"name":"wp","href":"https:\/\/api.w.org\/{rel}","templated":true}]}}