{"id":13346,"date":"2025-08-18T17:20:12","date_gmt":"2025-08-18T14:20:12","guid":{"rendered":"https:\/\/pesu24.ee\/?post_type=product&#038;p=13346"},"modified":"2025-12-15T16:08:53","modified_gmt":"2025-12-15T13:08:53","slug":"babydoll-obsessive-838-must","status":"publish","type":"product","link":"https:\/\/pesu24.ee\/en\/babydollid\/babydoll-obsessive-838-must\/","title":{"rendered":"Babydoll Obsessive 838"},"content":{"rendered":"<p>Obsessive 838 on v\u00fcrtsikas, julge ja \u00e4\u00e4rmiselt seksikas babydoll. Toode on valmistatud pooll\u00e4bipaistvast Multistretch kangast ning kaunistatud lillemotiivilise pitsiga. Seksikust lisab rinnakorvi vahel olev ripats.<\/p>\n<p>Toode saadaval ka <a href=\"https:\/\/pesu24.ee\/en\/babydollid\/babydoll-obsessive-838\/\">punase v\u00e4rvina<\/a>.<\/p>\n<p><span style=\"color: #008000;\"><strong>KOMPLEKT SISALDAB:<\/strong><\/span><\/p>\n<ul>\n<li>babydoll<\/li>\n<li>stringid<\/li>\n<\/ul>\n<p><span style=\"color: #008000;\"><strong>DETAILS:<\/strong><\/span><\/p>\n<ul>\n<li>color black<\/li>\n<li>kaunistatud pitsiga<\/li>\n<li>pehme rinnakorv<\/li>\n<li>reguleeritavad ristuvad \u00f5lapaelad<\/li>\n<li>rinnakorvi vahel ripats<\/li>\n<li>mugav ja elastne Multistretch kangas (90% pol\u00fcamiid, 10% elastaan)<\/li>\n<\/ul>\n<p><span style=\"color: #008000;\"><strong>VIDEO:<\/strong><\/span><\/p>\n<div class=\"video-container\"><iframe loading=\"lazy\" title=\"N\u00c1DHERN\u00c1 KO\u0160ILKA 838 - BAB BLACK - OBSESSIVE\" width=\"500\" height=\"281\" src=\"https:\/\/www.youtube.com\/embed\/enCUw-BQEoM?feature=oembed&#038;wmode=opaque\" frameborder=\"0\" allow=\"accelerometer; autoplay; clipboard-write; encrypted-media; gyroscope; picture-in-picture; web-share\" referrerpolicy=\"strict-origin-when-cross-origin\" allowfullscreen><\/iframe><\/div>","protected":false},"excerpt":{"rendered":"<p>https:\/\/www.youtube.com\/watch?v=enCUw-BQEoM<\/p>","protected":false},"featured_media":13237,"comment_status":"open","ping_status":"closed","template":"","meta":{"_glsr_average":0,"_glsr_ranking":0,"_glsr_reviews":0},"product_brand":[500],"product_cat":[82],"product_tag":[160,129],"class_list":{"0":"post-13346","1":"product","2":"type-product","3":"status-publish","4":"has-post-thumbnail","6":"product_brand-obsessive","7":"product_cat-babydollid","8":"product_tag-obsessive","9":"product_tag-obsessive-838-pesukollektsioon","10":"pa_suurus-l-xl","11":"pa_suurus-s-m","12":"pa_suurus-xxl","13":"pa_varvus-must","15":"first","16":"instock","17":"sold-individually","18":"taxable","19":"shipping-taxable","20":"purchasable","21":"product-type-variable"},"_links":{"self":[{"href":"https:\/\/pesu24.ee\/en\/wp-json\/wp\/v2\/product\/13346","targetHints":{"allow":["GET"]}}],"collection":[{"href":"https:\/\/pesu24.ee\/en\/wp-json\/wp\/v2\/product"}],"about":[{"href":"https:\/\/pesu24.ee\/en\/wp-json\/wp\/v2\/types\/product"}],"replies":[{"embeddable":true,"href":"https:\/\/pesu24.ee\/en\/wp-json\/wp\/v2\/comments?post=13346"}],"wp:featuredmedia":[{"embeddable":true,"href":"https:\/\/pesu24.ee\/en\/wp-json\/wp\/v2\/media\/13237"}],"wp:attachment":[{"href":"https:\/\/pesu24.ee\/en\/wp-json\/wp\/v2\/media?parent=13346"}],"wp:term":[{"taxonomy":"product_brand","embeddable":true,"href":"https:\/\/pesu24.ee\/en\/wp-json\/wp\/v2\/product_brand?post=13346"},{"taxonomy":"product_cat","embeddable":true,"href":"https:\/\/pesu24.ee\/en\/wp-json\/wp\/v2\/product_cat?post=13346"},{"taxonomy":"product_tag","embeddable":true,"href":"https:\/\/pesu24.ee\/en\/wp-json\/wp\/v2\/product_tag?post=13346"}],"curies":[{"name":"wp","href":"https:\/\/api.w.org\/{rel}","templated":true}]}}