{"id":13349,"date":"2025-08-18T17:20:12","date_gmt":"2025-08-18T14:20:12","guid":{"rendered":"https:\/\/pesu24.ee\/?post_type=product&#038;p=13349"},"modified":"2025-08-20T14:55:38","modified_gmt":"2025-08-20T11:55:38","slug":"babydoll-obsessive-claussica","status":"publish","type":"product","link":"https:\/\/pesu24.ee\/en\/babydollid\/babydoll-obsessive-claussica\/","title":{"rendered":"Babydoll Obsessive Claussica"},"content":{"rendered":"<p>Obsessive Claussica on \u00fclimalt seksikas komplekt pimedateks \u00f5htuteks, millega muuta saabuv j\u00f5uluaeg veelgi p\u00f5nevamaks. Babydoll on valmistatud seksikast punasest kangast, mis on kaunistatud lumehelvestest mustriga. Sensuaalsust lisavad kaks valget kaunistust rinnakorvi juures.<\/p>\n<p>Tutvuge ka teiste\u00a0<a href=\"https:\/\/pesu24.ee\/en\/omadus\/obsessive-christmas\/\">Obsessive Christmas<\/a>\u00a0pesukollektsiooni toodetega.<\/p>\n<p><span style=\"color: #008000;\"><strong>KOMPLEKT SISALDAB:<\/strong><\/span><\/p>\n<ul>\n<li>babydoll<\/li>\n<li>stringid<\/li>\n<\/ul>\n<p><span style=\"color: #008000;\"><strong>DETAILS:<\/strong><\/span><\/p>\n<ul>\n<li>naiseliku l\u00f5ikega babydoll<\/li>\n<li>kaunistatud lumehelveste mustriga<\/li>\n<li>kelmikad valged kaunistusereguleeritavad \u00f5lapaelad<\/li>\n<li>tagant paeltega kinnituv<\/li>\n<li>mugav kinnistus seljal<\/li>\n<li>mugav &amp; elastne kangas (82% pol\u00fcamiid, 18% elastaan)<\/li>\n<\/ul>","protected":false},"excerpt":{"rendered":"<p>&#46;&#46;&#46;<\/p>","protected":false},"featured_media":13258,"comment_status":"open","ping_status":"closed","template":"","meta":{"_glsr_average":0,"_glsr_ranking":0,"_glsr_reviews":0},"product_brand":[500],"product_cat":[82],"product_tag":[160,413,414],"class_list":{"0":"post-13349","1":"product","2":"type-product","3":"status-publish","4":"has-post-thumbnail","6":"product_brand-obsessive","7":"product_cat-babydollid","8":"product_tag-obsessive","9":"product_tag-obsessive-christmas","10":"product_tag-obsessive-joulukollektsioonid","11":"pa_suurus-m-l","12":"pa_suurus-xs-s","13":"pa_suurus-xxl-xxxl","14":"pa_varvus-punane","16":"first","17":"instock","18":"sold-individually","19":"taxable","20":"shipping-taxable","21":"purchasable","22":"product-type-variable"},"_links":{"self":[{"href":"https:\/\/pesu24.ee\/en\/wp-json\/wp\/v2\/product\/13349","targetHints":{"allow":["GET"]}}],"collection":[{"href":"https:\/\/pesu24.ee\/en\/wp-json\/wp\/v2\/product"}],"about":[{"href":"https:\/\/pesu24.ee\/en\/wp-json\/wp\/v2\/types\/product"}],"replies":[{"embeddable":true,"href":"https:\/\/pesu24.ee\/en\/wp-json\/wp\/v2\/comments?post=13349"}],"wp:featuredmedia":[{"embeddable":true,"href":"https:\/\/pesu24.ee\/en\/wp-json\/wp\/v2\/media\/13258"}],"wp:attachment":[{"href":"https:\/\/pesu24.ee\/en\/wp-json\/wp\/v2\/media?parent=13349"}],"wp:term":[{"taxonomy":"product_brand","embeddable":true,"href":"https:\/\/pesu24.ee\/en\/wp-json\/wp\/v2\/product_brand?post=13349"},{"taxonomy":"product_cat","embeddable":true,"href":"https:\/\/pesu24.ee\/en\/wp-json\/wp\/v2\/product_cat?post=13349"},{"taxonomy":"product_tag","embeddable":true,"href":"https:\/\/pesu24.ee\/en\/wp-json\/wp\/v2\/product_tag?post=13349"}],"curies":[{"name":"wp","href":"https:\/\/api.w.org\/{rel}","templated":true}]}}