{"id":13350,"date":"2025-10-21T17:20:12","date_gmt":"2025-10-21T14:20:12","guid":{"rendered":"https:\/\/pesu24.ee\/?post_type=product&#038;p=13350"},"modified":"2025-12-17T16:12:29","modified_gmt":"2025-12-17T13:12:29","slug":"babydoll-axami-v-10029","status":"publish","type":"product","link":"https:\/\/pesu24.ee\/en\/babydollid\/babydoll-axami-v-10029\/","title":{"rendered":"Babydoll Axami V-10029"},"content":{"rendered":"<p><strong>Troopilise tiigrimotiiviga eksootiline babydoll Axami V-10029, mis on vastupandamatu ettepanek t\u00f5elistele kiskjatele. Lai, madal dekoltee t\u00f5mbab t\u00e4helepanu ning kauni t\u00fclliga \u00e4\u00e4ristatud dekoltee jahutab neid kuumasid emotsioone.<\/strong><\/p>\n<p>Satiinist tiigrimotiiviga muster ulatub rinnakorvist kuni babydolli alusservani ja on seljaosas kolmnurkse geomeetriaga. K\u00fcljed ja seljaosa on viimistletud peene ja pehme t\u00fclliga.<\/p>\n<p>Keskel, rindade vahelises osas, kaunis satiinist topeltpael, millel kahekordne kuldne r\u00f5ngas. Babydoll on reguleeritav selja &#8211; ja kaela taga oleva paela abil.<\/p>\n<p>Komplektis on ka v\u00f5rgutavad stringid, mille esiosa kaunistatud sama tiigrimotiiviga (vaata tootefotosid) ning k\u00fcljed pehmest ja peenest t\u00fcllist.<\/p>\n<p><span style=\"color: #008000;\"><strong>OMADUSED<\/strong><\/span><\/p>\n<ul>\n<li>tootja <a href=\"https:\/\/pesu24.ee\/en\/omadus\/axami\/\">Axami<\/a><\/li>\n<li>set includes babydoll and thong<\/li>\n<li>babydoll selja &#8211; ja kaela tagant reguleeritav seotava paela abil<\/li>\n<li>meeldiv ja peen materjal<\/li>\n<li>mugav kanda, meeldiv puudutada<\/li>\n<li>94% pol\u00fcamiid, 5% elastaan, 1% puuvill<\/li>\n<li>saadaval suurustes XS kuni XL<\/li>\n<\/ul>\n<p>PS! Kui sobivat suurust valikus ei ole, v\u00f5ta julgesti \u00fchendust aadressil support@pesu24.ee. Kui valik n\u00e4itab j\u00e4reltellimisel, siis see suurus on hetkel laost otsas ja p\u00e4rast ostu sooritamist see tellitakse (kuni 14 t\u00f6\u00f6p\u00e4eva)<\/p>","protected":false},"excerpt":{"rendered":"<p>&#46;&#46;&#46;<\/p>","protected":false},"featured_media":13266,"comment_status":"open","ping_status":"closed","template":"","meta":{"_glsr_average":0,"_glsr_ranking":0,"_glsr_reviews":0},"product_brand":[502],"product_cat":[82],"product_tag":[333,334],"class_list":{"0":"post-13350","1":"product","2":"type-product","3":"status-publish","4":"has-post-thumbnail","6":"product_brand-axami","7":"product_cat-babydollid","8":"product_tag-axami","9":"product_tag-sensual-paradise","10":"pa_suurus-l","11":"pa_suurus-m","12":"pa_suurus-s","13":"pa_suurus-xl","14":"pa_varvus-leopard","15":"pa_varvus-must","17":"first","18":"instock","19":"sold-individually","20":"taxable","21":"shipping-taxable","22":"purchasable","23":"product-type-variable"},"_links":{"self":[{"href":"https:\/\/pesu24.ee\/en\/wp-json\/wp\/v2\/product\/13350","targetHints":{"allow":["GET"]}}],"collection":[{"href":"https:\/\/pesu24.ee\/en\/wp-json\/wp\/v2\/product"}],"about":[{"href":"https:\/\/pesu24.ee\/en\/wp-json\/wp\/v2\/types\/product"}],"replies":[{"embeddable":true,"href":"https:\/\/pesu24.ee\/en\/wp-json\/wp\/v2\/comments?post=13350"}],"wp:featuredmedia":[{"embeddable":true,"href":"https:\/\/pesu24.ee\/en\/wp-json\/wp\/v2\/media\/13266"}],"wp:attachment":[{"href":"https:\/\/pesu24.ee\/en\/wp-json\/wp\/v2\/media?parent=13350"}],"wp:term":[{"taxonomy":"product_brand","embeddable":true,"href":"https:\/\/pesu24.ee\/en\/wp-json\/wp\/v2\/product_brand?post=13350"},{"taxonomy":"product_cat","embeddable":true,"href":"https:\/\/pesu24.ee\/en\/wp-json\/wp\/v2\/product_cat?post=13350"},{"taxonomy":"product_tag","embeddable":true,"href":"https:\/\/pesu24.ee\/en\/wp-json\/wp\/v2\/product_tag?post=13350"}],"curies":[{"name":"wp","href":"https:\/\/api.w.org\/{rel}","templated":true}]}}