{"id":13352,"date":"2025-10-23T00:00:12","date_gmt":"2025-10-22T21:00:12","guid":{"rendered":"https:\/\/pesu24.ee\/?post_type=product&#038;p=13352"},"modified":"2025-10-23T12:24:18","modified_gmt":"2025-10-23T09:24:18","slug":"babydoll-axami-v-9509","status":"publish","type":"product","link":"https:\/\/pesu24.ee\/en\/babydollid\/babydoll-axami-v-9509\/","title":{"rendered":"Babydoll Axami V-9509"},"content":{"rendered":"<p><strong>L\u00e4bipaistvast pitsist \u00e4\u00e4rmiselt naiselik babydoll V-9509 paljastab keha kaunima ilu. See babydoll sobitub ideaalselt ning selle puudutus kehal on sensuaalne kogemus ja j\u00e4tab unustamatu mulje.<\/strong><\/p>\n<p>Babydoll \u00f5lapaeladest reguleeritav ja kaela tagant seotav. Lisaks komplektiga kaasa ka tootefotodel olevad mustast pitsist stringist.<\/p>\n<div class=\"omadused\">\n<p>Details<\/p>\n<ul>\n<li>komplektis naiselik babydoll ja stringid<\/li>\n<li>mustast l\u00e4bipaistvast pitsist<\/li>\n<li>\u00f5lapaeladest reguleeritav, tagant astmelise kinnisutsega<\/li>\n<li>saadaval suurustes S kuni XL<\/li>\n<li>80% pol\u00fcamiid, viskoos 2%, puuvill 1%<\/li>\n<\/ul>\n<\/div>","protected":false},"excerpt":{"rendered":"<p>&#46;&#46;&#46;<\/p>","protected":false},"featured_media":12914,"comment_status":"open","ping_status":"closed","template":"","meta":{"_glsr_average":0,"_glsr_ranking":0,"_glsr_reviews":0},"product_brand":[502],"product_cat":[82],"product_tag":[333,436],"class_list":{"0":"post-13352","1":"product","2":"type-product","3":"status-publish","4":"has-post-thumbnail","6":"product_brand-axami","7":"product_cat-babydollid","8":"product_tag-axami","9":"product_tag-malaca-loca","10":"pa_suurus-l","11":"pa_suurus-m","12":"pa_suurus-s","13":"pa_suurus-xl","14":"pa_varvus-must","16":"first","17":"instock","18":"sold-individually","19":"taxable","20":"shipping-taxable","21":"purchasable","22":"product-type-variable"},"_links":{"self":[{"href":"https:\/\/pesu24.ee\/en\/wp-json\/wp\/v2\/product\/13352","targetHints":{"allow":["GET"]}}],"collection":[{"href":"https:\/\/pesu24.ee\/en\/wp-json\/wp\/v2\/product"}],"about":[{"href":"https:\/\/pesu24.ee\/en\/wp-json\/wp\/v2\/types\/product"}],"replies":[{"embeddable":true,"href":"https:\/\/pesu24.ee\/en\/wp-json\/wp\/v2\/comments?post=13352"}],"wp:featuredmedia":[{"embeddable":true,"href":"https:\/\/pesu24.ee\/en\/wp-json\/wp\/v2\/media\/12914"}],"wp:attachment":[{"href":"https:\/\/pesu24.ee\/en\/wp-json\/wp\/v2\/media?parent=13352"}],"wp:term":[{"taxonomy":"product_brand","embeddable":true,"href":"https:\/\/pesu24.ee\/en\/wp-json\/wp\/v2\/product_brand?post=13352"},{"taxonomy":"product_cat","embeddable":true,"href":"https:\/\/pesu24.ee\/en\/wp-json\/wp\/v2\/product_cat?post=13352"},{"taxonomy":"product_tag","embeddable":true,"href":"https:\/\/pesu24.ee\/en\/wp-json\/wp\/v2\/product_tag?post=13352"}],"curies":[{"name":"wp","href":"https:\/\/api.w.org\/{rel}","templated":true}]}}