{"id":13357,"date":"2025-10-24T00:02:18","date_gmt":"2025-10-23T21:02:18","guid":{"rendered":"https:\/\/pesu24.ee\/?post_type=product&#038;p=13357"},"modified":"2025-10-24T14:09:29","modified_gmt":"2025-10-24T11:09:29","slug":"babydoll-axami-v-9589-kaasa-stringid","status":"publish","type":"product","link":"https:\/\/pesu24.ee\/en\/babydollid\/babydoll-axami-v-9589-kaasa-stringid\/","title":{"rendered":"Babydoll Axami V-9589 (kaasa stringid)"},"content":{"rendered":"<p><strong>L\u00e4bipaistev, \u00e4\u00e4rmiselt naiselik punane babydoll Axami V-9609 toob esile naiseliku ilu igast k\u00fcljest. See on <a href=\"https:\/\/pesu24.ee\/en\/omadus\/summer-love\/\">Summer Love<\/a> pesukollektsiooni kuuluv suviselt \u00f5hku ja kaunis babydoll.<\/strong><\/p>\n<p>Babydoll on \u00f5lapaeladest reguleeritav ja kaela tagant seotav. Lisaks tuleb babydolliga kaasa ka tootefotodel olevad punane stringid.<\/p>\n<div class=\"omadused\">\n<p>Details<\/p>\n<ul>\n<li>set includes babydoll and thong<\/li>\n<li>v\u00e4rvus punane<\/li>\n<li>pooll\u00e4bipaistev kangas<\/li>\n<li>rinnakorv pehme, ilma polsterduste ja tugikaarteta<\/li>\n<li>adjustable shoulder straps<\/li>\n<li>kaela tagant seotav<\/li>\n<li>elastne, meeldiv kangas<\/li>\n<li>saadaval ka punast v\u00e4rvi (tutvu babydolliga <a href=\"https:\/\/pesu24.ee\/en\/babydollid\/babydoll-axami-v-9609-kaasa-stringid\/\">Axami V-9589<\/a>)<\/li>\n<li>pol\u00fcamiid 97%, viskoos 2%, puuvill 1%<\/li>\n<\/ul>\n<\/div>\n<p>&nbsp;<\/p>","protected":false},"excerpt":{"rendered":"<p>&#46;&#46;&#46;<\/p>","protected":false},"featured_media":29335,"comment_status":"open","ping_status":"closed","template":"","meta":{"_glsr_average":0,"_glsr_ranking":0,"_glsr_reviews":0},"product_brand":[502],"product_cat":[82],"product_tag":[333,440],"class_list":{"0":"post-13357","1":"product","2":"type-product","3":"status-publish","4":"has-post-thumbnail","6":"product_brand-axami","7":"product_cat-babydollid","8":"product_tag-axami","9":"product_tag-summer-love","10":"pa_suurus-l","11":"pa_suurus-m","12":"pa_suurus-s","13":"pa_suurus-xl","14":"pa_varvus-punane","16":"first","17":"instock","18":"sold-individually","19":"taxable","20":"shipping-taxable","21":"purchasable","22":"product-type-variable"},"_links":{"self":[{"href":"https:\/\/pesu24.ee\/en\/wp-json\/wp\/v2\/product\/13357","targetHints":{"allow":["GET"]}}],"collection":[{"href":"https:\/\/pesu24.ee\/en\/wp-json\/wp\/v2\/product"}],"about":[{"href":"https:\/\/pesu24.ee\/en\/wp-json\/wp\/v2\/types\/product"}],"replies":[{"embeddable":true,"href":"https:\/\/pesu24.ee\/en\/wp-json\/wp\/v2\/comments?post=13357"}],"wp:featuredmedia":[{"embeddable":true,"href":"https:\/\/pesu24.ee\/en\/wp-json\/wp\/v2\/media\/29335"}],"wp:attachment":[{"href":"https:\/\/pesu24.ee\/en\/wp-json\/wp\/v2\/media?parent=13357"}],"wp:term":[{"taxonomy":"product_brand","embeddable":true,"href":"https:\/\/pesu24.ee\/en\/wp-json\/wp\/v2\/product_brand?post=13357"},{"taxonomy":"product_cat","embeddable":true,"href":"https:\/\/pesu24.ee\/en\/wp-json\/wp\/v2\/product_cat?post=13357"},{"taxonomy":"product_tag","embeddable":true,"href":"https:\/\/pesu24.ee\/en\/wp-json\/wp\/v2\/product_tag?post=13357"}],"curies":[{"name":"wp","href":"https:\/\/api.w.org\/{rel}","templated":true}]}}