{"id":13358,"date":"2025-08-18T17:20:18","date_gmt":"2025-08-18T14:20:18","guid":{"rendered":"https:\/\/pesu24.ee\/?post_type=product&#038;p=13358"},"modified":"2025-12-15T16:02:45","modified_gmt":"2025-12-15T13:02:45","slug":"babydoll-obsessive-heavenlly","status":"publish","type":"product","link":"https:\/\/pesu24.ee\/en\/babydollid\/babydoll-obsessive-heavenlly\/","title":{"rendered":"Babydoll Obsessive Heavenlly"},"content":{"rendered":"<p>Obsessive Heavenlly babydoll on unikaalne ja v\u00f5rgutav pesukomplekt, mis sulatab elegantsi ja sensuaalsust \u00fcheks. See babydoll on valmistatud kvaliteetsest ja pehmest materjalist, mis tagab mugavuse ja luksusliku tunnetuse.<\/p>\n<p>Heavenlly babydoll&#8217;il on \u00f5rnalt l\u00e4bipaistev kangas, mis paljastab kelmikalt naha, j\u00e4ttes samas midagi fantaasiatele. Sellel on kaunistused detailse pitsiga, mis annavad sellele eriti ahvatleva ja luksusliku v\u00e4limuse. Babydoll on \u00f5huline ja keha\u00fcmberm\u00f5\u00f5tu r\u00f5hutav, andes teile naiseliku ja seksika v\u00e4limuse.<\/p>\n<p>Obsessive Heavenlly babydoll&#8217;il on reguleeritavad \u00f5lapaelad, mis tagavad t\u00e4iusliku istuvuse ja mugavuse. Sellel on kaunid lillelised detailid, mis loovad romantilise ja v\u00f5rgutava \u00f5hkkonna.<\/p>\n<p>Babydoll on saadaval erinevates suurustes, v\u00f5imaldab teil leida t\u00e4pselt teie kehakujule ja maitsele sobiva komplekti. See on ideaalne valik romantilisteks \u00f5htuteks v\u00f5i erilisteks hetkedeks oma partneriga, pakkudes teile enesekindlust ja v\u00f5rgutavat elegantsi. Heavenlly babydoll sulandab harmooniliselt koosseisu sensuaalsust ja luksust, lootes unustamatuid ja erutavaid kogemusi.<\/p>\n<p><span style=\"color: #008000;\"><strong>KOMPLEKT SISALDAB:<\/strong><\/span><\/p>\n<ul>\n<li>babydoll<\/li>\n<li>stringid<\/li>\n<\/ul>\n<p><span style=\"color: #008000;\"><strong>DETAILS:<\/strong><\/span><\/p>\n<ul>\n<li>reguleeritavad paelad \u00f5lgadel ja seljal<\/li>\n<li>\u00f5huline l\u00f5ike<\/li>\n<li>kaunistatud lillemotiiviga<\/li>\n<li>ees ripats<\/li>\n<li>pooll\u00e4bipaistev materjal<\/li>\n<li>valmistatud mugavast &amp; elastsest kangast (94% pol\u00fcamiid &amp; 6% elastaan)<\/li>\n<\/ul>\n<p><span style=\"color: #008000;\"><strong>VIDEO<\/strong><\/span><\/p>\n<div class=\"video-container\"><iframe loading=\"lazy\" title=\"SMYSLN\u00c1 KO\u0160ILKA HEAVENLLY BABYDOLL - OBSESSIVE\" width=\"500\" height=\"281\" src=\"https:\/\/www.youtube.com\/embed\/8ST7sjv_Og8?feature=oembed&#038;wmode=opaque\" frameborder=\"0\" allow=\"accelerometer; autoplay; clipboard-write; encrypted-media; gyroscope; picture-in-picture; web-share\" referrerpolicy=\"strict-origin-when-cross-origin\" allowfullscreen><\/iframe><\/div>","protected":false},"excerpt":{"rendered":"<p>&#46;&#46;&#46;<\/p>","protected":false},"featured_media":13015,"comment_status":"open","ping_status":"closed","template":"","meta":{"_glsr_average":0,"_glsr_ranking":0,"_glsr_reviews":0},"product_brand":[500],"product_cat":[82],"product_tag":[443,160],"class_list":{"0":"post-13358","1":"product","2":"type-product","3":"status-publish","4":"has-post-thumbnail","6":"product_brand-obsessive","7":"product_cat-babydollid","8":"product_tag-heavenlly","9":"product_tag-obsessive","10":"pa_suurus-m-l","11":"pa_suurus-xl-xxl","12":"pa_suurus-xs-s","13":"pa_varvus-valge","15":"first","16":"instock","17":"sold-individually","18":"taxable","19":"shipping-taxable","20":"purchasable","21":"product-type-variable"},"_links":{"self":[{"href":"https:\/\/pesu24.ee\/en\/wp-json\/wp\/v2\/product\/13358","targetHints":{"allow":["GET"]}}],"collection":[{"href":"https:\/\/pesu24.ee\/en\/wp-json\/wp\/v2\/product"}],"about":[{"href":"https:\/\/pesu24.ee\/en\/wp-json\/wp\/v2\/types\/product"}],"replies":[{"embeddable":true,"href":"https:\/\/pesu24.ee\/en\/wp-json\/wp\/v2\/comments?post=13358"}],"wp:featuredmedia":[{"embeddable":true,"href":"https:\/\/pesu24.ee\/en\/wp-json\/wp\/v2\/media\/13015"}],"wp:attachment":[{"href":"https:\/\/pesu24.ee\/en\/wp-json\/wp\/v2\/media?parent=13358"}],"wp:term":[{"taxonomy":"product_brand","embeddable":true,"href":"https:\/\/pesu24.ee\/en\/wp-json\/wp\/v2\/product_brand?post=13358"},{"taxonomy":"product_cat","embeddable":true,"href":"https:\/\/pesu24.ee\/en\/wp-json\/wp\/v2\/product_cat?post=13358"},{"taxonomy":"product_tag","embeddable":true,"href":"https:\/\/pesu24.ee\/en\/wp-json\/wp\/v2\/product_tag?post=13358"}],"curies":[{"name":"wp","href":"https:\/\/api.w.org\/{rel}","templated":true}]}}