{"id":13359,"date":"2026-01-23T14:20:18","date_gmt":"2026-01-23T11:20:18","guid":{"rendered":"https:\/\/pesu24.ee\/?post_type=product&#038;p=13359"},"modified":"2026-01-23T17:17:37","modified_gmt":"2026-01-23T14:17:37","slug":"babydoll-obsessive-donna-dream","status":"publish","type":"product","link":"https:\/\/pesu24.ee\/en\/babydollid\/babydoll-obsessive-donna-dream\/","title":{"rendered":"Babydoll Obsessive Donna Dream"},"content":{"rendered":"<p><strong>Obsessive Donna Dream babydoll<\/strong> on valmistatud siidisest kangast. L\u00f5ige r\u00f5hutab naiselikke jooni ja kumerusi.<\/p>\n<p>Babydollil on reguleeritavad \u00f5lapaelad ja rinnakorvil tugikaared.\u00a0Lisaks babydollile kuulub Donna Dream komplekti ka kokkusobivad stringid, et t\u00e4iendada pesu \u00fcldilmet ja luua kaunis koosk\u00f5la.<\/p>\n<div class=\"omadused\">\n<p>Omadused<\/p>\n<ul>\n<li>komplekt\u00a0babydoll ja stringid<\/li>\n<li>sensuaalse l\u00f5ikega babydoll<\/li>\n<li>s\u00fcgav musta tooni<\/li>\n<li>taga astmeline kinnitus<\/li>\n<li>reguleeritavad \u00f5lapaelad<\/li>\n<li>rinnakorvil tugikaared<\/li>\n<li>rinnakorvi osa valmistatud pitsist, ees ripats<\/li>\n<li>valmistatud mugavast &amp; elastsest kangast (85% pol\u00fcamiid &amp; 15% elastaan)<\/li>\n<\/ul>\n<p>Tutvuge ka teiste <a href=\"https:\/\/pesu24.ee\/en\/omadus\/donna-dream\/\">Obsessive Donna Dream<\/a>\u00a0pesukollektsiooni toodetega.<\/p>\n<\/div>","protected":false},"excerpt":{"rendered":"<p>&#46;&#46;&#46;<\/p>","protected":false},"featured_media":29289,"comment_status":"open","ping_status":"closed","template":"","meta":{"_glsr_average":0,"_glsr_ranking":0,"_glsr_reviews":0},"product_brand":[500],"product_cat":[82],"product_tag":[449,160],"class_list":{"0":"post-13359","1":"product","2":"type-product","3":"status-publish","4":"has-post-thumbnail","6":"product_brand-obsessive","7":"product_cat-babydollid","8":"product_tag-donna-dream","9":"product_tag-obsessive","10":"pa_suurus-m-l","11":"pa_suurus-xl-xxl","12":"pa_suurus-xs-s","13":"pa_varvus-must","15":"first","16":"instock","17":"sold-individually","18":"taxable","19":"shipping-taxable","20":"purchasable","21":"product-type-variable"},"_links":{"self":[{"href":"https:\/\/pesu24.ee\/en\/wp-json\/wp\/v2\/product\/13359","targetHints":{"allow":["GET"]}}],"collection":[{"href":"https:\/\/pesu24.ee\/en\/wp-json\/wp\/v2\/product"}],"about":[{"href":"https:\/\/pesu24.ee\/en\/wp-json\/wp\/v2\/types\/product"}],"replies":[{"embeddable":true,"href":"https:\/\/pesu24.ee\/en\/wp-json\/wp\/v2\/comments?post=13359"}],"wp:featuredmedia":[{"embeddable":true,"href":"https:\/\/pesu24.ee\/en\/wp-json\/wp\/v2\/media\/29289"}],"wp:attachment":[{"href":"https:\/\/pesu24.ee\/en\/wp-json\/wp\/v2\/media?parent=13359"}],"wp:term":[{"taxonomy":"product_brand","embeddable":true,"href":"https:\/\/pesu24.ee\/en\/wp-json\/wp\/v2\/product_brand?post=13359"},{"taxonomy":"product_cat","embeddable":true,"href":"https:\/\/pesu24.ee\/en\/wp-json\/wp\/v2\/product_cat?post=13359"},{"taxonomy":"product_tag","embeddable":true,"href":"https:\/\/pesu24.ee\/en\/wp-json\/wp\/v2\/product_tag?post=13359"}],"curies":[{"name":"wp","href":"https:\/\/api.w.org\/{rel}","templated":true}]}}