{"id":13361,"date":"2025-10-24T00:01:18","date_gmt":"2025-10-23T21:01:18","guid":{"rendered":"https:\/\/pesu24.ee\/?post_type=product&#038;p=13361"},"modified":"2025-10-24T14:10:35","modified_gmt":"2025-10-24T11:10:35","slug":"lateks-rinnakorviga-babydoll-axami-v-9789","status":"publish","type":"product","link":"https:\/\/pesu24.ee\/en\/babydollid\/lateks-rinnakorviga-babydoll-axami-v-9789\/","title":{"rendered":"Lateks rinnakorviga babydoll Axami V-9789"},"content":{"rendered":"<p><strong>Kujutage ette t\u00e4iuslikku kombinatsiooni kergusest ja kirglikkusest. <a href=\"https:\/\/pesu24.ee\/en\/omadus\/love-cave\/\" target=\"_blank\" rel=\"noopener\">Love Cave<\/a> pesukollektsiooni kuulub Axami babydoll V-9789 on loodud just sellise kombinatsiooniga. <\/strong><\/p>\n<p>\u00d5rnalt l\u00e4bipaistev, rikkalikult kaunistatud must pits katab keha, samas kui s\u00e4rav lateksist rinnahoidja osa pakub erutavalt stimuleerivat tunnetuse m\u00e4ngu. Kergesti reguleeritavad ristuvad rihmad lisavad sellele ainulaadsele disainile praktilisust, tagades samas ideaalse sobivuse.<\/p>\n<p>Komplekti kuuluvad ka lateksist stringid, mis t\u00e4iendavad selle babydolli pilkup\u00fc\u00fcdvat v\u00e4limust. Kuigi babydolli rinnakorvi osa on pehme ilma polsterduste ja tugikaarteta, on see loodud pakkuma mugavust ja enesekindlust kandjale.<\/p>\n<p>Saadaval suurustes: XS, S, M, L ja XL. Kui soovitud suurust ei ole valikus, siis kirjuta meile julgelt support@pesu24.ee, et anda teada, millal soovitud suurus lattu saabub.<\/p>\n<div class=\"omadused\">\n<p>Details<\/p>\n<ul>\n<li>set includes babydoll and thong<\/li>\n<li>rinnakorv pehme, ilma polsterduste ja tugikaartega<\/li>\n<li>rinnakorv ja stringid wetlook \/ lateksstiilis materjalist<\/li>\n<li>alumine osa mustast pitsist<\/li>\n<li>adjustable shoulder straps<\/li>\n<li>v\u00e4ga mugav kanda, keha vastas tunda, meeldiv puudutada<\/li>\n<li>69% pol\u00fcamiid, 28% pol\u00fcester, 2% elastaan, 1% puuvill<\/li>\n<\/ul>\n<\/div>","protected":false},"excerpt":{"rendered":"<p>&#46;&#46;&#46;<\/p>","protected":false},"featured_media":29336,"comment_status":"open","ping_status":"closed","template":"","meta":{"_glsr_average":0,"_glsr_ranking":0,"_glsr_reviews":0},"product_brand":[502],"product_cat":[82],"product_tag":[333,398,445],"class_list":{"0":"post-13361","1":"product","2":"type-product","3":"status-publish","4":"has-post-thumbnail","6":"product_brand-axami","7":"product_cat-babydollid","8":"product_tag-axami","9":"product_tag-latekspesu","10":"product_tag-love-cave","11":"pa_suurus-l","12":"pa_suurus-m","13":"pa_suurus-s","14":"pa_suurus-xl","15":"pa_varvus-must","17":"first","18":"instock","19":"sold-individually","20":"taxable","21":"shipping-taxable","22":"purchasable","23":"product-type-variable"},"_links":{"self":[{"href":"https:\/\/pesu24.ee\/en\/wp-json\/wp\/v2\/product\/13361","targetHints":{"allow":["GET"]}}],"collection":[{"href":"https:\/\/pesu24.ee\/en\/wp-json\/wp\/v2\/product"}],"about":[{"href":"https:\/\/pesu24.ee\/en\/wp-json\/wp\/v2\/types\/product"}],"replies":[{"embeddable":true,"href":"https:\/\/pesu24.ee\/en\/wp-json\/wp\/v2\/comments?post=13361"}],"wp:featuredmedia":[{"embeddable":true,"href":"https:\/\/pesu24.ee\/en\/wp-json\/wp\/v2\/media\/29336"}],"wp:attachment":[{"href":"https:\/\/pesu24.ee\/en\/wp-json\/wp\/v2\/media?parent=13361"}],"wp:term":[{"taxonomy":"product_brand","embeddable":true,"href":"https:\/\/pesu24.ee\/en\/wp-json\/wp\/v2\/product_brand?post=13361"},{"taxonomy":"product_cat","embeddable":true,"href":"https:\/\/pesu24.ee\/en\/wp-json\/wp\/v2\/product_cat?post=13361"},{"taxonomy":"product_tag","embeddable":true,"href":"https:\/\/pesu24.ee\/en\/wp-json\/wp\/v2\/product_tag?post=13361"}],"curies":[{"name":"wp","href":"https:\/\/api.w.org\/{rel}","templated":true}]}}