{"id":13362,"date":"2025-08-18T17:20:18","date_gmt":"2025-08-18T14:20:18","guid":{"rendered":"https:\/\/pesu24.ee\/?post_type=product&#038;p=13362"},"modified":"2026-01-05T15:55:32","modified_gmt":"2026-01-05T12:55:32","slug":"babydoll-obsessive-serafia","status":"publish","type":"product","link":"https:\/\/pesu24.ee\/en\/babydollid\/babydoll-obsessive-serafia\/","title":{"rendered":"Babydoll Obsessive Serafia"},"content":{"rendered":"<p>Obsessive Serafia luksuslik ja v\u00f5rgutav babydoll sulatab s\u00fcdameid ja lisab sensuaalsust igale romantilisele \u00f5htule. See babydoll on valmistatud \u00f5rnast ja kvaliteetsest pooll\u00e4bipaistvast kangast, mis langeb kehale kaunilt.<\/p>\n<p>Serafia babydoll on loodud selleks, et tunda end erilisena ja v\u00f5rgutavana, olgu siis romantilise \u00f5htus\u00f6\u00f6gi v\u00f5i kirgliku \u00f6\u00f6 jaoks. See unikaalne ja ahvatlev valik neile, kes soovivad lisada v\u00fcrtsi oma suhtesse v\u00f5i lihtsalt tunda end enesekindlalt ja sensuaalselt.<\/p>\n<p>Tutvuge ka teiste <a href=\"https:\/\/pesu24.ee\/en\/omadus\/obsessive-serafia\/\">Obsessive Serafia<\/a> pesukollektsiooni toodetega.<\/p>\n<p><span style=\"color: #008000;\"><strong>KOMPLEKT SISALDAB:<\/strong><\/span><\/p>\n<ul>\n<li>babydoll<\/li>\n<li>pitsist v\u00f6\u00f6<\/li>\n<li>p\u00fcksikud<\/li>\n<\/ul>\n<p><span style=\"color: #008000;\"><strong>DETAILS:<\/strong><\/span><\/p>\n<ul>\n<li>valmistatud pooll\u00e4bipaistvast kangast<\/li>\n<li>kaela tagant seotav (reguleeritav)<\/li>\n<li>pitsist v\u00f6\u00f6l taga astmeline kinnitus<\/li>\n<li>mugav &amp; elastne kangas (94% pol\u00fcamiid &amp; 6% elastaan)<\/li>\n<\/ul>","protected":false},"excerpt":{"rendered":"<p>&#46;&#46;&#46;<\/p>","protected":false},"featured_media":13044,"comment_status":"open","ping_status":"closed","template":"","meta":{"_glsr_average":0,"_glsr_ranking":0,"_glsr_reviews":0},"product_brand":[500],"product_cat":[82],"product_tag":[160,457],"class_list":{"0":"post-13362","1":"product","2":"type-product","3":"status-publish","4":"has-post-thumbnail","6":"product_brand-obsessive","7":"product_cat-babydollid","8":"product_tag-obsessive","9":"product_tag-obsessive-serafia","10":"pa_suurus-m-l","11":"pa_suurus-xl-xxl","12":"pa_suurus-xs-s","13":"pa_varvus-must","15":"first","16":"instock","17":"sold-individually","18":"taxable","19":"shipping-taxable","20":"purchasable","21":"product-type-variable"},"_links":{"self":[{"href":"https:\/\/pesu24.ee\/en\/wp-json\/wp\/v2\/product\/13362","targetHints":{"allow":["GET"]}}],"collection":[{"href":"https:\/\/pesu24.ee\/en\/wp-json\/wp\/v2\/product"}],"about":[{"href":"https:\/\/pesu24.ee\/en\/wp-json\/wp\/v2\/types\/product"}],"replies":[{"embeddable":true,"href":"https:\/\/pesu24.ee\/en\/wp-json\/wp\/v2\/comments?post=13362"}],"wp:featuredmedia":[{"embeddable":true,"href":"https:\/\/pesu24.ee\/en\/wp-json\/wp\/v2\/media\/13044"}],"wp:attachment":[{"href":"https:\/\/pesu24.ee\/en\/wp-json\/wp\/v2\/media?parent=13362"}],"wp:term":[{"taxonomy":"product_brand","embeddable":true,"href":"https:\/\/pesu24.ee\/en\/wp-json\/wp\/v2\/product_brand?post=13362"},{"taxonomy":"product_cat","embeddable":true,"href":"https:\/\/pesu24.ee\/en\/wp-json\/wp\/v2\/product_cat?post=13362"},{"taxonomy":"product_tag","embeddable":true,"href":"https:\/\/pesu24.ee\/en\/wp-json\/wp\/v2\/product_tag?post=13362"}],"curies":[{"name":"wp","href":"https:\/\/api.w.org\/{rel}","templated":true}]}}