{"id":13363,"date":"2025-08-18T17:20:18","date_gmt":"2025-08-18T14:20:18","guid":{"rendered":"https:\/\/pesu24.ee\/?post_type=product&#038;p=13363"},"modified":"2025-12-23T11:17:32","modified_gmt":"2025-12-23T08:17:32","slug":"babydoll-obsessive-elianes","status":"publish","type":"product","link":"https:\/\/pesu24.ee\/en\/babydollid\/babydoll-obsessive-elianes\/","title":{"rendered":"Babydoll Obsessive Elianes"},"content":{"rendered":"<p>Kas m\u00f5tlete, miks punast pesu peetakse erakordselt seksikaks? Vastus on otse teie ees. Vaadake uskumatult k\u00fctkestavat Obsessive Elianes babydoll&#8217;i. Kerge kui sulgedest kangas koos lillelise pitsiga, sensuaalselt paljastatud k\u00f5huga ja s\u00fcdamekujulise metall\u00fchendusega \u00e4ratab teie kujutlusv\u00f5ime ja t\u00f5stab temperatuuri magamistoas.<\/p>\n<p>Andke endale s\u00e4rav v\u00e4limus ja valmistuge kirglikeks hetkedeks, mis j\u00e4\u00e4vad teie m\u00e4lestustesse pikaks ajaks. Avastage Elianes babydoll ja teised ahvatlevad pesuvalikud meie e-poes, et lisada v\u00fcrtsi oma intiimsetesse hetkedesse.<\/p>\n<p>Tutvuge ka teiste <a href=\"https:\/\/pesu24.ee\/en\/omadus\/obsessive-elianes\/\">Obsessive Elianes<\/a> pesukollektsiooni toodetega.<\/p>\n<p><span style=\"color: #008000;\"><strong>KOMPLEKT SISALDAB:<\/strong><\/span><\/p>\n<ul>\n<li>babydoll<\/li>\n<li>stringid<\/li>\n<\/ul>\n<p>Babydoll sobib kokku <a href=\"https:\/\/pesu24.ee\/en\/aksessuaarid\/sukapael-obsessive-elianes\/\">Obsessive Elianes sukapaelaga<\/a>.<\/p>\n<p><span style=\"color: #008000;\"><strong>DETAILS:<\/strong><\/span><\/p>\n<ul>\n<li>sensuaalse l\u00f5ikega babydoll<\/li>\n<li>taga astmeline kinnitus<\/li>\n<li>reguleeritavad \u00f5lapaelad<\/li>\n<li>kaunistatud kelmika pitsiga<\/li>\n<li>mugav &amp; elastne kangas (94% pol\u00fcamiid, 6% elastaan)<\/li>\n<\/ul>\n<hr \/>\n<h2>Selle tootega sobib kokku<\/h2>\n<p>Selle tootega sobivad kokku tootefotodel olevad stringid (peab ostma eraldi).<\/p>\n<div class=\"woocommerce columns-3\"><ul class=\"products columns-3\">\n<li class=\"product type-product post-18335 status-publish first instock product_cat-pesukomplektid product_cat-puksid-pukskostuumid product_tag-obsessive product_tag-obsessive-elianes has-post-thumbnail sold-individually taxable shipping-taxable purchasable product-type-variable woovr-active woovr-show-price\">\n\t<a href=\"https:\/\/pesu24.ee\/en\/pesukomplektid\/2-osaline-pesukomplekt-obsessive-elianes\/\" class=\"woocommerce-LoopProduct-link woocommerce-loop-product__link\"><img loading=\"lazy\" decoding=\"async\" width=\"300\" height=\"375\" src=\"https:\/\/pesu24.ee\/wp-content\/uploads\/2025\/08\/elianes-300x375.jpg\" class=\"attachment-woocommerce_thumbnail size-woocommerce_thumbnail\" alt=\"2-osaline pesukomplekt Obsessive Elianes\" srcset=\"https:\/\/pesu24.ee\/wp-content\/uploads\/2025\/08\/elianes-300x375.jpg 300w, https:\/\/pesu24.ee\/wp-content\/uploads\/2025\/08\/elianes-240x300.jpg 240w, https:\/\/pesu24.ee\/wp-content\/uploads\/2025\/08\/elianes-819x1024.jpg 819w, https:\/\/pesu24.ee\/wp-content\/uploads\/2025\/08\/elianes-768x960.jpg 768w, https:\/\/pesu24.ee\/wp-content\/uploads\/2025\/08\/elianes-10x12.jpg 10w, https:\/\/pesu24.ee\/wp-content\/uploads\/2025\/08\/elianes-600x750.jpg 600w, https:\/\/pesu24.ee\/wp-content\/uploads\/2025\/08\/elianes.jpg 1080w\" sizes=\"auto, (max-width: 300px) 100vw, 300px\" \/><div class=\"product-badges\">  <span class=\"badge badge--hot\" aria-label=\"Ostetuim toode\">\ud83d\udd25 Ostetuim<\/span>  <span class=\"badge badge--stock\"><span class=\"dot\" aria-hidden=\"true\"><\/span>Laos<\/span><\/div><h2 class=\"woocommerce-loop-product__title\">2-osaline pesukomplekt Obsessive Elianes<\/h2>\n\t<span class=\"price\"><span class=\"woocommerce-Price-amount amount\"><bdi><span class=\"woocommerce-Price-currencySymbol\">&euro;<\/span>44.<span class=\"price-cents\">90<\/span><\/bdi><\/span><\/span>\n<\/a><a class=\"mw-size-hints mw-loop\" href=\"https:\/\/pesu24.ee\/en\/pesukomplektid\/2-osaline-pesukomplekt-obsessive-elianes\/\" aria-label=\"2-osaline pesukomplekt Obsessive Elianes \u2013 vali suurus\"><div class=\"mw-sizes-line\"><span class=\"mw-sizes-label\">Size:<\/span> <span class=\"mw-sizes\"><span class=\"mw-size-badge\">M\/L<\/span> <span class=\"mw-size-badge\">XL\/XXL<\/span><\/span><\/div><\/a><a href=\"https:\/\/pesu24.ee\/en\/pesukomplektid\/2-osaline-pesukomplekt-obsessive-elianes\/\" aria-describedby=\"woocommerce_loop_add_to_cart_link_describedby_18335\" data-quantity=\"1\" class=\"button product_type_variable add_to_cart_button\" data-product_id=\"18335\" data-product_sku=\"\" aria-label=\"Select options for \u201c2-osaline pesukomplekt Obsessive Elianes\u201d\" rel=\"nofollow\" data-no-translation-aria-label=\"\">Select size<\/a>\t<span id=\"woocommerce_loop_add_to_cart_link_describedby_18335\" class=\"screen-reader-text\">\n\t\tThis product has multiple variants. The options may be chosen on the product page\t<\/span>\n<\/li>\n<li class=\"product type-product post-27259 status-publish instock product_cat-aksessuaarid product_tag-obsessive product_tag-obsessive-elianes has-post-thumbnail sold-individually taxable shipping-taxable purchasable product-type-simple\">\n\t<a href=\"https:\/\/pesu24.ee\/en\/aksessuaarid\/sukapael-obsessive-elianes\/\" class=\"woocommerce-LoopProduct-link woocommerce-loop-product__link\"><img loading=\"lazy\" decoding=\"async\" width=\"300\" height=\"300\" src=\"https:\/\/pesu24.ee\/wp-content\/uploads\/2025\/08\/elg1-300x300.jpg\" class=\"attachment-woocommerce_thumbnail size-woocommerce_thumbnail\" alt=\"Sukapael Obsessive Elianes\" srcset=\"https:\/\/pesu24.ee\/wp-content\/uploads\/2025\/08\/elg1-300x300.jpg 300w, https:\/\/pesu24.ee\/wp-content\/uploads\/2025\/08\/elg1-150x150.jpg 150w, https:\/\/pesu24.ee\/wp-content\/uploads\/2025\/08\/elg1-768x768.jpg 768w, https:\/\/pesu24.ee\/wp-content\/uploads\/2025\/08\/elg1-12x12.jpg 12w, https:\/\/pesu24.ee\/wp-content\/uploads\/2025\/08\/elg1-160x160.jpg 160w, https:\/\/pesu24.ee\/wp-content\/uploads\/2025\/08\/elg1-320x320.jpg 320w, https:\/\/pesu24.ee\/wp-content\/uploads\/2025\/08\/elg1-600x600.jpg 600w, https:\/\/pesu24.ee\/wp-content\/uploads\/2025\/08\/elg1-100x100.jpg 100w, https:\/\/pesu24.ee\/wp-content\/uploads\/2025\/08\/elg1-135x135.jpg 135w, https:\/\/pesu24.ee\/wp-content\/uploads\/2025\/08\/elg1.jpg 900w\" sizes=\"auto, (max-width: 300px) 100vw, 300px\" \/><div class=\"product-badges\">  <span class=\"badge badge--stock\"><span class=\"dot\" aria-hidden=\"true\"><\/span>Laos<\/span><\/div><h2 class=\"woocommerce-loop-product__title\">Sukapael Obsessive Elianes<\/h2>\n\t<span class=\"price\"><span class=\"woocommerce-Price-amount amount\"><bdi><span class=\"woocommerce-Price-currencySymbol\">&euro;<\/span>15.<span class=\"price-cents\">90<\/span><\/bdi><\/span><\/span>\n<\/a><a href=\"\/en\/wp-json\/wp\/v2\/product\/13363?add-to-cart=27259\" aria-describedby=\"woocommerce_loop_add_to_cart_link_describedby_27259\" data-quantity=\"1\" class=\"button product_type_simple add_to_cart_button ajax_add_to_cart\" data-product_id=\"27259\" data-product_sku=\"PK102\/5901688256060\" aria-label=\"Add to basket: \u201cSukapael Obsessive Elianes\u201d\" rel=\"nofollow\" data-success_message=\"\u201cSukapael Obsessive Elianes\u201d has been added to your cart\" role=\"button\" data-no-translation=\"\" data-trp-gettext=\"\" data-no-translation-aria-label=\"\" data-no-translation-data-success_message=\"\">Add to basket<\/a>\t<span id=\"woocommerce_loop_add_to_cart_link_describedby_27259\" class=\"screen-reader-text\">\n\t\t\t<\/span>\n<\/li>\n<li class=\"product type-product post-27258 status-publish last instock product_cat-aksessuaarid product_tag-obsessive product_tag-obsessive-elianes has-post-thumbnail sold-individually taxable shipping-taxable purchasable product-type-variable woovr-active woovr-show-price\">\n\t<a href=\"https:\/\/pesu24.ee\/en\/aksessuaarid\/rake-obsessive-elianes\/\" class=\"woocommerce-LoopProduct-link woocommerce-loop-product__link\"><img loading=\"lazy\" decoding=\"async\" width=\"300\" height=\"300\" src=\"https:\/\/pesu24.ee\/wp-content\/uploads\/2025\/08\/elh1-300x300.jpg\" class=\"attachment-woocommerce_thumbnail size-woocommerce_thumbnail\" alt=\"Rake Obsessive Elianes\" srcset=\"https:\/\/pesu24.ee\/wp-content\/uploads\/2025\/08\/elh1-300x300.jpg 300w, https:\/\/pesu24.ee\/wp-content\/uploads\/2025\/08\/elh1-150x150.jpg 150w, https:\/\/pesu24.ee\/wp-content\/uploads\/2025\/08\/elh1-768x768.jpg 768w, https:\/\/pesu24.ee\/wp-content\/uploads\/2025\/08\/elh1-12x12.jpg 12w, https:\/\/pesu24.ee\/wp-content\/uploads\/2025\/08\/elh1-160x160.jpg 160w, https:\/\/pesu24.ee\/wp-content\/uploads\/2025\/08\/elh1-320x320.jpg 320w, https:\/\/pesu24.ee\/wp-content\/uploads\/2025\/08\/elh1-600x600.jpg 600w, https:\/\/pesu24.ee\/wp-content\/uploads\/2025\/08\/elh1-100x100.jpg 100w, https:\/\/pesu24.ee\/wp-content\/uploads\/2025\/08\/elh1-135x135.jpg 135w, https:\/\/pesu24.ee\/wp-content\/uploads\/2025\/08\/elh1.jpg 900w\" sizes=\"auto, (max-width: 300px) 100vw, 300px\" \/><div class=\"product-badges\">  <span class=\"badge badge--hot\" aria-label=\"Ostetuim toode\">\ud83d\udd25 Ostetuim<\/span>  <span class=\"badge badge--stock\"><span class=\"dot\" aria-hidden=\"true\"><\/span>Laos<\/span><\/div><h2 class=\"woocommerce-loop-product__title\">Rake Obsessive Elianes<\/h2>\n\t<span class=\"price\"><span class=\"woocommerce-Price-amount amount\"><bdi><span class=\"woocommerce-Price-currencySymbol\">&euro;<\/span>28.<span class=\"price-cents\">90<\/span><\/bdi><\/span><\/span>\n<\/a><a class=\"mw-size-hints mw-loop\" href=\"https:\/\/pesu24.ee\/en\/aksessuaarid\/rake-obsessive-elianes\/\" aria-label=\"Rake Obsessive Elianes \u2013 vali suurus\"><div class=\"mw-sizes-line\"><span class=\"mw-sizes-label\">Size:<\/span> <span class=\"mw-sizes\"><span class=\"mw-size-badge\">XS\/S<\/span> <span class=\"mw-size-badge\">M\/L<\/span> <span class=\"mw-size-badge\">XL\/XXL<\/span><\/span><\/div><\/a><a href=\"https:\/\/pesu24.ee\/en\/aksessuaarid\/rake-obsessive-elianes\/\" aria-describedby=\"woocommerce_loop_add_to_cart_link_describedby_27258\" data-quantity=\"1\" class=\"button product_type_variable add_to_cart_button\" data-product_id=\"27258\" data-product_sku=\"\" aria-label=\"Select options for \u201cRake Obsessive Elianes\u201d\" rel=\"nofollow\" data-no-translation-aria-label=\"\">Select size<\/a>\t<span id=\"woocommerce_loop_add_to_cart_link_describedby_27258\" class=\"screen-reader-text\">\n\t\tThis product has multiple variants. The options may be chosen on the product page\t<\/span>\n<\/li>\n<\/ul>\n<\/div>","protected":false},"excerpt":{"rendered":"<p>&#46;&#46;&#46;<\/p>","protected":false},"featured_media":13054,"comment_status":"open","ping_status":"closed","template":"","meta":{"_glsr_average":0,"_glsr_ranking":0,"_glsr_reviews":0},"product_brand":[500],"product_cat":[82],"product_tag":[160,465],"class_list":{"0":"post-13363","1":"product","2":"type-product","3":"status-publish","4":"has-post-thumbnail","6":"product_brand-obsessive","7":"product_cat-babydollid","8":"product_tag-obsessive","9":"product_tag-obsessive-elianes","10":"pa_suurus-m-l","11":"pa_suurus-xl-xxl","12":"pa_suurus-xs-s","13":"pa_varvus-punane","15":"first","16":"instock","17":"sold-individually","18":"taxable","19":"shipping-taxable","20":"purchasable","21":"product-type-variable"},"_links":{"self":[{"href":"https:\/\/pesu24.ee\/en\/wp-json\/wp\/v2\/product\/13363","targetHints":{"allow":["GET"]}}],"collection":[{"href":"https:\/\/pesu24.ee\/en\/wp-json\/wp\/v2\/product"}],"about":[{"href":"https:\/\/pesu24.ee\/en\/wp-json\/wp\/v2\/types\/product"}],"replies":[{"embeddable":true,"href":"https:\/\/pesu24.ee\/en\/wp-json\/wp\/v2\/comments?post=13363"}],"wp:featuredmedia":[{"embeddable":true,"href":"https:\/\/pesu24.ee\/en\/wp-json\/wp\/v2\/media\/13054"}],"wp:attachment":[{"href":"https:\/\/pesu24.ee\/en\/wp-json\/wp\/v2\/media?parent=13363"}],"wp:term":[{"taxonomy":"product_brand","embeddable":true,"href":"https:\/\/pesu24.ee\/en\/wp-json\/wp\/v2\/product_brand?post=13363"},{"taxonomy":"product_cat","embeddable":true,"href":"https:\/\/pesu24.ee\/en\/wp-json\/wp\/v2\/product_cat?post=13363"},{"taxonomy":"product_tag","embeddable":true,"href":"https:\/\/pesu24.ee\/en\/wp-json\/wp\/v2\/product_tag?post=13363"}],"curies":[{"name":"wp","href":"https:\/\/api.w.org\/{rel}","templated":true}]}}