{"id":13367,"date":"2025-08-18T17:20:18","date_gmt":"2025-08-18T14:20:18","guid":{"rendered":"https:\/\/pesu24.ee\/?post_type=product&#038;p=13367"},"modified":"2026-02-16T21:46:27","modified_gmt":"2026-02-16T19:46:27","slug":"babydoll-obsessive-blomentis","status":"publish","type":"product","link":"https:\/\/pesu24.ee\/en\/babydollid\/babydoll-obsessive-blomentis\/","title":{"rendered":"Babydoll Obsessive Blomentis"},"content":{"rendered":"<p>Paljasta oma k\u00f5ige v\u00f5rgutavam k\u00fclg Obsessive Blomentis babydoll&#8217;iga. See unikaalne pesu toob esile sinu loomuliku ilu ja enesekindluse, r\u00f5hutades just \u00f5igeid kohti. S\u00fcgav dekoltee paljastab ahvatlevalt su k\u00f5hu, lisades sinu v\u00e4limusele v\u00f5rgutavat sensuaalsust.<\/p>\n<p>L\u00e4bipaistev must kangas laskub \u00f5rnalt m\u00f6\u00f6da sinu kurve, andes sulle elegantse ja samas m\u00e4ngulise v\u00e4limuse. Babydolli pitsist korvid kohtuvad \u00f5rna paelaga, mis lisab komplektile romantilist h\u00f5ngu. See on t\u00e4iuslik segu delikaatsusest ja julgusest, j\u00e4ttes kandjale enesekindla ja pilkup\u00fc\u00fcdva tunde.<\/p>\n<p>Obsessive Blomentis babydoll on loodud naisele, kes soovib tunda end erilisena igal hetkel. Peened detailid ja hoolikalt valitud materjalid muudavad selle pesukomplekti sinu garderoobi kohustuslikuks osaks. Olgu see siis \u00f5htune kohting v\u00f5i lihtsalt soov midagi erilist kanda, Blomentis babydoll toob esile sinu parimad k\u00fcljed.<\/p>\n<p>Tutvuge ka teiste <a href=\"https:\/\/pesu24.ee\/en\/omadus\/obsessive-blomentis\/\">Obsessive Blomentis<\/a> pesukollektsiooni toodetega.<\/p>\n<p><span style=\"color: #008000;\"><strong>KOMPLEKT SISALDAB:<\/strong><\/span><\/p>\n<ul>\n<li>babydoll<\/li>\n<li>stringid<\/li>\n<\/ul>\n<p><span style=\"color: #008000;\"><strong>DETAILS:<\/strong><\/span><\/p>\n<ul>\n<li>\u00f5huline materjal<\/li>\n<li>eest kinnituv<\/li>\n<li>reguleeritavad \u00f5lapaelad<\/li>\n<li>kaunistatud pitsiga<\/li>\n<li>mugav &amp; elastne kangas (94% pol\u00fcamiid &amp; 6% elastaan)<\/li>\n<\/ul>","protected":false},"excerpt":{"rendered":"<p>&#46;&#46;&#46;<\/p>","protected":false},"featured_media":13085,"comment_status":"open","ping_status":"closed","template":"","meta":{"_glsr_average":0,"_glsr_ranking":0,"_glsr_reviews":0},"product_brand":[500],"product_cat":[82],"product_tag":[160,470],"class_list":{"0":"post-13367","1":"product","2":"type-product","3":"status-publish","4":"has-post-thumbnail","6":"product_brand-obsessive","7":"product_cat-babydollid","8":"product_tag-obsessive","9":"product_tag-obsessive-blomentis","10":"pa_suurus-m-l","11":"pa_suurus-xl-xxl","12":"pa_suurus-xs-s","13":"pa_varvus-must","15":"first","16":"instock","17":"sold-individually","18":"taxable","19":"shipping-taxable","20":"purchasable","21":"product-type-variable"},"_links":{"self":[{"href":"https:\/\/pesu24.ee\/en\/wp-json\/wp\/v2\/product\/13367","targetHints":{"allow":["GET"]}}],"collection":[{"href":"https:\/\/pesu24.ee\/en\/wp-json\/wp\/v2\/product"}],"about":[{"href":"https:\/\/pesu24.ee\/en\/wp-json\/wp\/v2\/types\/product"}],"replies":[{"embeddable":true,"href":"https:\/\/pesu24.ee\/en\/wp-json\/wp\/v2\/comments?post=13367"}],"wp:featuredmedia":[{"embeddable":true,"href":"https:\/\/pesu24.ee\/en\/wp-json\/wp\/v2\/media\/13085"}],"wp:attachment":[{"href":"https:\/\/pesu24.ee\/en\/wp-json\/wp\/v2\/media?parent=13367"}],"wp:term":[{"taxonomy":"product_brand","embeddable":true,"href":"https:\/\/pesu24.ee\/en\/wp-json\/wp\/v2\/product_brand?post=13367"},{"taxonomy":"product_cat","embeddable":true,"href":"https:\/\/pesu24.ee\/en\/wp-json\/wp\/v2\/product_cat?post=13367"},{"taxonomy":"product_tag","embeddable":true,"href":"https:\/\/pesu24.ee\/en\/wp-json\/wp\/v2\/product_tag?post=13367"}],"curies":[{"name":"wp","href":"https:\/\/api.w.org\/{rel}","templated":true}]}}