{"id":13368,"date":"2025-08-18T17:20:18","date_gmt":"2025-08-18T14:20:18","guid":{"rendered":"https:\/\/pesu24.ee\/?post_type=product&#038;p=13368"},"modified":"2025-08-20T14:55:35","modified_gmt":"2025-08-20T11:55:35","slug":"babydoll-obsessive-nutris","status":"publish","type":"product","link":"https:\/\/pesu24.ee\/en\/babydollid\/babydoll-obsessive-nutris\/","title":{"rendered":"Babydoll Obsessive Nutris"},"content":{"rendered":"<p>R\u00f5huta oma naiselikku ilu Obsessive Nutris babydolliga, mis on loodud tooma esile sinu k\u00f5ige v\u00f5rgutavama k\u00fclje. See sensuaalne pesu \u00fchendab endas pitsist rinnahoidja ja l\u00e4bipaistva t\u00fcllseeliku, mis loob vastupandamatu ja unikaalse koosluse. Pehmed tugikaartega korvid pakuvad t\u00e4iuslikku tuge ja vormivad kauni dekoltee, lisades sinu v\u00e4limusele luksusliku puudutuse.<\/p>\n<p>Nutrise babydolli l\u00e4bipaistev t\u00fcllseelik langeb \u00f5rnalt sinu kehale, samas kui elegantsed v\u00f6\u00f6koharibad lisavad komplektile peene ja stiilse detaili. See disain on loodud nii, et tunneksid end enesekindlalt ja mugavalt, olenemata sellest, kas kannad seda eriliseks s\u00fcndmuseks v\u00f5i igap\u00e4evaseks luksuseks.<\/p>\n<p>Luba endale veidi luksust ja r\u00f5\u00f5musta oma meeli Nutris babydolliga. See pesu on ideaalne valik naisele, kes soovib tunda end vastupandamatu ja elegantsema kui kunagi varem. Nutris babydoll loob t\u00e4iusliku kombinatsiooni sensuaalsusest ja stiilist, tuues sinu loomuliku ilu esile igas olukorras.<\/p>\n<p>Tutvuge ka teiste <a href=\"https:\/\/pesu24.ee\/en\/omadus\/obsessive-nutris\/\">Obsessive Nutris<\/a> pesukollektsiooni toodetega.<\/p>\n<p><span style=\"color: #008000;\"><strong>KOMPLEKT SISALDAB:<\/strong><\/span><\/p>\n<ul>\n<li>babydoll<\/li>\n<li>stringid<\/li>\n<\/ul>\n<p><span style=\"color: #008000;\"><strong>DETAILS:<\/strong><\/span><\/p>\n<ul>\n<li>naiselik babydoll<\/li>\n<li>rinnakorvil tugikaared<\/li>\n<li>reguleeritavad \u00f5lapaelad<\/li>\n<li>taga astmeline kinnitus<\/li>\n<li>mugav &amp; elastne kangas (94% pol\u00fcamiid &amp; 6% elastaan)<\/li>\n<\/ul>","protected":false},"excerpt":{"rendered":"<p>&#46;&#46;&#46;<\/p>","protected":false},"featured_media":13090,"comment_status":"open","ping_status":"closed","template":"","meta":{"_glsr_average":0,"_glsr_ranking":0,"_glsr_reviews":0},"product_brand":[500],"product_cat":[82],"product_tag":[160,471],"class_list":{"0":"post-13368","1":"product","2":"type-product","3":"status-publish","4":"has-post-thumbnail","6":"product_brand-obsessive","7":"product_cat-babydollid","8":"product_tag-obsessive","9":"product_tag-obsessive-nutris","10":"pa_suurus-m-l","11":"pa_suurus-xl-xxl","12":"pa_suurus-xs-s","13":"pa_varvus-must","15":"first","16":"instock","17":"sold-individually","18":"taxable","19":"shipping-taxable","20":"purchasable","21":"product-type-variable"},"_links":{"self":[{"href":"https:\/\/pesu24.ee\/en\/wp-json\/wp\/v2\/product\/13368","targetHints":{"allow":["GET"]}}],"collection":[{"href":"https:\/\/pesu24.ee\/en\/wp-json\/wp\/v2\/product"}],"about":[{"href":"https:\/\/pesu24.ee\/en\/wp-json\/wp\/v2\/types\/product"}],"replies":[{"embeddable":true,"href":"https:\/\/pesu24.ee\/en\/wp-json\/wp\/v2\/comments?post=13368"}],"wp:featuredmedia":[{"embeddable":true,"href":"https:\/\/pesu24.ee\/en\/wp-json\/wp\/v2\/media\/13090"}],"wp:attachment":[{"href":"https:\/\/pesu24.ee\/en\/wp-json\/wp\/v2\/media?parent=13368"}],"wp:term":[{"taxonomy":"product_brand","embeddable":true,"href":"https:\/\/pesu24.ee\/en\/wp-json\/wp\/v2\/product_brand?post=13368"},{"taxonomy":"product_cat","embeddable":true,"href":"https:\/\/pesu24.ee\/en\/wp-json\/wp\/v2\/product_cat?post=13368"},{"taxonomy":"product_tag","embeddable":true,"href":"https:\/\/pesu24.ee\/en\/wp-json\/wp\/v2\/product_tag?post=13368"}],"curies":[{"name":"wp","href":"https:\/\/api.w.org\/{rel}","templated":true}]}}