{"id":13369,"date":"2025-08-18T17:20:18","date_gmt":"2025-08-18T14:20:18","guid":{"rendered":"https:\/\/pesu24.ee\/?post_type=product&#038;p=13369"},"modified":"2025-08-20T14:55:35","modified_gmt":"2025-08-20T11:55:35","slug":"babydoll-obsessive-chilisa","status":"publish","type":"product","link":"https:\/\/pesu24.ee\/en\/babydollid\/babydoll-obsessive-chilisa\/","title":{"rendered":"Babydoll Obsessive Chilisa"},"content":{"rendered":"<p>Pesu, mis \u00fchendab mugavuse ja elegantsi ning v\u00f5rgutab peenete detailidega \u2013 kas see pole sinu unistuste t\u00e4itumine? Lisa seksikust Chilisa babydolliga ning tunne, kuidas \u00f5huline kangas \u00fcmbritseb sinu keha, tuues esile k\u00f5ik sinu figuuri v\u00f5lud. Intensiivne punane toon ja sensuaalsed detailid hoolitsevad mitte ainult sinu lummava v\u00e4limuse eest, vaid muudavad sind ka romantilise kohtumise staariks.<\/p>\n<p>Chilisa babydoll koos stringidega pakub t\u00e4iuslikku sobivust t\u00e4nu mitmeastmelisele kinnitusele ja reguleeritavatele rihmadele. Peened pitsist aktsendid avaldavad muljet oma viimistletud disainiga, samas kui tsirkoonidega kaunistatud h\u00f5bedane s\u00fcdamedetail lisab luksuslikku h\u00f5ngu. See pesu ei ole lihtsalt aksessuaar, vaid t\u00f5eline kompliment sinu naiselikkusele ja enesekindlusele.<\/p>\n<p>Pehme ja elastne kangas (babydoll: 94% pol\u00fcamiid, 6% elastaan; stringid: 90% pol\u00fcamiid, 10% elastaan) tagab maksimaalse mugavuse, olles samal ajal meeldiv puudutusele. Chilisa babydoll on ideaalne valik naisele, kes soovib \u00fchendada mugavuse, elegantsi ja seksuaalsuse, muutes igast hetkest unustamatu kogemuse.<\/p>\n<p>Tutvuge ka teiste <a href=\"https:\/\/pesu24.ee\/en\/omadus\/obsessive-chilisa\/\">Obsessive Chilisa<\/a> pesukollektsiooni toodetega.<\/p>\n<p><span style=\"color: #008000;\"><strong>KOMPLEKT SISALDAB:<\/strong><\/span><\/p>\n<ul>\n<li>babydoll<\/li>\n<li>stringid<\/li>\n<\/ul>\n<p><span style=\"color: #008000;\"><strong>DETAILS:<\/strong><\/span><\/p>\n<ul>\n<li>naiseliku disainiga babydoll<\/li>\n<li>reguleeritavad \u00f5lapaelad<\/li>\n<li>taga astmeline kinnitus<\/li>\n<li>kaunistatud pitsiga<\/li>\n<li>mugav &amp; elastne kangas (94% pol\u00fcamiid &amp; 6% elastaan)<\/li>\n<\/ul>","protected":false},"excerpt":{"rendered":"<p>&#46;&#46;&#46;<\/p>","protected":false},"featured_media":12958,"comment_status":"open","ping_status":"closed","template":"","meta":{"_glsr_average":0,"_glsr_ranking":0,"_glsr_reviews":0},"product_brand":[500],"product_cat":[82],"product_tag":[160,472],"class_list":{"0":"post-13369","1":"product","2":"type-product","3":"status-publish","4":"has-post-thumbnail","6":"product_brand-obsessive","7":"product_cat-babydollid","8":"product_tag-obsessive","9":"product_tag-obsessive-chilisa","10":"pa_suurus-m-l","11":"pa_suurus-xl-xxl","12":"pa_suurus-xs-s","13":"pa_varvus-punane","15":"first","16":"instock","17":"sold-individually","18":"taxable","19":"shipping-taxable","20":"purchasable","21":"product-type-variable"},"_links":{"self":[{"href":"https:\/\/pesu24.ee\/en\/wp-json\/wp\/v2\/product\/13369","targetHints":{"allow":["GET"]}}],"collection":[{"href":"https:\/\/pesu24.ee\/en\/wp-json\/wp\/v2\/product"}],"about":[{"href":"https:\/\/pesu24.ee\/en\/wp-json\/wp\/v2\/types\/product"}],"replies":[{"embeddable":true,"href":"https:\/\/pesu24.ee\/en\/wp-json\/wp\/v2\/comments?post=13369"}],"wp:featuredmedia":[{"embeddable":true,"href":"https:\/\/pesu24.ee\/en\/wp-json\/wp\/v2\/media\/12958"}],"wp:attachment":[{"href":"https:\/\/pesu24.ee\/en\/wp-json\/wp\/v2\/media?parent=13369"}],"wp:term":[{"taxonomy":"product_brand","embeddable":true,"href":"https:\/\/pesu24.ee\/en\/wp-json\/wp\/v2\/product_brand?post=13369"},{"taxonomy":"product_cat","embeddable":true,"href":"https:\/\/pesu24.ee\/en\/wp-json\/wp\/v2\/product_cat?post=13369"},{"taxonomy":"product_tag","embeddable":true,"href":"https:\/\/pesu24.ee\/en\/wp-json\/wp\/v2\/product_tag?post=13369"}],"curies":[{"name":"wp","href":"https:\/\/api.w.org\/{rel}","templated":true}]}}