{"id":13370,"date":"2025-09-09T01:00:18","date_gmt":"2025-09-08T22:00:18","guid":{"rendered":"https:\/\/pesu24.ee\/?post_type=product&#038;p=13370"},"modified":"2025-10-12T03:24:01","modified_gmt":"2025-10-12T00:24:01","slug":"babydoll-obsessive-cupide-desir","status":"publish","type":"product","link":"https:\/\/pesu24.ee\/en\/babydollid\/babydoll-obsessive-cupide-desir\/","title":{"rendered":"Babydoll Obsessive Cupide Desir"},"content":{"rendered":"<p><strong>Babydoll Obsessive Cupide Desir<\/strong> on ideaalne valik naisele, kes otsib midagi \u00f5rna, kuid samas ahvatlevat.<\/p>\n<p>Punane babydoll, millel on peened pitsilised detailid ja \u00f5huline, l\u00e4bipaistev kangas, voolab keha \u00fcmber kergelt, andes sellele kauni ja elegantse ilme. Kerge ja naiselik disain toob esile sinu unikaalse stiili ning lisab igale hetkele sensuaalsust.<\/p>\n<p>Reguleeritavad \u00f5lapaelad ja mitmeastmelised seljal olevad kinnitused tagavad mugavuse ja t\u00e4iusliku sobivuse. Babydoll on disainitud nii, et see pakub nii kaunist v\u00e4limust kui ka praktilist kandmismugavust.\u00a0Komplekti kuuluvad ka klassikalised punased stringid, mis t\u00e4iendavad pesu harmoonilist v\u00e4limust.<\/p>\n<div class=\"omadused\">\n<p>Omadused<\/p>\n<ul>\n<li>komplektis babydoll ja\u00a0stringid<\/li>\n<li>sensuaalne &amp; naiselik disain<\/li>\n<li>kaunistatud imelise pitsiga<\/li>\n<li>reguleeritavad \u00f5lapaelad<\/li>\n<li>taga astmeline kinnitus<\/li>\n<li>mugav ja elastne kangas (94% pol\u00fcamiid, 6% elastaan)<\/li>\n<\/ul>\n<p>Tutvuge ka teiste <a href=\"https:\/\/pesu24.ee\/en\/omadus\/obsessive-cupide-desir\/\">Obsessive Cupide Desir<\/a> pesukollektsiooni toodetega.<\/p>\n<\/div>","protected":false},"excerpt":{"rendered":"<p>Omadused<\/p>\n<ul>\n<li>komplektis babydoll ja\u00a0stringid<\/li>\n<li>sensuaalne &amp; naiselik disain<\/li>\n<li>kaunistatud imelise pitsiga<\/li>\n<li>reguleeritavad \u00f5lapaelad<\/li>\n<li>taga astmeline kinnitus<\/li>\n<li>mugav ja elastne kangas (94% pol\u00fcamiid, 6% elastaan)<\/li>\n<\/ul>","protected":false},"featured_media":12969,"comment_status":"open","ping_status":"closed","template":"","meta":{"_glsr_average":0,"_glsr_ranking":0,"_glsr_reviews":0},"product_brand":[500],"product_cat":[82],"product_tag":[160,473],"class_list":{"0":"post-13370","1":"product","2":"type-product","3":"status-publish","4":"has-post-thumbnail","6":"product_brand-obsessive","7":"product_cat-babydollid","8":"product_tag-obsessive","9":"product_tag-obsessive-cupide-desir","10":"pa_suurus-l-xl","11":"pa_suurus-s-m","12":"pa_suurus-xxl-xxxl","13":"pa_varvus-punane","15":"first","16":"instock","17":"sold-individually","18":"taxable","19":"shipping-taxable","20":"purchasable","21":"product-type-variable"},"_links":{"self":[{"href":"https:\/\/pesu24.ee\/en\/wp-json\/wp\/v2\/product\/13370","targetHints":{"allow":["GET"]}}],"collection":[{"href":"https:\/\/pesu24.ee\/en\/wp-json\/wp\/v2\/product"}],"about":[{"href":"https:\/\/pesu24.ee\/en\/wp-json\/wp\/v2\/types\/product"}],"replies":[{"embeddable":true,"href":"https:\/\/pesu24.ee\/en\/wp-json\/wp\/v2\/comments?post=13370"}],"wp:featuredmedia":[{"embeddable":true,"href":"https:\/\/pesu24.ee\/en\/wp-json\/wp\/v2\/media\/12969"}],"wp:attachment":[{"href":"https:\/\/pesu24.ee\/en\/wp-json\/wp\/v2\/media?parent=13370"}],"wp:term":[{"taxonomy":"product_brand","embeddable":true,"href":"https:\/\/pesu24.ee\/en\/wp-json\/wp\/v2\/product_brand?post=13370"},{"taxonomy":"product_cat","embeddable":true,"href":"https:\/\/pesu24.ee\/en\/wp-json\/wp\/v2\/product_cat?post=13370"},{"taxonomy":"product_tag","embeddable":true,"href":"https:\/\/pesu24.ee\/en\/wp-json\/wp\/v2\/product_tag?post=13370"}],"curies":[{"name":"wp","href":"https:\/\/api.w.org\/{rel}","templated":true}]}}