{"id":13503,"date":"2025-08-18T18:19:54","date_gmt":"2025-08-18T15:19:54","guid":{"rendered":"https:\/\/pesu24.ee\/?post_type=product&#038;p=13503"},"modified":"2026-03-23T12:14:20","modified_gmt":"2026-03-23T10:14:20","slug":"body-obsessive-tienesy","status":"publish","type":"product","link":"https:\/\/pesu24.ee\/en\/bodyd\/body-obsessive-tienesy\/","title":{"rendered":"Body Obsessive Tienesy"},"content":{"rendered":"<p><strong>Kui partner f\u00e4nnab tagumikku ja meeldib must-punane pesu, mis r\u00f5hutab kumerusi ja annab \u00abvau\u00bb efekti, siis Obsessive Tienesy body on suurep\u00e4rane valik<\/strong>.<\/p>\n<p>Body on valmistatud pool-l\u00e4bipaistvast, pehmest ja elastsest materjalist, mis sobib ideaalselt, on v\u00e4ga mugav kanda ja meeldiv keha vastas tunda ning m\u00f5nus puudutada.<\/p>\n<p>Lisaks elastsele materjalile on body \u00f5lapaeltest reguleeritav ning tagant astmelise kinnitusega, mis garanteerib ideaalse sobivuse. Tagumine l\u00f5ige r\u00f5hutab tuharaid ja eesmine l\u00f5ige toob esile puusad ning satiinist lehv r\u00f5hutab rindu.<\/p>\n<p><span style=\"color: #008000;\"><strong>DETAILS<\/strong><\/span><\/p>\n<ul>\n<li>musta ja satiinpunase kombinatsioon<\/li>\n<li>elastne materjal ja reguleeritavus tagab ideaalse sobivuse<\/li>\n<li>tagumine l\u00f5ige toob esile tuharad<\/li>\n<li>eesmine l\u00f5ige r\u00f5hutab puusi<\/li>\n<li>satiinistlehv kaunistab dekolteed ja r\u00f5hutab rindasid<\/li>\n<li>pehme ja elastne materjal<\/li>\n<li>90% pol\u00fcamiid, 10% elastaan<\/li>\n<\/ul>\n<p>Kui antud toote siil ja materjal meeldib, siis tutvu ka <a href=\"https:\/\/pesu24.ee\/en\/stringid-puksikud\/satiinist-stringid-obsessive-tienesy\/\">Tienesy p\u00fcksikutega<\/a>.<\/p>","protected":false},"excerpt":{"rendered":"<p>&#46;&#46;&#46;<\/p>","protected":false},"featured_media":13552,"comment_status":"open","ping_status":"closed","template":"","meta":{"_glsr_average":0,"_glsr_ranking":0,"_glsr_reviews":0},"product_brand":[500],"product_cat":[89],"product_tag":[160],"class_list":{"0":"post-13503","1":"product","2":"type-product","3":"status-publish","4":"has-post-thumbnail","6":"product_brand-obsessive","7":"product_cat-bodyd","8":"product_tag-obsessive","9":"pa_suurus-l-xl","10":"pa_suurus-s-m","11":"pa_suurus-xxl","12":"pa_varvus-must","13":"pa_varvus-punane","15":"first","16":"instock","17":"sale","18":"sold-individually","19":"taxable","20":"shipping-taxable","21":"purchasable","22":"product-type-variable"},"_links":{"self":[{"href":"https:\/\/pesu24.ee\/en\/wp-json\/wp\/v2\/product\/13503","targetHints":{"allow":["GET"]}}],"collection":[{"href":"https:\/\/pesu24.ee\/en\/wp-json\/wp\/v2\/product"}],"about":[{"href":"https:\/\/pesu24.ee\/en\/wp-json\/wp\/v2\/types\/product"}],"replies":[{"embeddable":true,"href":"https:\/\/pesu24.ee\/en\/wp-json\/wp\/v2\/comments?post=13503"}],"wp:featuredmedia":[{"embeddable":true,"href":"https:\/\/pesu24.ee\/en\/wp-json\/wp\/v2\/media\/13552"}],"wp:attachment":[{"href":"https:\/\/pesu24.ee\/en\/wp-json\/wp\/v2\/media?parent=13503"}],"wp:term":[{"taxonomy":"product_brand","embeddable":true,"href":"https:\/\/pesu24.ee\/en\/wp-json\/wp\/v2\/product_brand?post=13503"},{"taxonomy":"product_cat","embeddable":true,"href":"https:\/\/pesu24.ee\/en\/wp-json\/wp\/v2\/product_cat?post=13503"},{"taxonomy":"product_tag","embeddable":true,"href":"https:\/\/pesu24.ee\/en\/wp-json\/wp\/v2\/product_tag?post=13503"}],"curies":[{"name":"wp","href":"https:\/\/api.w.org\/{rel}","templated":true}]}}