{"id":13506,"date":"2025-08-18T18:19:54","date_gmt":"2025-08-18T15:19:54","guid":{"rendered":"https:\/\/pesu24.ee\/?post_type=product&#038;p=13506"},"modified":"2025-08-20T14:55:33","modified_gmt":"2025-08-20T11:55:33","slug":"body-obsessive-badossa","status":"publish","type":"product","link":"https:\/\/pesu24.ee\/en\/bodyd\/body-obsessive-badossa\/","title":{"rendered":"Body Obsessive Badossa"},"content":{"rendered":"<p>Pikad \u00f6\u00f6d t\u00e4is kuumi hetki kahele \u2013 n\u00fc\u00fcdsest ei saa te enam millelegi muule m\u00f5elda. \u00d5hukesed paelad r\u00f5hutavad teie keha nii seksikalt, lastes lennata teie s\u00fcgavaimad fantaasiad, mille t\u00e4itumine pole kunagi olnud nii lihtne ja meeldiv. Selle avatud body&#8217;ga ei hakka teil iialgi igav ..<\/p>\n<p><span style=\"color: #008000;\"><strong>KOMPLEKT SISALDAB:<\/strong><\/span><\/p>\n<ul>\n<li>avatud body<\/li>\n<li>eemaldatavad sukapaelad<\/li>\n<li>NB! sukad ei kuulu komplekti<\/li>\n<\/ul>\n<p>Body sobib perfektselt kokku <a href=\"https:\/\/pesu24.ee\/en\/sukad\/sukad-obsessive-s800\/\">Obsessive S800 mustade sukkadega<\/a>. Kui soovite \u00f5htut muuta veelgi erilisemaks, siis lisage ka <a href=\"https:\/\/pesu24.ee\/en\/aksessuaarid\/mask-obsessive-a701-must\/\">Obsessive A701 mask<\/a>.<\/p>\n<p><span style=\"color: #008000;\"><strong>DETAILS:<\/strong><\/span><\/p>\n<ul>\n<li>avatud rinnakorvi &amp; jalgevahega body<\/li>\n<li>sensuaalsetest paeltest disain<\/li>\n<li>elegantne\u00a0guip\u00fc\u00fcr\u00a0rindade kohal<\/li>\n<li>reguleeritavad \u00f5lapaelad<\/li>\n<li>rinnakorvil tugikaared<\/li>\n<li>taga astmeline kinnitus<\/li>\n<li>mugav ning veniv materjal (44% pol\u00fcamiid, 56% elastaan)<\/li>\n<\/ul>","protected":false},"excerpt":{"rendered":"<p>&#46;&#46;&#46;<\/p>","protected":false},"featured_media":13583,"comment_status":"open","ping_status":"closed","template":"","meta":{"_glsr_average":0,"_glsr_ranking":0,"_glsr_reviews":0},"product_brand":[500],"product_cat":[89],"product_tag":[160],"class_list":{"0":"post-13506","1":"product","2":"type-product","3":"status-publish","4":"has-post-thumbnail","6":"product_brand-obsessive","7":"product_cat-bodyd","8":"product_tag-obsessive","9":"pa_suurus-l-xl","10":"pa_suurus-s-m","11":"pa_varvus-must","13":"first","14":"instock","15":"sold-individually","16":"taxable","17":"shipping-taxable","18":"purchasable","19":"product-type-variable"},"_links":{"self":[{"href":"https:\/\/pesu24.ee\/en\/wp-json\/wp\/v2\/product\/13506","targetHints":{"allow":["GET"]}}],"collection":[{"href":"https:\/\/pesu24.ee\/en\/wp-json\/wp\/v2\/product"}],"about":[{"href":"https:\/\/pesu24.ee\/en\/wp-json\/wp\/v2\/types\/product"}],"replies":[{"embeddable":true,"href":"https:\/\/pesu24.ee\/en\/wp-json\/wp\/v2\/comments?post=13506"}],"wp:featuredmedia":[{"embeddable":true,"href":"https:\/\/pesu24.ee\/en\/wp-json\/wp\/v2\/media\/13583"}],"wp:attachment":[{"href":"https:\/\/pesu24.ee\/en\/wp-json\/wp\/v2\/media?parent=13506"}],"wp:term":[{"taxonomy":"product_brand","embeddable":true,"href":"https:\/\/pesu24.ee\/en\/wp-json\/wp\/v2\/product_brand?post=13506"},{"taxonomy":"product_cat","embeddable":true,"href":"https:\/\/pesu24.ee\/en\/wp-json\/wp\/v2\/product_cat?post=13506"},{"taxonomy":"product_tag","embeddable":true,"href":"https:\/\/pesu24.ee\/en\/wp-json\/wp\/v2\/product_tag?post=13506"}],"curies":[{"name":"wp","href":"https:\/\/api.w.org\/{rel}","templated":true}]}}