{"id":13508,"date":"2025-08-18T18:19:54","date_gmt":"2025-08-18T15:19:54","guid":{"rendered":"https:\/\/pesu24.ee\/?post_type=product&#038;p=13508"},"modified":"2025-08-20T14:55:34","modified_gmt":"2025-08-20T11:55:34","slug":"body-obsessive-vanessme","status":"publish","type":"product","link":"https:\/\/pesu24.ee\/en\/bodyd\/body-obsessive-vanessme\/","title":{"rendered":"Body Obsessive Vanessme"},"content":{"rendered":"<p>Nii et arvate, et ideaalset body pole olemas? Kui sa nii arvad, siis pole te kindlasti kunagi Obsessive Vanessme mudelit kandnud. See on t\u00e4iuslik tasakaal v\u00f5lu, elegantsuse ja mugavuse vahel.<\/p>\n<p>Keha kumerusi j\u00e4lgiv materjal paneb sind tundma nagu oleks see sinu teine nahk ja ahvatlevad detailid garanteerivad, et oled magamistoas imeline ja v\u00f5rgutav. Tunnistage ise \u2013 sellest pooll\u00e4bipaistvast pitsist ja l\u00f5ikest, mis figuuri nii kaunilt r\u00f5hutab, on raske silmi maha v\u00f5tta&#8230;<\/p>\n<p><span style=\"color: #008000;\"><strong>KOMPLEKT SISALDAB:<\/strong><\/span><\/p>\n<ul>\n<li>body<\/li>\n<\/ul>\n<p><span style=\"color: #008000;\"><strong>DETAILS:<\/strong><\/span><\/p>\n<ul>\n<li>sensuaalne must body<\/li>\n<li>kaunistatud burgundia toonis pitsiga<\/li>\n<li>pitsist selja osa<\/li>\n<li>reguleeritavad \u00f5lapaelad<\/li>\n<li>mugav ja elastne materjal (90% pol\u00fcamiid, 10% elastaan)<\/li>\n<\/ul>","protected":false},"excerpt":{"rendered":"<p>&#46;&#46;&#46;<\/p>","protected":false},"featured_media":13599,"comment_status":"open","ping_status":"closed","template":"","meta":{"_glsr_average":0,"_glsr_ranking":0,"_glsr_reviews":0},"product_brand":[500],"product_cat":[89],"product_tag":[160],"class_list":{"0":"post-13508","1":"product","2":"type-product","3":"status-publish","4":"has-post-thumbnail","6":"product_brand-obsessive","7":"product_cat-bodyd","8":"product_tag-obsessive","9":"pa_suurus-l-xl","10":"pa_suurus-s-m","11":"pa_suurus-xxl","12":"pa_varvus-must","14":"first","15":"instock","16":"sold-individually","17":"taxable","18":"shipping-taxable","19":"purchasable","20":"product-type-variable"},"_links":{"self":[{"href":"https:\/\/pesu24.ee\/en\/wp-json\/wp\/v2\/product\/13508","targetHints":{"allow":["GET"]}}],"collection":[{"href":"https:\/\/pesu24.ee\/en\/wp-json\/wp\/v2\/product"}],"about":[{"href":"https:\/\/pesu24.ee\/en\/wp-json\/wp\/v2\/types\/product"}],"replies":[{"embeddable":true,"href":"https:\/\/pesu24.ee\/en\/wp-json\/wp\/v2\/comments?post=13508"}],"wp:featuredmedia":[{"embeddable":true,"href":"https:\/\/pesu24.ee\/en\/wp-json\/wp\/v2\/media\/13599"}],"wp:attachment":[{"href":"https:\/\/pesu24.ee\/en\/wp-json\/wp\/v2\/media?parent=13508"}],"wp:term":[{"taxonomy":"product_brand","embeddable":true,"href":"https:\/\/pesu24.ee\/en\/wp-json\/wp\/v2\/product_brand?post=13508"},{"taxonomy":"product_cat","embeddable":true,"href":"https:\/\/pesu24.ee\/en\/wp-json\/wp\/v2\/product_cat?post=13508"},{"taxonomy":"product_tag","embeddable":true,"href":"https:\/\/pesu24.ee\/en\/wp-json\/wp\/v2\/product_tag?post=13508"}],"curies":[{"name":"wp","href":"https:\/\/api.w.org\/{rel}","templated":true}]}}