{"id":13528,"date":"2025-08-18T18:19:55","date_gmt":"2025-08-18T15:19:55","guid":{"rendered":"https:\/\/pesu24.ee\/?post_type=product&#038;p=13528"},"modified":"2025-08-20T14:55:33","modified_gmt":"2025-08-20T11:55:33","slug":"body-obsessive-giselia","status":"publish","type":"product","link":"https:\/\/pesu24.ee\/en\/bodyd\/body-obsessive-giselia\/","title":{"rendered":"Body Obsessive Giselia"},"content":{"rendered":"<p>Obsessive Giselia body&#8217;t iseloomustab ainulaadne koobaltsinine v\u00e4rv ja v\u00e4ga kaasaegne l\u00f5ige. Rinnakorvi alune \u00fchtne tugikaar tagab t\u00e4iusliku toe ja imelise v\u00e4limuse.<\/p>\n<p>S\u00fcgav dekoltee t\u00f5mbab t\u00e4helepanu ja muudab optiliselt teie figuuri seksikamaks. S\u00fcgavad l\u00f5iked r\u00f5hutavad tuharaid, pikendades samal ajal optiliselt s\u00e4\u00e4ri. Paljastatud seljaosa on t\u00e4helepanu k\u00f6itev element ja mugav kinnitus v\u00f5imaldab teil nautida t\u00e4ielikku mugavust.<\/p>\n<p><span style=\"color: #008000;\"><strong>KOMPLEKT SISALDAB:<\/strong><\/span><\/p>\n<ul>\n<li>body<\/li>\n<\/ul>\n<p><span style=\"color: #008000;\"><strong>DETAILS:<\/strong><\/span><\/p>\n<ul>\n<li>seksikas koobaltsinist tooni<\/li>\n<li>reguleeritavad paelad<\/li>\n<li>mugav kinnitus kaelal ja seljal<\/li>\n<li>rinnakorvil \u00fchtne tugikaar<\/li>\n<li>sensuaaln s\u00fcgav dekoltee<\/li>\n<li>\u00f5rnalt l\u00e4bipaistev materjal<\/li>\n<li>mugav &amp; elastne kangas (90% pol\u00fcamiid, 10% elastaan)<\/li>\n<\/ul>","protected":false},"excerpt":{"rendered":"<p>&#46;&#46;&#46;<\/p>","protected":false},"featured_media":13723,"comment_status":"open","ping_status":"closed","template":"","meta":{"_glsr_average":0,"_glsr_ranking":0,"_glsr_reviews":0},"product_brand":[500],"product_cat":[89],"product_tag":[160],"class_list":{"0":"post-13528","1":"product","2":"type-product","3":"status-publish","4":"has-post-thumbnail","6":"product_brand-obsessive","7":"product_cat-bodyd","8":"product_tag-obsessive","9":"pa_suurus-m-l","10":"pa_suurus-xs-s","11":"pa_varvus-sinine","13":"first","14":"instock","15":"sold-individually","16":"taxable","17":"shipping-taxable","18":"purchasable","19":"product-type-variable"},"_links":{"self":[{"href":"https:\/\/pesu24.ee\/en\/wp-json\/wp\/v2\/product\/13528","targetHints":{"allow":["GET"]}}],"collection":[{"href":"https:\/\/pesu24.ee\/en\/wp-json\/wp\/v2\/product"}],"about":[{"href":"https:\/\/pesu24.ee\/en\/wp-json\/wp\/v2\/types\/product"}],"replies":[{"embeddable":true,"href":"https:\/\/pesu24.ee\/en\/wp-json\/wp\/v2\/comments?post=13528"}],"wp:featuredmedia":[{"embeddable":true,"href":"https:\/\/pesu24.ee\/en\/wp-json\/wp\/v2\/media\/13723"}],"wp:attachment":[{"href":"https:\/\/pesu24.ee\/en\/wp-json\/wp\/v2\/media?parent=13528"}],"wp:term":[{"taxonomy":"product_brand","embeddable":true,"href":"https:\/\/pesu24.ee\/en\/wp-json\/wp\/v2\/product_brand?post=13528"},{"taxonomy":"product_cat","embeddable":true,"href":"https:\/\/pesu24.ee\/en\/wp-json\/wp\/v2\/product_cat?post=13528"},{"taxonomy":"product_tag","embeddable":true,"href":"https:\/\/pesu24.ee\/en\/wp-json\/wp\/v2\/product_tag?post=13528"}],"curies":[{"name":"wp","href":"https:\/\/api.w.org\/{rel}","templated":true}]}}