{"id":13545,"date":"2025-08-18T18:20:20","date_gmt":"2025-08-18T15:20:20","guid":{"rendered":"https:\/\/pesu24.ee\/?post_type=product&#038;p=13545"},"modified":"2026-03-23T12:11:44","modified_gmt":"2026-03-23T10:11:44","slug":"body-obsessive-moketta","status":"publish","type":"product","link":"https:\/\/pesu24.ee\/en\/bodyd\/body-obsessive-moketta\/","title":{"rendered":"Body Obsessive Moketta"},"content":{"rendered":"<p>Tooge oma loomulikku v\u00f5lu esile musta Obsessive Moketta body \u00e4\u00e4rmiselt naiseliku l\u00f5ikega. See kaunistab kaunilt teie keha, paljastab kenasti jalad ja r\u00f5hutab rindu, muutes selle super seksikaks. Vertikaalsed paelad salendavad optiliselt taljet ning \u00f5lgadel olev \u00f5huline pitsiviimistlus lisab kergust ja elegantsust.<\/p>\n<p><span style=\"color: #008000;\"><strong>KOMPLEKT SISALDAB:<\/strong><\/span><\/p>\n<ul>\n<li>body<\/li>\n<\/ul>\n<p><span style=\"color: #008000;\"><strong>DETAILS:<\/strong><\/span><\/p>\n<ul>\n<li>bodyl all astmeline kinnitus<\/li>\n<li>naiseliku l\u00f5ikega<\/li>\n<li>sile kangas koos l\u00e4ikivate paeltega<\/li>\n<li>rinnakorvil tugikaared<\/li>\n<li>kaunistatud pitsiga<\/li>\n<li>mugav ja elastne Multistretch kangas (85% pol\u00fcamiid, 15% elastaan)<\/li>\n<\/ul>\n<p><span style=\"color: #008000;\"><strong>VIDEO:<\/strong><\/span><\/p>\n<div class=\"video-container\"><iframe loading=\"lazy\" title=\"BODY MOKETTA TEDDY - OBSESSIVE\" width=\"500\" height=\"281\" src=\"https:\/\/www.youtube.com\/embed\/X__bkang55Y?feature=oembed&#038;wmode=opaque\" frameborder=\"0\" allow=\"accelerometer; autoplay; clipboard-write; encrypted-media; gyroscope; picture-in-picture; web-share\" referrerpolicy=\"strict-origin-when-cross-origin\" allowfullscreen><\/iframe><\/div>","protected":false},"excerpt":{"rendered":"<p>&#46;&#46;&#46;<\/p>","protected":false},"featured_media":13746,"comment_status":"open","ping_status":"closed","template":"","meta":{"_glsr_average":0,"_glsr_ranking":0,"_glsr_reviews":0},"product_brand":[500],"product_cat":[89],"product_tag":[160],"class_list":{"0":"post-13545","1":"product","2":"type-product","3":"status-publish","4":"has-post-thumbnail","6":"product_brand-obsessive","7":"product_cat-bodyd","8":"product_tag-obsessive","9":"pa_suurus-l-xl","10":"pa_suurus-s-m","11":"pa_suurus-xxl","12":"pa_varvus-must","14":"first","15":"instock","16":"sale","17":"sold-individually","18":"taxable","19":"shipping-taxable","20":"purchasable","21":"product-type-variable"},"_links":{"self":[{"href":"https:\/\/pesu24.ee\/en\/wp-json\/wp\/v2\/product\/13545","targetHints":{"allow":["GET"]}}],"collection":[{"href":"https:\/\/pesu24.ee\/en\/wp-json\/wp\/v2\/product"}],"about":[{"href":"https:\/\/pesu24.ee\/en\/wp-json\/wp\/v2\/types\/product"}],"replies":[{"embeddable":true,"href":"https:\/\/pesu24.ee\/en\/wp-json\/wp\/v2\/comments?post=13545"}],"wp:featuredmedia":[{"embeddable":true,"href":"https:\/\/pesu24.ee\/en\/wp-json\/wp\/v2\/media\/13746"}],"wp:attachment":[{"href":"https:\/\/pesu24.ee\/en\/wp-json\/wp\/v2\/media?parent=13545"}],"wp:term":[{"taxonomy":"product_brand","embeddable":true,"href":"https:\/\/pesu24.ee\/en\/wp-json\/wp\/v2\/product_brand?post=13545"},{"taxonomy":"product_cat","embeddable":true,"href":"https:\/\/pesu24.ee\/en\/wp-json\/wp\/v2\/product_cat?post=13545"},{"taxonomy":"product_tag","embeddable":true,"href":"https:\/\/pesu24.ee\/en\/wp-json\/wp\/v2\/product_tag?post=13545"}],"curies":[{"name":"wp","href":"https:\/\/api.w.org\/{rel}","templated":true}]}}