{"id":13581,"date":"2025-08-18T18:21:17","date_gmt":"2025-08-18T15:21:17","guid":{"rendered":"https:\/\/pesu24.ee\/?post_type=product&#038;p=13581"},"modified":"2025-08-20T14:55:32","modified_gmt":"2025-08-20T11:55:32","slug":"body-obsessive-estiqua","status":"publish","type":"product","link":"https:\/\/pesu24.ee\/en\/bodyd\/body-obsessive-estiqua\/","title":{"rendered":"Body Obsessive Estiqua"},"content":{"rendered":"<p>See \u00f5rn ja \u00e4\u00e4rmiselt naiselik Obsessive Estiqua body teab, kuidas muuta omavaheline \u00f5htu meeldej\u00e4\u00e4vaks ja eriliseks. Seksikas l\u00f5ige r\u00f5hutab suurep\u00e4raselt naiselikku figuuri ja l\u00e4bikumav kangas v\u00f5imaldab teile veelgi pikantsemaid naudinguid.<\/p>\n<p>Sensuaalselt r\u00f5hutatud rinnakorv ja paljastunud selg on t\u00e4helepanu k\u00f6itvad elemendid ning maitsvalt paljastunud tuharad lisavad tervikule veelgi rohkem seksuaalsust.<\/p>\n<p><span style=\"color: #008000;\"><strong>KOMPLEKT SISALDAB:<\/strong><\/span><\/p>\n<ul>\n<li>body<\/li>\n<\/ul>\n<p><span style=\"color: #008000;\"><strong>DETAILS:<\/strong><\/span><\/p>\n<ul>\n<li>seksikas body<\/li>\n<li>l\u00e4bikumav kangas<\/li>\n<li>reguleeritavad \u00f5lapaelad<\/li>\n<li>kolmnurkse l\u00f5ikega rinnakorv<\/li>\n<li>kaunistatud pitsiga<\/li>\n<li>paljastatud selg ja tuharad<\/li>\n<li>mugav &amp; elastne kangas (85% pol\u00fcamiid, 15% elastaan)<\/li>\n<\/ul>\n<p><span style=\"color: #008000;\"><strong>VIDEO<\/strong><\/span><\/p>\n<div class=\"video-container\"><iframe loading=\"lazy\" title=\"JEMN\u00c9 BODY ESTIQUA TEDDY - OBSESSIVE\" width=\"500\" height=\"281\" src=\"https:\/\/www.youtube.com\/embed\/dd946csjp9g?feature=oembed&#038;wmode=opaque\" frameborder=\"0\" allow=\"accelerometer; autoplay; clipboard-write; encrypted-media; gyroscope; picture-in-picture; web-share\" referrerpolicy=\"strict-origin-when-cross-origin\" allowfullscreen><\/iframe><\/div>","protected":false},"excerpt":{"rendered":"<p>&#46;&#46;&#46;<\/p>","protected":false},"featured_media":13770,"comment_status":"open","ping_status":"closed","template":"","meta":{"_glsr_average":0,"_glsr_ranking":0,"_glsr_reviews":0},"product_brand":[500],"product_cat":[89],"product_tag":[160],"class_list":{"0":"post-13581","1":"product","2":"type-product","3":"status-publish","4":"has-post-thumbnail","6":"product_brand-obsessive","7":"product_cat-bodyd","8":"product_tag-obsessive","9":"pa_suurus-m-l","10":"pa_suurus-xs-s","11":"pa_varvus-must","13":"first","14":"instock","15":"sold-individually","16":"taxable","17":"shipping-taxable","18":"purchasable","19":"product-type-variable"},"_links":{"self":[{"href":"https:\/\/pesu24.ee\/en\/wp-json\/wp\/v2\/product\/13581","targetHints":{"allow":["GET"]}}],"collection":[{"href":"https:\/\/pesu24.ee\/en\/wp-json\/wp\/v2\/product"}],"about":[{"href":"https:\/\/pesu24.ee\/en\/wp-json\/wp\/v2\/types\/product"}],"replies":[{"embeddable":true,"href":"https:\/\/pesu24.ee\/en\/wp-json\/wp\/v2\/comments?post=13581"}],"wp:featuredmedia":[{"embeddable":true,"href":"https:\/\/pesu24.ee\/en\/wp-json\/wp\/v2\/media\/13770"}],"wp:attachment":[{"href":"https:\/\/pesu24.ee\/en\/wp-json\/wp\/v2\/media?parent=13581"}],"wp:term":[{"taxonomy":"product_brand","embeddable":true,"href":"https:\/\/pesu24.ee\/en\/wp-json\/wp\/v2\/product_brand?post=13581"},{"taxonomy":"product_cat","embeddable":true,"href":"https:\/\/pesu24.ee\/en\/wp-json\/wp\/v2\/product_cat?post=13581"},{"taxonomy":"product_tag","embeddable":true,"href":"https:\/\/pesu24.ee\/en\/wp-json\/wp\/v2\/product_tag?post=13581"}],"curies":[{"name":"wp","href":"https:\/\/api.w.org\/{rel}","templated":true}]}}