{"id":13582,"date":"2025-08-18T18:21:17","date_gmt":"2025-08-18T15:21:17","guid":{"rendered":"https:\/\/pesu24.ee\/?post_type=product&#038;p=13582"},"modified":"2025-08-20T17:28:45","modified_gmt":"2025-08-20T14:28:45","slug":"body-axami-v-10100","status":"publish","type":"product","link":"https:\/\/pesu24.ee\/en\/bodyd\/body-axami-v-10100\/","title":{"rendered":"Body Axami V-10100"},"content":{"rendered":"<p><strong>See <a href=\"https:\/\/pesu24.ee\/en\/omadus\/sensual-paradise\/\">Sensual Paradise pesukollektsiooni<\/a> kuuluv Axami pesubr\u00e4ndi naiselik body V-10100 on kombinatsioon klassikalisest mustast kangast ja peentest kuldsetest elementidest ning intrigeerivatest kaunistustest.<\/strong><\/p>\n<p>Pooll\u00e4bipaistev ja avadega pits v\u00f5imaldab vaatajatel nautida teie sametist nahka, samas naiselik muster ja satiinist paelad r\u00f5hutavad naiselikku figuuri ja kehakumerusi, j\u00e4ttes piisavalt ruumi fantaasiale.<\/p>\n<p>Body keskosa on omavahel \u00fchendatud kaheteistk\u00fcmne paelakesega, millel iga\u00fchel kuldne kaunistus, mis lisab juurde s\u00e4ra ja luksuslikkust. T\u00e4pselt samad kaunistused on ka seljal alumise osas paeladel.<\/p>\n<p>Body on tagant paeladest reguleeritav ning konksudega kinnitatav tagant. Samuti haakidega kinnitatav jalgevahelt, mis annab v\u00f5imaluse kasutada body avatuna.\u00a0Rinnakorv pehme, ilma polsterduste ja tugikaarteta (alustraatideta).<\/p>\n<p><span style=\"color: #008000;\"><strong>OMADUSED<\/strong><\/span><\/p>\n<ul>\n<li>komplektis body<\/li>\n<li>must-kuldne (vaata tootefotosid)<\/li>\n<li>body seljalt ja jalgevahelt haakidega suletav<\/li>\n<li>paeladest reguleeritav<\/li>\n<li>peen ja kvaliteetne kangas<\/li>\n<li>comfortable to wear, pleasant to feel against the body<\/li>\n<li>tootja\u00a0<a href=\"https:\/\/pesu24.ee\/en\/omadus\/axami\/\">Axami<\/a><\/li>\n<li>85% pol\u00fcamiid, 12% elastaan, 1% puuvill<\/li>\n<li>saadaval suurustes XS kuni XL<\/li>\n<\/ul>\n<p>PS! Kui sobivat suurust valikus ei ole, v\u00f5ta julgesti \u00fchendust aadressil\u00a0support@pesu24.ee.\u00a0Kui valik n\u00e4itab j\u00e4reltellimisel, siis see suurus on hetkel laost otsas ja p\u00e4rast ostu sooritamist see tellitakse (kuni 14 t\u00f6\u00f6p\u00e4eva)<\/p>","protected":false},"excerpt":{"rendered":"<p>&#46;&#46;&#46;<\/p>","protected":false},"featured_media":13779,"comment_status":"open","ping_status":"closed","template":"","meta":{"_glsr_average":0,"_glsr_ranking":0,"_glsr_reviews":0},"product_brand":[502],"product_cat":[89],"product_tag":[333,334],"class_list":{"0":"post-13582","1":"product","2":"type-product","3":"status-publish","4":"has-post-thumbnail","6":"product_brand-axami","7":"product_cat-bodyd","8":"product_tag-axami","9":"product_tag-sensual-paradise","10":"pa_suurus-l","11":"pa_suurus-m","12":"pa_suurus-s","13":"pa_suurus-xl","14":"pa_varvus-must","16":"first","17":"instock","18":"sold-individually","19":"taxable","20":"shipping-taxable","21":"purchasable","22":"product-type-variable"},"_links":{"self":[{"href":"https:\/\/pesu24.ee\/en\/wp-json\/wp\/v2\/product\/13582","targetHints":{"allow":["GET"]}}],"collection":[{"href":"https:\/\/pesu24.ee\/en\/wp-json\/wp\/v2\/product"}],"about":[{"href":"https:\/\/pesu24.ee\/en\/wp-json\/wp\/v2\/types\/product"}],"replies":[{"embeddable":true,"href":"https:\/\/pesu24.ee\/en\/wp-json\/wp\/v2\/comments?post=13582"}],"wp:featuredmedia":[{"embeddable":true,"href":"https:\/\/pesu24.ee\/en\/wp-json\/wp\/v2\/media\/13779"}],"wp:attachment":[{"href":"https:\/\/pesu24.ee\/en\/wp-json\/wp\/v2\/media?parent=13582"}],"wp:term":[{"taxonomy":"product_brand","embeddable":true,"href":"https:\/\/pesu24.ee\/en\/wp-json\/wp\/v2\/product_brand?post=13582"},{"taxonomy":"product_cat","embeddable":true,"href":"https:\/\/pesu24.ee\/en\/wp-json\/wp\/v2\/product_cat?post=13582"},{"taxonomy":"product_tag","embeddable":true,"href":"https:\/\/pesu24.ee\/en\/wp-json\/wp\/v2\/product_tag?post=13582"}],"curies":[{"name":"wp","href":"https:\/\/api.w.org\/{rel}","templated":true}]}}