{"id":13615,"date":"2025-08-18T18:22:12","date_gmt":"2025-08-18T15:22:12","guid":{"rendered":"https:\/\/pesu24.ee\/?post_type=product&#038;p=13615"},"modified":"2025-09-15T12:44:13","modified_gmt":"2025-09-15T09:44:13","slug":"body-obsessive-dagmarie","status":"publish","type":"product","link":"https:\/\/pesu24.ee\/en\/bodyd\/body-obsessive-dagmarie\/","title":{"rendered":"Body Obsessive Dagmarie"},"content":{"rendered":"<p>Seksikas pitsist Obsessive Dagmarie body ahvatleb mahlase punase tooniga ja v\u00f5lub seksika l\u00f5ikega, mis paljastab k\u00f5ik teie imelise figuuri olulised kohad. S\u00fcgav dekoltee paljastab ja r\u00f5hutab kaunilt b\u00fcsti ning avatud seljaosa lisab seksikust.<\/p>\n<p>Avatud jalgevahe on stiimuliks nii kuuma magamistoa naudinguteks kui ka kujutlusv\u00f5ime s\u00fc\u00fctamiseks.<\/p>\n<p><span style=\"color: #008000;\"><strong>KOMPLEKT SISALDAB:<\/strong><\/span><\/p>\n<ul>\n<li>body<\/li>\n<\/ul>\n<p><span style=\"color: #008000;\"><strong>DETAILS:<\/strong><\/span><\/p>\n<ul>\n<li>s\u00fcgav punast tooni<\/li>\n<li>kaunistatud elegantsepitsiga<\/li>\n<li>s\u00fcgav dekoltee<\/li>\n<li>avatud selg<\/li>\n<li>avatud jalgevahe<\/li>\n<li>kaela tagant seotav<\/li>\n<li>mugav &amp; elastne kangas (90% nailon, 10% elastaan)<\/li>\n<\/ul>\n<p><span style=\"color: #008000;\"><strong>VIDEO<\/strong><\/span><\/p>\n<div class=\"video-container\"><iframe loading=\"lazy\" title=\"ELEGANTN\u00cd BODY DAGMARIE TEDDY - OBSESSIVE\" width=\"500\" height=\"281\" src=\"https:\/\/www.youtube.com\/embed\/ghKEuI0Wo8Y?feature=oembed&#038;wmode=opaque\" frameborder=\"0\" allow=\"accelerometer; autoplay; clipboard-write; encrypted-media; gyroscope; picture-in-picture; web-share\" referrerpolicy=\"strict-origin-when-cross-origin\" allowfullscreen><\/iframe><\/div>","protected":false},"excerpt":{"rendered":"<p>&#46;&#46;&#46;<\/p>","protected":false},"featured_media":13799,"comment_status":"open","ping_status":"closed","template":"","meta":{"_glsr_average":0,"_glsr_ranking":0,"_glsr_reviews":0},"product_brand":[500],"product_cat":[89],"product_tag":[160],"class_list":{"0":"post-13615","1":"product","2":"type-product","3":"status-publish","4":"has-post-thumbnail","6":"product_brand-obsessive","7":"product_cat-bodyd","8":"product_tag-obsessive","9":"pa_suurus-m-l","10":"pa_suurus-xs-s","11":"pa_varvus-punane","13":"first","14":"instock","15":"sold-individually","16":"taxable","17":"shipping-taxable","18":"purchasable","19":"product-type-variable"},"_links":{"self":[{"href":"https:\/\/pesu24.ee\/en\/wp-json\/wp\/v2\/product\/13615","targetHints":{"allow":["GET"]}}],"collection":[{"href":"https:\/\/pesu24.ee\/en\/wp-json\/wp\/v2\/product"}],"about":[{"href":"https:\/\/pesu24.ee\/en\/wp-json\/wp\/v2\/types\/product"}],"replies":[{"embeddable":true,"href":"https:\/\/pesu24.ee\/en\/wp-json\/wp\/v2\/comments?post=13615"}],"wp:featuredmedia":[{"embeddable":true,"href":"https:\/\/pesu24.ee\/en\/wp-json\/wp\/v2\/media\/13799"}],"wp:attachment":[{"href":"https:\/\/pesu24.ee\/en\/wp-json\/wp\/v2\/media?parent=13615"}],"wp:term":[{"taxonomy":"product_brand","embeddable":true,"href":"https:\/\/pesu24.ee\/en\/wp-json\/wp\/v2\/product_brand?post=13615"},{"taxonomy":"product_cat","embeddable":true,"href":"https:\/\/pesu24.ee\/en\/wp-json\/wp\/v2\/product_cat?post=13615"},{"taxonomy":"product_tag","embeddable":true,"href":"https:\/\/pesu24.ee\/en\/wp-json\/wp\/v2\/product_tag?post=13615"}],"curies":[{"name":"wp","href":"https:\/\/api.w.org\/{rel}","templated":true}]}}