{"id":13616,"date":"2025-08-18T18:22:12","date_gmt":"2025-08-18T15:22:12","guid":{"rendered":"https:\/\/pesu24.ee\/?post_type=product&#038;p=13616"},"modified":"2025-12-15T15:03:57","modified_gmt":"2025-12-15T12:03:57","slug":"body-noir-handmade-f294","status":"publish","type":"product","link":"https:\/\/pesu24.ee\/en\/bodyd\/body-noir-handmade-f294\/","title":{"rendered":"Body Noir Handmade F294"},"content":{"rendered":"<p>Noir Handmade F294 body on imelise <em>wet-look<\/em> stiiliga, mille k\u00f5rge l\u00f5ikega \u00e4\u00e4ris toob imeliselt esile teie tuharad ja naiseliku figuuri.<\/p>\n<p>Body on eest h\u00f5bedase kahesuunalise lukuga avatav. Lisaks on ka body jalgevahe kahesuunalise lukuga avatav.<\/p>\n<p><span style=\"color: #008000;\"><strong>KOMPLEKT SISALDAB:<\/strong><\/span><\/p>\n<ul>\n<li>body<\/li>\n<\/ul>\n<p>Lisaks v\u00f5ivad teile meeldida j\u00e4rgmised Noir Handmade tooted: <a href=\"https:\/\/pesu24.ee\/en\/puksid-pukskostuumid\/avatud-seljaga-overall-noir-handmade-f286\/\">overall F286<\/a>, <a href=\"https:\/\/pesu24.ee\/en\/bodyd\/body-noir-handmade-f287\/\">body F287<\/a> ja <a href=\"https:\/\/pesu24.ee\/en\/puksid-pukskostuumid\/overall-noir-handmade-f293\/\">overall F293<\/a>.<\/p>\n<p><span style=\"color: #008000;\"><strong>DETAILS:<\/strong><\/span><\/p>\n<ul>\n<li><em>wet-look<\/em> stiilis<\/li>\n<li>erilise disainiga<\/li>\n<li>eest kahesuunalise lukuga avatav<\/li>\n<li>jalgaevahe kahesuunalise lukuga avatav<\/li>\n<li>mugav ja elastne kangas (76% pol\u00fcester; 24% elastaan)<\/li>\n<\/ul>","protected":false},"excerpt":{"rendered":"<p>&#46;&#46;&#46;<\/p>","protected":false},"featured_media":13806,"comment_status":"open","ping_status":"closed","template":"","meta":{"_glsr_average":0,"_glsr_ranking":0,"_glsr_reviews":0},"product_brand":[501],"product_cat":[89],"product_tag":[398,218],"class_list":{"0":"post-13616","1":"product","2":"type-product","3":"status-publish","4":"has-post-thumbnail","6":"product_brand-noir-handmade","7":"product_cat-bodyd","8":"product_tag-latekspesu","9":"product_tag-noir-handmade","10":"pa_suurus-l","11":"pa_suurus-m","12":"pa_suurus-s","13":"pa_suurus-xl","14":"pa_varvus-must","16":"first","17":"instock","18":"sold-individually","19":"taxable","20":"shipping-taxable","21":"purchasable","22":"product-type-variable"},"_links":{"self":[{"href":"https:\/\/pesu24.ee\/en\/wp-json\/wp\/v2\/product\/13616","targetHints":{"allow":["GET"]}}],"collection":[{"href":"https:\/\/pesu24.ee\/en\/wp-json\/wp\/v2\/product"}],"about":[{"href":"https:\/\/pesu24.ee\/en\/wp-json\/wp\/v2\/types\/product"}],"replies":[{"embeddable":true,"href":"https:\/\/pesu24.ee\/en\/wp-json\/wp\/v2\/comments?post=13616"}],"wp:featuredmedia":[{"embeddable":true,"href":"https:\/\/pesu24.ee\/en\/wp-json\/wp\/v2\/media\/13806"}],"wp:attachment":[{"href":"https:\/\/pesu24.ee\/en\/wp-json\/wp\/v2\/media?parent=13616"}],"wp:term":[{"taxonomy":"product_brand","embeddable":true,"href":"https:\/\/pesu24.ee\/en\/wp-json\/wp\/v2\/product_brand?post=13616"},{"taxonomy":"product_cat","embeddable":true,"href":"https:\/\/pesu24.ee\/en\/wp-json\/wp\/v2\/product_cat?post=13616"},{"taxonomy":"product_tag","embeddable":true,"href":"https:\/\/pesu24.ee\/en\/wp-json\/wp\/v2\/product_tag?post=13616"}],"curies":[{"name":"wp","href":"https:\/\/api.w.org\/{rel}","templated":true}]}}