{"id":13630,"date":"2025-08-18T18:22:32","date_gmt":"2025-08-18T15:22:32","guid":{"rendered":"https:\/\/pesu24.ee\/?post_type=product&#038;p=13630"},"modified":"2025-08-20T14:58:05","modified_gmt":"2025-08-20T11:58:05","slug":"body-noir-handmade-f287","status":"publish","type":"product","link":"https:\/\/pesu24.ee\/en\/bodyd\/body-noir-handmade-f287\/","title":{"rendered":"Body Noir Handmade F287"},"content":{"rendered":"<p>Noir Handmade F287 body on valmistatud pooll\u00e4bipaistvast t\u00fcllist, mida kaunistab leopardimuster. Bodyl on\u00a0 k\u00f5rge l\u00f5ikega \u00e4\u00e4ris, mis toob imeliselt esile teie tuharad ja naiseliku figuuri.<\/p>\n<p>Body on eest kahesuunalise lukuga avatav. Lisaks on ka body jalgevahe kahesuunalise lukuga avatav.<\/p>\n<p><span style=\"color: #008000;\"><strong>KOMPLEKT SISALDAB:<\/strong><\/span><\/p>\n<ul>\n<li>body<\/li>\n<\/ul>\n<p>Lisaks v\u00f5ivad teile meeldida j\u00e4rgmised Noir Handmade tooted: <a href=\"https:\/\/pesu24.ee\/en\/puksid-pukskostuumid\/leopardi-mustriga-overall-noir-handmade-f285\/\">overall F285<\/a>, <a href=\"https:\/\/pesu24.ee\/en\/topid-rinnahoidjad\/topp-noir-handmade-f289\/\">topp F289<\/a> ja <a href=\"https:\/\/pesu24.ee\/en\/stringid-puksikud\/korge-pihaga-puksikud-noir-handmade-f290\/\">p\u00fcksikud F290<\/a>.<\/p>\n<p><span style=\"color: #008000;\"><strong>DETAILS:<\/strong><\/span><\/p>\n<ul>\n<li>valmistatud pooll\u00e4bipaistvast t\u00fcllist<\/li>\n<li>kaunistatud leopardimustriga<\/li>\n<li>eest kahesuunalise lukuga avatav<\/li>\n<li>jalgevahe kahesuunanlise lukuga avatav<\/li>\n<li>seksika l\u00f5ikega<\/li>\n<li>pikad varrukad<\/li>\n<li>mugav ja elastne kangas (90% pol\u00fcester; 10% elastaan)<\/li>\n<\/ul>","protected":false},"excerpt":{"rendered":"<p>&#46;&#46;&#46;<\/p>","protected":false},"featured_media":13815,"comment_status":"open","ping_status":"closed","template":"","meta":{"_glsr_average":0,"_glsr_ranking":0,"_glsr_reviews":0},"product_brand":[501],"product_cat":[89],"product_tag":[398,218],"class_list":{"0":"post-13630","1":"product","2":"type-product","3":"status-publish","4":"has-post-thumbnail","6":"product_brand-noir-handmade","7":"product_cat-bodyd","8":"product_tag-latekspesu","9":"product_tag-noir-handmade","10":"pa_suurus-l","11":"pa_suurus-m","12":"pa_suurus-s","13":"pa_suurus-xl","14":"pa_varvus-must","16":"first","17":"instock","18":"sold-individually","19":"taxable","20":"shipping-taxable","21":"purchasable","22":"product-type-variable"},"_links":{"self":[{"href":"https:\/\/pesu24.ee\/en\/wp-json\/wp\/v2\/product\/13630","targetHints":{"allow":["GET"]}}],"collection":[{"href":"https:\/\/pesu24.ee\/en\/wp-json\/wp\/v2\/product"}],"about":[{"href":"https:\/\/pesu24.ee\/en\/wp-json\/wp\/v2\/types\/product"}],"replies":[{"embeddable":true,"href":"https:\/\/pesu24.ee\/en\/wp-json\/wp\/v2\/comments?post=13630"}],"wp:featuredmedia":[{"embeddable":true,"href":"https:\/\/pesu24.ee\/en\/wp-json\/wp\/v2\/media\/13815"}],"wp:attachment":[{"href":"https:\/\/pesu24.ee\/en\/wp-json\/wp\/v2\/media?parent=13630"}],"wp:term":[{"taxonomy":"product_brand","embeddable":true,"href":"https:\/\/pesu24.ee\/en\/wp-json\/wp\/v2\/product_brand?post=13630"},{"taxonomy":"product_cat","embeddable":true,"href":"https:\/\/pesu24.ee\/en\/wp-json\/wp\/v2\/product_cat?post=13630"},{"taxonomy":"product_tag","embeddable":true,"href":"https:\/\/pesu24.ee\/en\/wp-json\/wp\/v2\/product_tag?post=13630"}],"curies":[{"name":"wp","href":"https:\/\/api.w.org\/{rel}","templated":true}]}}