{"id":13631,"date":"2025-08-18T18:22:32","date_gmt":"2025-08-18T15:22:32","guid":{"rendered":"https:\/\/pesu24.ee\/?post_type=product&#038;p=13631"},"modified":"2025-08-20T17:14:59","modified_gmt":"2025-08-20T14:14:59","slug":"body-axami-v-9430-kirsipunane","status":"publish","type":"product","link":"https:\/\/pesu24.ee\/en\/bodyd\/body-axami-v-9430-kirsipunane\/","title":{"rendered":"Body Axami V-9430 (kirsipunane)"},"content":{"rendered":"<p><strong>Elegantne ja sensuaalne pooll\u00e4bipaistvast kangast bodi Axami V-9430 v\u00f5rgutavas veinipunases v\u00e4rvitoonis, mis t\u00f5mbab ligi paljude pilke ja \u00e4ratab meeli.<\/strong><\/p>\n<p>Ajatu muster ning kerge idamaise pitsi ja \u00f5rna t\u00fclli kombinatsioon teevad sellest suurep\u00e4rase garderoobi elemendi unustamatuteks \u00f5htuteks. Soovi korral sama body on saadaval ka musta v\u00e4rvina. Selleks tutvu <a href=\"https:\/\/pesu24.ee\/en\/stringid-puksikud\/body-axami-v-9490-must\/\">Axami V-9490 bodyga<\/a>.<\/p>\n<p>Seljalt ja kuklalt paeladest reguleeritav ja jalgevahelt neljas-astmelise kinnitusega. V\u00e4ga kvaliteetne ja elastne kangas, mis tagab ideaalse sobivuse ja kandmismugavuse.<\/p>\n<p><span style=\"color: #008000;\"><strong>DETAILS<\/strong><\/span><\/p>\n<ul>\n<li>komplektis veinipunane body<\/li>\n<li>pooll\u00e4bipistev pits-kangas<\/li>\n<li>kukla \u2013 ja selja tagant paeladest reguleeritav<\/li>\n<li>jalgevahelt 4-astmelise kinnitusega<\/li>\n<li>kvaliteetne ja elastne kangas tagab ideaalse sobivuse<\/li>\n<li>pol\u00fcamiid 61%, viskoos 31%, pol\u00fcester 5%, puuvill 3%<\/li>\n<\/ul>\n<p>Kindlasti tutvuda toode m\u00f5\u00f5tude tabeliga ja lisaks soovitame tutvuda ka teiste <a href=\"https:\/\/pesu24.ee\/en\/omadus\/axami\/\">Axami pesudega<\/a>.<\/p>","protected":false},"excerpt":{"rendered":"<p>&#46;&#46;&#46;<\/p>","protected":false},"featured_media":13822,"comment_status":"open","ping_status":"closed","template":"","meta":{"_glsr_average":0,"_glsr_ranking":0,"_glsr_reviews":0},"product_brand":[502],"product_cat":[89],"product_tag":[333,436],"class_list":{"0":"post-13631","1":"product","2":"type-product","3":"status-publish","4":"has-post-thumbnail","6":"product_brand-axami","7":"product_cat-bodyd","8":"product_tag-axami","9":"product_tag-malaca-loca","10":"pa_suurus-l","11":"pa_suurus-m","12":"pa_suurus-s","13":"pa_suurus-xl","14":"pa_varvus-lilla","16":"first","17":"instock","18":"sold-individually","19":"taxable","20":"shipping-taxable","21":"purchasable","22":"product-type-variable"},"_links":{"self":[{"href":"https:\/\/pesu24.ee\/en\/wp-json\/wp\/v2\/product\/13631","targetHints":{"allow":["GET"]}}],"collection":[{"href":"https:\/\/pesu24.ee\/en\/wp-json\/wp\/v2\/product"}],"about":[{"href":"https:\/\/pesu24.ee\/en\/wp-json\/wp\/v2\/types\/product"}],"replies":[{"embeddable":true,"href":"https:\/\/pesu24.ee\/en\/wp-json\/wp\/v2\/comments?post=13631"}],"wp:featuredmedia":[{"embeddable":true,"href":"https:\/\/pesu24.ee\/en\/wp-json\/wp\/v2\/media\/13822"}],"wp:attachment":[{"href":"https:\/\/pesu24.ee\/en\/wp-json\/wp\/v2\/media?parent=13631"}],"wp:term":[{"taxonomy":"product_brand","embeddable":true,"href":"https:\/\/pesu24.ee\/en\/wp-json\/wp\/v2\/product_brand?post=13631"},{"taxonomy":"product_cat","embeddable":true,"href":"https:\/\/pesu24.ee\/en\/wp-json\/wp\/v2\/product_cat?post=13631"},{"taxonomy":"product_tag","embeddable":true,"href":"https:\/\/pesu24.ee\/en\/wp-json\/wp\/v2\/product_tag?post=13631"}],"curies":[{"name":"wp","href":"https:\/\/api.w.org\/{rel}","templated":true}]}}