{"id":13651,"date":"2025-10-17T13:23:00","date_gmt":"2025-10-17T10:23:00","guid":{"rendered":"https:\/\/pesu24.ee\/?post_type=product&#038;p=13651"},"modified":"2025-10-17T14:32:16","modified_gmt":"2025-10-17T11:32:16","slug":"body-obsessive-milladis","status":"publish","type":"product","link":"https:\/\/pesu24.ee\/en\/bodyd\/body-obsessive-milladis\/","title":{"rendered":"Body Obsessive Milladis"},"content":{"rendered":"<p>Obsessive Milladis body on <a href=\"https:\/\/pesu24.ee\/en\/omadus\/obsessive-milladis\/\">Obsessive Milladis pesukollektsiooni<\/a> p\u00e4rl.\u00a0 Tootel on s\u00e4delevad helmed rinnakorvi ja puusade juures, mis toovad esile teie imelise figuuri.<\/p>\n<p>Lisaks on body varustatud tugikaartega, mis r\u00f5hutavad teie rindu. Toote k\u00f5hu ja selja osa on valmistatud pooll\u00e4bipaistvast v\u00f5rgust, mis ei j\u00e4ta palju ruumi kujutlusv\u00f5imele.<\/p>\n<p>Mugavamaks selga panemiseks ja ideaalseks sobivuseks on body jalgevahelt avatav ning kinnitatav astmelise kinnitusega.<\/p>\n<div class=\"omadused\">\n<p>Details<\/p>\n<ul>\n<li>komplektis body<\/li>\n<li>helmed rinnakorvi &amp; puusade juures<\/li>\n<li>rinnakorvil tugikaared<\/li>\n<li>taga astmeline kinnitus<\/li>\n<li>reguleeritavad \u00f5lapaelad<\/li>\n<li>osaliselt polsterdatud rinnakorv<\/li>\n<li>jalgevahelt avatav (astmeline kinnitus)<\/li>\n<li>mugav &amp; elastne kangas (90% pol\u00fcamiid, 10% elastaan)<\/li>\n<\/ul>\n<\/div>\n<p><span style=\"color: #008000;\"><strong>VIDEO<\/strong><\/span><\/p>\n<div class=\"video-container\"><iframe loading=\"lazy\" title=\"V\u00ddJIME\u010cN\u00c9 BODY MILLADIS TEDDY - OBSESSIVE\" width=\"500\" height=\"281\" src=\"https:\/\/www.youtube.com\/embed\/fEVoy0qEzYs?feature=oembed&#038;wmode=opaque\" frameborder=\"0\" allow=\"accelerometer; autoplay; clipboard-write; encrypted-media; gyroscope; picture-in-picture; web-share\" referrerpolicy=\"strict-origin-when-cross-origin\" allowfullscreen><\/iframe><\/div>","protected":false},"excerpt":{"rendered":"<p>&#46;&#46;&#46;<\/p>","protected":false},"featured_media":29282,"comment_status":"open","ping_status":"closed","template":"","meta":{"_glsr_average":0,"_glsr_ranking":0,"_glsr_reviews":0},"product_brand":[500],"product_cat":[89],"product_tag":[160,439],"class_list":{"0":"post-13651","1":"product","2":"type-product","3":"status-publish","4":"has-post-thumbnail","6":"product_brand-obsessive","7":"product_cat-bodyd","8":"product_tag-obsessive","9":"product_tag-obsessive-milladis","10":"pa_suurus-m-l","11":"pa_suurus-xl-xxl","12":"pa_suurus-xs-s","13":"pa_varvus-must","15":"first","16":"instock","17":"sold-individually","18":"taxable","19":"shipping-taxable","20":"purchasable","21":"product-type-variable"},"_links":{"self":[{"href":"https:\/\/pesu24.ee\/en\/wp-json\/wp\/v2\/product\/13651","targetHints":{"allow":["GET"]}}],"collection":[{"href":"https:\/\/pesu24.ee\/en\/wp-json\/wp\/v2\/product"}],"about":[{"href":"https:\/\/pesu24.ee\/en\/wp-json\/wp\/v2\/types\/product"}],"replies":[{"embeddable":true,"href":"https:\/\/pesu24.ee\/en\/wp-json\/wp\/v2\/comments?post=13651"}],"wp:featuredmedia":[{"embeddable":true,"href":"https:\/\/pesu24.ee\/en\/wp-json\/wp\/v2\/media\/29282"}],"wp:attachment":[{"href":"https:\/\/pesu24.ee\/en\/wp-json\/wp\/v2\/media?parent=13651"}],"wp:term":[{"taxonomy":"product_brand","embeddable":true,"href":"https:\/\/pesu24.ee\/en\/wp-json\/wp\/v2\/product_brand?post=13651"},{"taxonomy":"product_cat","embeddable":true,"href":"https:\/\/pesu24.ee\/en\/wp-json\/wp\/v2\/product_cat?post=13651"},{"taxonomy":"product_tag","embeddable":true,"href":"https:\/\/pesu24.ee\/en\/wp-json\/wp\/v2\/product_tag?post=13651"}],"curies":[{"name":"wp","href":"https:\/\/api.w.org\/{rel}","templated":true}]}}