{"id":13652,"date":"2025-08-18T18:23:00","date_gmt":"2025-08-18T15:23:00","guid":{"rendered":"https:\/\/pesu24.ee\/?post_type=product&#038;p=13652"},"modified":"2025-08-20T14:55:31","modified_gmt":"2025-08-20T11:55:31","slug":"body-obsessive-b138","status":"publish","type":"product","link":"https:\/\/pesu24.ee\/en\/bodyd\/body-obsessive-b138\/","title":{"rendered":"Body Obsessive B138"},"content":{"rendered":"<p>Soovite kanda midagi v\u00fcrtsikamat? Sel juhul sobib ideaalselt body Obsessive B138. Toode on valmistatud elastsest kangast, mille seksikas kudum m\u00e4hib \u00fcmber teie keha ning toob v\u00e4lja teie imelised naiselikud vormid.<\/p>\n<p><span style=\"color: #008000;\"><strong>KOMPLEKT SISALDAB:<\/strong><\/span><\/p>\n<ul>\n<li>body<\/li>\n<\/ul>\n<p><span style=\"color: #008000;\"><strong>DETAILS:<\/strong><\/span><\/p>\n<ul>\n<li>kelmikas disain<\/li>\n<li>sensuaalne kudum<\/li>\n<li>avatud jalgevahe<\/li>\n<li>sobilik enamus suurustele &#8211; S\/M\/L<\/li>\n<li>mugav ning veniv kangas (90% nailon, 10% elastaan)<\/li>\n<\/ul>\n<p><span style=\"color: #008000;\"><strong>VIDEO<\/strong><\/span><\/p>\n<div class=\"video-container\"><iframe loading=\"lazy\" title=\"\u017dHAV\u00c9 BODY B138 TEDDY - OBSESSIVE\" width=\"500\" height=\"281\" src=\"https:\/\/www.youtube.com\/embed\/yDSosw4PXpc?feature=oembed&#038;wmode=opaque\" frameborder=\"0\" allow=\"accelerometer; autoplay; clipboard-write; encrypted-media; gyroscope; picture-in-picture; web-share\" referrerpolicy=\"strict-origin-when-cross-origin\" allowfullscreen><\/iframe><\/div>","protected":false},"excerpt":{"rendered":"<ul>\n<li>\u00fclimalt seksikas punane v\u00f5rkbody<\/li>\n<li>ees kena lillemotiiv<\/li>\n<li>avatud jalgevahe<\/li>\n<li>mugav ning veniv materjal (90% nailon, 10% elastaan)<\/li>\n<li>sobilik enamus suurustele &#8211; S\/M\/L<\/li>\n<\/ul>","protected":false},"featured_media":13845,"comment_status":"open","ping_status":"closed","template":"","meta":{"_glsr_average":0,"_glsr_ranking":0,"_glsr_reviews":0},"product_brand":[500],"product_cat":[89],"product_tag":[160],"class_list":{"0":"post-13652","1":"product","2":"type-product","3":"status-publish","4":"has-post-thumbnail","6":"product_brand-obsessive","7":"product_cat-bodyd","8":"product_tag-obsessive","9":"pa_suurus-universaalsuurus","10":"pa_varvus-must","12":"first","13":"instock","14":"sold-individually","15":"taxable","16":"shipping-taxable","17":"purchasable","18":"product-type-simple"},"_links":{"self":[{"href":"https:\/\/pesu24.ee\/en\/wp-json\/wp\/v2\/product\/13652","targetHints":{"allow":["GET"]}}],"collection":[{"href":"https:\/\/pesu24.ee\/en\/wp-json\/wp\/v2\/product"}],"about":[{"href":"https:\/\/pesu24.ee\/en\/wp-json\/wp\/v2\/types\/product"}],"replies":[{"embeddable":true,"href":"https:\/\/pesu24.ee\/en\/wp-json\/wp\/v2\/comments?post=13652"}],"wp:featuredmedia":[{"embeddable":true,"href":"https:\/\/pesu24.ee\/en\/wp-json\/wp\/v2\/media\/13845"}],"wp:attachment":[{"href":"https:\/\/pesu24.ee\/en\/wp-json\/wp\/v2\/media?parent=13652"}],"wp:term":[{"taxonomy":"product_brand","embeddable":true,"href":"https:\/\/pesu24.ee\/en\/wp-json\/wp\/v2\/product_brand?post=13652"},{"taxonomy":"product_cat","embeddable":true,"href":"https:\/\/pesu24.ee\/en\/wp-json\/wp\/v2\/product_cat?post=13652"},{"taxonomy":"product_tag","embeddable":true,"href":"https:\/\/pesu24.ee\/en\/wp-json\/wp\/v2\/product_tag?post=13652"}],"curies":[{"name":"wp","href":"https:\/\/api.w.org\/{rel}","templated":true}]}}