{"id":13981,"date":"2025-08-18T18:28:55","date_gmt":"2025-08-18T15:28:55","guid":{"rendered":"https:\/\/pesu24.ee\/?post_type=product&#038;p=13981"},"modified":"2025-08-20T15:00:04","modified_gmt":"2025-08-20T12:00:04","slug":"body-axami-v-9590","status":"publish","type":"product","link":"https:\/\/pesu24.ee\/en\/bodyd\/body-axami-v-9590\/","title":{"rendered":"Body Axami V-9590"},"content":{"rendered":"<p><strong><a href=\"https:\/\/pesu24.ee\/en\/omadus\/summer-love\/\">Summer Love<\/a> pesukollektsiooni kuuluv punane body Axami V-9590. Valmistatud v\u00e4ga kvaliteetsest ja elastsest kangast, mis tagab ideaalse sobivuse.\u00a0<\/strong><\/p>\n<p>Peale selle body tagant kolme paelaga (kaks seljal, \u00fcks kuklal) haakidega suletav ja k\u00f5ik paelad t\u00e4ielikult reguleeritavad, mis t\u00f5stab sobivust veelgi. Body on jalge vahelt suletav nelja astmelise kinnitusega.<\/p>\n<p><span style=\"color: #008000;\"><strong>OMADUSED<\/strong><\/span><\/p>\n<ul>\n<li>komplektis punane body<\/li>\n<li>tagan kolm reguleeritavat haakidega paela<\/li>\n<li>suletav jalge vahelt 4-astmelise kinnitusega<\/li>\n<li>saadaval ka rukilillesinist v\u00e4rvi (tutvu bodyga <a href=\"https:\/\/pesu24.ee\/en\/bodyd\/body-axami-v-9600\/\">Axami V-9600<\/a>)<\/li>\n<\/ul>","protected":false},"excerpt":{"rendered":"<p>&#46;&#46;&#46;<\/p>","protected":false},"featured_media":14000,"comment_status":"open","ping_status":"closed","template":"","meta":{"_glsr_average":0,"_glsr_ranking":0,"_glsr_reviews":0},"product_brand":[502],"product_cat":[89],"product_tag":[333,440],"class_list":{"0":"post-13981","1":"product","2":"type-product","3":"status-publish","4":"has-post-thumbnail","6":"product_brand-axami","7":"product_cat-bodyd","8":"product_tag-axami","9":"product_tag-summer-love","10":"pa_suurus-l","11":"pa_suurus-m","12":"pa_suurus-s","13":"pa_suurus-xl","14":"pa_varvus-punane","16":"first","17":"instock","18":"sold-individually","19":"taxable","20":"shipping-taxable","21":"purchasable","22":"product-type-variable"},"_links":{"self":[{"href":"https:\/\/pesu24.ee\/en\/wp-json\/wp\/v2\/product\/13981","targetHints":{"allow":["GET"]}}],"collection":[{"href":"https:\/\/pesu24.ee\/en\/wp-json\/wp\/v2\/product"}],"about":[{"href":"https:\/\/pesu24.ee\/en\/wp-json\/wp\/v2\/types\/product"}],"replies":[{"embeddable":true,"href":"https:\/\/pesu24.ee\/en\/wp-json\/wp\/v2\/comments?post=13981"}],"wp:featuredmedia":[{"embeddable":true,"href":"https:\/\/pesu24.ee\/en\/wp-json\/wp\/v2\/media\/14000"}],"wp:attachment":[{"href":"https:\/\/pesu24.ee\/en\/wp-json\/wp\/v2\/media?parent=13981"}],"wp:term":[{"taxonomy":"product_brand","embeddable":true,"href":"https:\/\/pesu24.ee\/en\/wp-json\/wp\/v2\/product_brand?post=13981"},{"taxonomy":"product_cat","embeddable":true,"href":"https:\/\/pesu24.ee\/en\/wp-json\/wp\/v2\/product_cat?post=13981"},{"taxonomy":"product_tag","embeddable":true,"href":"https:\/\/pesu24.ee\/en\/wp-json\/wp\/v2\/product_tag?post=13981"}],"curies":[{"name":"wp","href":"https:\/\/api.w.org\/{rel}","templated":true}]}}