{"id":13986,"date":"2025-08-18T18:28:55","date_gmt":"2025-08-18T15:28:55","guid":{"rendered":"https:\/\/pesu24.ee\/?post_type=product&#038;p=13986"},"modified":"2026-01-05T15:59:28","modified_gmt":"2026-01-05T12:59:28","slug":"body-obsessive-heavenlly","status":"publish","type":"product","link":"https:\/\/pesu24.ee\/en\/bodyd\/body-obsessive-heavenlly\/","title":{"rendered":"Body Obsessive Heavenlly"},"content":{"rendered":"<p>Obsessive Heavenlly body on elegantne ja sensuaalne pesuvalik, mis loob unustamatuid hetki enesekindluse ja v\u00f5rgutamise valdkonnas. See body on valmistatud kvaliteetsest ja pehmest materjalist, mis tagab suurep\u00e4rase sobivuse ja kandmismugavuse.<\/p>\n<p>Heavenlly body&#8217;l on unikaalne disain, mis \u00fchendab \u00f5rnalt l\u00e4bipaistva ja keha\u00fcmberm\u00f5\u00f5tu r\u00f5hutava kangaga. Body on kaunistatud detailse pitsiga, mis lisab sellele luksusliku ja ahvatleva ilme. Sellel v\u00f5ib olla avatud seljaosa, l\u00f5hikud v\u00f5i \u00f5hulised l\u00f5iked, mis paljastavad \u00f5rnalt teie keha k\u00f5ige v\u00f5rgutavamad kohad.<\/p>\n<p>Obsessive Heavenlly body on saadaval erinevates suurustes, v\u00f5imaldades teil leida t\u00e4pselt teie kehakujule ja stiilieelistustele sobiva komplekti. See on ideaalne valik romantilisteks \u00f5htuteks v\u00f5i erilisteks s\u00fcndmusteks, andes teile v\u00f5imaluse tunda end enesekindlalt ja v\u00f5rgutavalt.<\/p>\n<p>Olles nii stiilne kui ka seksikas, annab Obsessive Heavenlly body teile v\u00f5imaluse v\u00e4ljendada oma individuaalsust ja luua lummavat efekti. Body t\u00e4iustab teiepesukollektsiooni, pakkudes teile v\u00f5imalust luua unustamatuid ja k\u00fctkestavaid hetki. Olles seljas, paneb Heavenlly bodysuit teid tundma end vastupandamatuna ning looma erilise atmosf\u00e4\u00e4ri igas olukorras.<\/p>\n<p><span style=\"color: #008000;\"><strong>KOMPLEKT SISALDAB:<\/strong><\/span><\/p>\n<ul>\n<li>body<\/li>\n<\/ul>\n<p><span style=\"color: #008000;\"><strong>DETAILS:<\/strong><\/span><\/p>\n<ul>\n<li>reguleeritavad \u00f5lapaelad<\/li>\n<li>ees ripats<\/li>\n<li>avatud jalgevahe<\/li>\n<li>valmistatud mugavast &amp; elastsest kangast (94% pol\u00fcamiid &amp; 6% elastaan)<\/li>\n<\/ul>\n<p><span style=\"color: #008000;\"><strong>VIDEO<\/strong><\/span><\/p>\n<div class=\"video-container\"><iframe loading=\"lazy\" title=\"SEXY BODY HEAVENLLY TEDDY - OBSESSIVE\" width=\"500\" height=\"281\" src=\"https:\/\/www.youtube.com\/embed\/aXWl2JT9w6M?feature=oembed&#038;wmode=opaque\" frameborder=\"0\" allow=\"accelerometer; autoplay; clipboard-write; encrypted-media; gyroscope; picture-in-picture; web-share\" referrerpolicy=\"strict-origin-when-cross-origin\" allowfullscreen><\/iframe><\/div>","protected":false},"excerpt":{"rendered":"<p>&#46;&#46;&#46;<\/p>","protected":false},"featured_media":14056,"comment_status":"open","ping_status":"closed","template":"","meta":{"_glsr_average":0,"_glsr_ranking":0,"_glsr_reviews":0},"product_brand":[500],"product_cat":[89],"product_tag":[443,160],"class_list":{"0":"post-13986","1":"product","2":"type-product","3":"status-publish","4":"has-post-thumbnail","6":"product_brand-obsessive","7":"product_cat-bodyd","8":"product_tag-heavenlly","9":"product_tag-obsessive","10":"pa_suurus-m-l","11":"pa_suurus-xl-xxl","12":"pa_suurus-xs-s","13":"pa_varvus-valge","15":"first","16":"instock","17":"sold-individually","18":"taxable","19":"shipping-taxable","20":"purchasable","21":"product-type-variable"},"_links":{"self":[{"href":"https:\/\/pesu24.ee\/en\/wp-json\/wp\/v2\/product\/13986","targetHints":{"allow":["GET"]}}],"collection":[{"href":"https:\/\/pesu24.ee\/en\/wp-json\/wp\/v2\/product"}],"about":[{"href":"https:\/\/pesu24.ee\/en\/wp-json\/wp\/v2\/types\/product"}],"replies":[{"embeddable":true,"href":"https:\/\/pesu24.ee\/en\/wp-json\/wp\/v2\/comments?post=13986"}],"wp:featuredmedia":[{"embeddable":true,"href":"https:\/\/pesu24.ee\/en\/wp-json\/wp\/v2\/media\/14056"}],"wp:attachment":[{"href":"https:\/\/pesu24.ee\/en\/wp-json\/wp\/v2\/media?parent=13986"}],"wp:term":[{"taxonomy":"product_brand","embeddable":true,"href":"https:\/\/pesu24.ee\/en\/wp-json\/wp\/v2\/product_brand?post=13986"},{"taxonomy":"product_cat","embeddable":true,"href":"https:\/\/pesu24.ee\/en\/wp-json\/wp\/v2\/product_cat?post=13986"},{"taxonomy":"product_tag","embeddable":true,"href":"https:\/\/pesu24.ee\/en\/wp-json\/wp\/v2\/product_tag?post=13986"}],"curies":[{"name":"wp","href":"https:\/\/api.w.org\/{rel}","templated":true}]}}