{"id":13987,"date":"2025-08-18T18:28:55","date_gmt":"2025-08-18T15:28:55","guid":{"rendered":"https:\/\/pesu24.ee\/?post_type=product&#038;p=13987"},"modified":"2025-08-20T17:39:46","modified_gmt":"2025-08-20T14:39:46","slug":"avatud-body-obsessive-cordellis","status":"publish","type":"product","link":"https:\/\/pesu24.ee\/en\/bodyd\/avatud-body-obsessive-cordellis\/","title":{"rendered":"Avatud body Obsessive Cordellis"},"content":{"rendered":"<p>Avatud body Obsessive Cordellis on valmistatud sensusaalselt kangast, mis j\u00e4tab seksika wet-look ilme. Tegemist on One Size suurusega tootega, mist\u00f5ttu sobib ka enamikele naistele. V\u00fcrtsikust lisab avatud jalgevahe, mis ei j\u00e4ta palju ruumi kujutlusv\u00f5imele.<\/p>\n<p>Suurust on v\u00f5imalik reguleerida k\u00f6ispaelte abil ning body on k\u00fclje pealt seotav. Tutvuge ka teiste <a href=\"https:\/\/pesu24.ee\/en\/omadus\/obsessive-Cordellis\/\">Obsessive Cordellis<\/a> pesukollektsiooni toodetega.<\/p>\n<p><span style=\"color: #008000;\"><strong>KOMPLEKT SISALDAB:<\/strong><\/span><\/p>\n<ul>\n<li>avatud body<\/li>\n<\/ul>\n<p><span style=\"color: #008000;\"><strong>DETAILS:<\/strong><\/span><\/p>\n<ul>\n<li>wet-look ilmega kangas<\/li>\n<li>avatud jalgevahe<\/li>\n<li>\u00fcks suurus sobib enamikele &#8211; One Size<\/li>\n<li>mugav &amp; elastne kangas (100% pol\u00fcerataan)<\/li>\n<\/ul>\n<p><span style=\"color: #008000;\"><strong>VIDEO<\/strong><\/span><\/p>\n<div class=\"video-container\"><iframe loading=\"lazy\" title=\"DIVOK\u00c9 BODY CORDELLIS TEDDY - OBSESSIVE\" width=\"500\" height=\"281\" src=\"https:\/\/www.youtube.com\/embed\/NUaDn-8h_Y4?feature=oembed&#038;wmode=opaque\" frameborder=\"0\" allow=\"accelerometer; autoplay; clipboard-write; encrypted-media; gyroscope; picture-in-picture; web-share\" referrerpolicy=\"strict-origin-when-cross-origin\" allowfullscreen><\/iframe><\/div>","protected":false},"excerpt":{"rendered":"<p>&#46;&#46;&#46;<\/p>","protected":false},"featured_media":14063,"comment_status":"open","ping_status":"closed","template":"","meta":{"_glsr_average":0,"_glsr_ranking":0,"_glsr_reviews":0},"product_brand":[500],"product_cat":[89],"product_tag":[160,447],"class_list":{"0":"post-13987","1":"product","2":"type-product","3":"status-publish","4":"has-post-thumbnail","6":"product_brand-obsessive","7":"product_cat-bodyd","8":"product_tag-obsessive","9":"product_tag-obsessive-cordellis","10":"pa_suurus-universaalsuurus","11":"pa_varvus-must","13":"first","14":"instock","15":"sold-individually","16":"taxable","17":"shipping-taxable","18":"purchasable","19":"product-type-simple"},"_links":{"self":[{"href":"https:\/\/pesu24.ee\/en\/wp-json\/wp\/v2\/product\/13987","targetHints":{"allow":["GET"]}}],"collection":[{"href":"https:\/\/pesu24.ee\/en\/wp-json\/wp\/v2\/product"}],"about":[{"href":"https:\/\/pesu24.ee\/en\/wp-json\/wp\/v2\/types\/product"}],"replies":[{"embeddable":true,"href":"https:\/\/pesu24.ee\/en\/wp-json\/wp\/v2\/comments?post=13987"}],"wp:featuredmedia":[{"embeddable":true,"href":"https:\/\/pesu24.ee\/en\/wp-json\/wp\/v2\/media\/14063"}],"wp:attachment":[{"href":"https:\/\/pesu24.ee\/en\/wp-json\/wp\/v2\/media?parent=13987"}],"wp:term":[{"taxonomy":"product_brand","embeddable":true,"href":"https:\/\/pesu24.ee\/en\/wp-json\/wp\/v2\/product_brand?post=13987"},{"taxonomy":"product_cat","embeddable":true,"href":"https:\/\/pesu24.ee\/en\/wp-json\/wp\/v2\/product_cat?post=13987"},{"taxonomy":"product_tag","embeddable":true,"href":"https:\/\/pesu24.ee\/en\/wp-json\/wp\/v2\/product_tag?post=13987"}],"curies":[{"name":"wp","href":"https:\/\/api.w.org\/{rel}","templated":true}]}}