{"id":13989,"date":"2025-08-18T18:28:55","date_gmt":"2025-08-18T15:28:55","guid":{"rendered":"https:\/\/pesu24.ee\/?post_type=product&#038;p=13989"},"modified":"2025-08-20T15:00:04","modified_gmt":"2025-08-20T12:00:04","slug":"punane-rake-bodi-axami-v-9801","status":"publish","type":"product","link":"https:\/\/pesu24.ee\/en\/bodyd\/punane-rake-bodi-axami-v-9801\/","title":{"rendered":"Punane rake-bodi Axami V-9801"},"content":{"rendered":"<p><strong><a href=\"https:\/\/pesu24.ee\/en\/omadus\/love-cave\/\">Love Cave<\/a> pesukollektsiooni kuuluv punane rake-bodi Axami V-9801 on veetlev aksessuaar, mis s\u00fctitab meeled. See n\u00e4eb kandes kaunis v\u00e4lja, luues ebakorrap\u00e4raste ristuvate paelade maalilise ja intrigeeriva mustri.<\/strong><\/p>\n<p>See rake-bodi v\u00f5ib t\u00e4iendada mis tahes punast pesukomplekti, aga sobib ideaalselt tootefotodel olevate punaste avatud stringidega <a href=\"https:\/\/pesu24.ee\/en\/stringid-puksikud\/avatud-punased-stringid-v-9808\/\">Axami V-9808<\/a> ja avatud punase rinnahoidjaga <a href=\"https:\/\/pesu24.ee\/en\/pesukomplektid\/punane-avatud-rinnahoidja-axami-v-9801\/\">Axami V-9801<\/a>.<\/p>\n<p>Rake-bodi \u00fclemises ja alumises osas keskosas h\u00f5bedased r\u00f5ngad, mille k\u00fclge kinnitatud rakmete rihmad. K\u00f5ik viis rihma on t\u00e4ielikult reguleeritavad, mis tagab alati ideaalse sobivuse ja suurep\u00e4rase kandmismugavuse.<\/p>\n<p><span style=\"color: #008000;\"><strong>DETAILS<\/strong><\/span><\/p>\n<ul>\n<li>komplektis punane rake-bodi<\/li>\n<li>rinnahoidja ja stringid komplekti ei kuulu (saab osta eraldi)<\/li>\n<li>rake k\u00f5ikidest paeladest t\u00e4ielikult reguleeritav<\/li>\n<li>kvaliteetne kangas ja reguleeritus tagab 100% ideaalse sobivuse<\/li>\n<li>85% polyamide, 15% elastane<\/li>\n<li>saadaval kahes suuruses S\/M ja L\/XL<\/li>\n<\/ul>\n<p>Juhul, kui sobivat suurust valikus ei ole, siis toode on saanud laost otsa. Selleks kirjutage support@pesu24.ee, et saada teada tarneaeg.<\/p>","protected":false},"excerpt":{"rendered":"<p>&#46;&#46;&#46;<\/p>","protected":false},"featured_media":14078,"comment_status":"open","ping_status":"closed","template":"","meta":{"_glsr_average":0,"_glsr_ranking":0,"_glsr_reviews":0},"product_brand":[502],"product_cat":[89],"product_tag":[333,445],"class_list":{"0":"post-13989","1":"product","2":"type-product","3":"status-publish","4":"has-post-thumbnail","6":"product_brand-axami","7":"product_cat-bodyd","8":"product_tag-axami","9":"product_tag-love-cave","10":"pa_suurus-l-xl","11":"pa_suurus-s-m","12":"pa_varvus-punane","14":"first","15":"instock","16":"sold-individually","17":"taxable","18":"shipping-taxable","19":"purchasable","20":"product-type-variable"},"_links":{"self":[{"href":"https:\/\/pesu24.ee\/en\/wp-json\/wp\/v2\/product\/13989","targetHints":{"allow":["GET"]}}],"collection":[{"href":"https:\/\/pesu24.ee\/en\/wp-json\/wp\/v2\/product"}],"about":[{"href":"https:\/\/pesu24.ee\/en\/wp-json\/wp\/v2\/types\/product"}],"replies":[{"embeddable":true,"href":"https:\/\/pesu24.ee\/en\/wp-json\/wp\/v2\/comments?post=13989"}],"wp:featuredmedia":[{"embeddable":true,"href":"https:\/\/pesu24.ee\/en\/wp-json\/wp\/v2\/media\/14078"}],"wp:attachment":[{"href":"https:\/\/pesu24.ee\/en\/wp-json\/wp\/v2\/media?parent=13989"}],"wp:term":[{"taxonomy":"product_brand","embeddable":true,"href":"https:\/\/pesu24.ee\/en\/wp-json\/wp\/v2\/product_brand?post=13989"},{"taxonomy":"product_cat","embeddable":true,"href":"https:\/\/pesu24.ee\/en\/wp-json\/wp\/v2\/product_cat?post=13989"},{"taxonomy":"product_tag","embeddable":true,"href":"https:\/\/pesu24.ee\/en\/wp-json\/wp\/v2\/product_tag?post=13989"}],"curies":[{"name":"wp","href":"https:\/\/api.w.org\/{rel}","templated":true}]}}