{"id":13993,"date":"2025-08-18T18:28:56","date_gmt":"2025-08-18T15:28:56","guid":{"rendered":"https:\/\/pesu24.ee\/?post_type=product&#038;p=13993"},"modified":"2025-11-18T01:26:29","modified_gmt":"2025-11-17T22:26:29","slug":"tumemust-rake-bodi-axami-v-9866","status":"publish","type":"product","link":"https:\/\/pesu24.ee\/en\/bodyd\/tumemust-rake-bodi-axami-v-9866\/","title":{"rendered":"Tumemust rake-bodi Axami V-9866"},"content":{"rendered":"<p><strong><a href=\"https:\/\/pesu24.ee\/en\/omadus\/love-cave\/\">Love Cave<\/a> pesukollektsiooni kuuluv tumemust rake-bodi Axami V-9866 on veetlev aksessuaar, mis s\u00fctitab meeled. See n\u00e4eb kandes kaunis v\u00e4lja, luues ebakorrap\u00e4raste ristuvate paelade maalilise ja intrigeeriva mustri.<\/strong><\/p>\n<p>See rake-bodi v\u00f5ib t\u00e4iendada mis tahes musta v\u00e4rvi pesukomplekti, aga sobib ideaalselt tootefotodel olevate tumemustade avatud stringidega <a href=\"https:\/\/pesu24.ee\/en\/stringid-puksikud\/tumemustad-stringid-axami-v-9788\/\">Axami V-9788<\/a> ja avatud tumemusta rinnahoidjaga <a href=\"https:\/\/pesu24.ee\/en\/topid-rinnahoidjad\/avatud-tumemust-rinnahoidja-axami-v-9781\/\">Axami V-9781<\/a>\u00a0kui rinnahoidjaga <a href=\"https:\/\/pesu24.ee\/en\/topid-rinnahoidjad\/avatud-rinnahoidja-axami-v-9861\/\" target=\"_blank\" rel=\"noopener\">V-9861<\/a> ja <a href=\"https:\/\/pesu24.ee\/en\/stringid-puksikud\/avatud-stringid-axami-v-9863\/\" target=\"_blank\" rel=\"noopener\">V-9863<\/a> stringidega.<\/p>\n<p>Rake-bodi \u00fclemises ja alumises osas keskosas h\u00f5bedased r\u00f5ngad, mille k\u00fclge kinnitatud rakmete v\u00e4ga elastsed rihmad (n\u00e4ha tootefotodel). K\u00f5ik viis rihma on t\u00e4ielikult reguleeritavad, mis tagab alati ideaalse sobivuse ja suurep\u00e4rase kandmismugavuse.<\/p>\n<p><span style=\"color: #008000;\"><strong>DETAILS<\/strong><\/span><\/p>\n<ul>\n<li>komplektis tumemust rake-bodi<\/li>\n<li>rinnahoidja ja stringid komplekti ei kuulu (saab osta eraldi)<\/li>\n<li>rake k\u00f5ikidest paeladest t\u00e4ielikult reguleeritav<\/li>\n<li>kvaliteetne kangas ja reguleeritus tagab 100% ideaalse sobivuse<\/li>\n<li>85% polyamide, 15% elastane<\/li>\n<li>saadaval kahes suuruses S\/M ja L\/XL<\/li>\n<\/ul>\n<p>Juhul, kui sobivat suurust valikus ei ole, siis toode on saanud laost otsa. Selleks kirjutage support@pesu24.ee, et saada teada tarneaeg.<\/p>","protected":false},"excerpt":{"rendered":"<p>&#46;&#46;&#46;<\/p>","protected":false},"featured_media":14085,"comment_status":"open","ping_status":"closed","template":"","meta":{"_glsr_average":0,"_glsr_ranking":0,"_glsr_reviews":0},"product_brand":[502],"product_cat":[89],"product_tag":[333,445],"class_list":{"0":"post-13993","1":"product","2":"type-product","3":"status-publish","4":"has-post-thumbnail","6":"product_brand-axami","7":"product_cat-bodyd","8":"product_tag-axami","9":"product_tag-love-cave","10":"pa_suurus-l-xl","11":"pa_suurus-s-m","12":"pa_varvus-must","14":"first","15":"instock","16":"sold-individually","17":"taxable","18":"shipping-taxable","19":"purchasable","20":"product-type-variable"},"_links":{"self":[{"href":"https:\/\/pesu24.ee\/en\/wp-json\/wp\/v2\/product\/13993","targetHints":{"allow":["GET"]}}],"collection":[{"href":"https:\/\/pesu24.ee\/en\/wp-json\/wp\/v2\/product"}],"about":[{"href":"https:\/\/pesu24.ee\/en\/wp-json\/wp\/v2\/types\/product"}],"replies":[{"embeddable":true,"href":"https:\/\/pesu24.ee\/en\/wp-json\/wp\/v2\/comments?post=13993"}],"wp:featuredmedia":[{"embeddable":true,"href":"https:\/\/pesu24.ee\/en\/wp-json\/wp\/v2\/media\/14085"}],"wp:attachment":[{"href":"https:\/\/pesu24.ee\/en\/wp-json\/wp\/v2\/media?parent=13993"}],"wp:term":[{"taxonomy":"product_brand","embeddable":true,"href":"https:\/\/pesu24.ee\/en\/wp-json\/wp\/v2\/product_brand?post=13993"},{"taxonomy":"product_cat","embeddable":true,"href":"https:\/\/pesu24.ee\/en\/wp-json\/wp\/v2\/product_cat?post=13993"},{"taxonomy":"product_tag","embeddable":true,"href":"https:\/\/pesu24.ee\/en\/wp-json\/wp\/v2\/product_tag?post=13993"}],"curies":[{"name":"wp","href":"https:\/\/api.w.org\/{rel}","templated":true}]}}