{"id":14006,"date":"2025-08-18T18:29:23","date_gmt":"2025-08-18T15:29:23","guid":{"rendered":"https:\/\/pesu24.ee\/?post_type=product&#038;p=14006"},"modified":"2025-10-12T03:21:12","modified_gmt":"2025-10-12T00:21:12","slug":"body-obsessive-donna-dream","status":"publish","type":"product","link":"https:\/\/pesu24.ee\/en\/bodyd\/body-obsessive-donna-dream\/","title":{"rendered":"Body Obsessive Donna Dream"},"content":{"rendered":"<p>Obsessive Donna Dream avatud body omab elegantset ja ahvatlevat disaini, mis kasutab kvaliteetseid materjale ja sensuaalseid detaile. Body on valmistatud pitsist ja l\u00e4bipaistvatest materjalidest, mis lisavad sellele seksikust ja intriigi.<\/p>\n<p>Donna Dream avatud body on kaunistatud erinevate detailidega, mis r\u00f5hutavad keha ilu ja loovad ahvatleva v\u00e4limuse. Bodyl on ka reguleeritavad \u00f5lapaelad ja astmeline kinnitus, et tagada sobiv istuvus ning mugavus. Teie imelist b\u00fcsti r\u00f5hutavad rinnakorvil olevad tugikaare.<\/p>\n<p>Avatud body on m\u00f5eldud selleks, et paljastada ja r\u00f5hutada naiselikke jooni ning luua intiimne ja erutav atmosf\u00e4\u00e4r. Selle disain, l\u00e4bipaistvad osad ja avatud piirkonnad teevad sellest populaarse valiku neile, kes soovivad oma partnerile muljet avaldada ja nautida erilisi hetki magamistoas.<\/p>\n<p>Obsessive Donna Dream avatud body on ideaalne valik naistele, kes soovivad end naiselikult ja enesekindlalt tunda ning soovivad lisada oma intiimelu v\u00fcrtsi. Selle sensuaalsed detailid ja \u00f5rnad materjalid tagavad unustamatu pesukogemuse ja aitavad luua meeldej\u00e4\u00e4vaid hetki oma partneriga.<\/p>\n<p>Tutvuge ka teiste <a href=\"https:\/\/pesu24.ee\/en\/omadus\/donna-dream\/\">Obsessive Donna Dream<\/a>\u00a0pesukollektsiooni toodetega.<\/p>\n<p><span style=\"color: #008000;\"><strong>KOMPLEKT SISALDAB:<\/strong><\/span><\/p>\n<ul>\n<li>body<\/li>\n<\/ul>\n<p><span style=\"color: #008000;\"><strong>DETAILS:<\/strong><\/span><\/p>\n<ul>\n<li>reguleeritavad \u00f5lapaelad<\/li>\n<li>taga astmeline kinnitus<\/li>\n<li>rinnakorvil tugikaared<\/li>\n<li>avatud jalgevahe<\/li>\n<li>ees ripats<\/li>\n<li>valmistatud mugavast &amp; elastsest kangast (90% pol\u00fcamiid &amp; 10% elastaan)<\/li>\n<\/ul>\n<p><span style=\"color: #008000;\"><strong>VIDEO<\/strong><\/span><\/p>\n<div class=\"video-container\"><iframe loading=\"lazy\" title=\"JEMN\u00c9 BODY DONNA DREAM TEDDY - OBSESSIVE\" width=\"500\" height=\"281\" src=\"https:\/\/www.youtube.com\/embed\/DqT-Yg14wUQ?feature=oembed&#038;wmode=opaque\" frameborder=\"0\" allow=\"accelerometer; autoplay; clipboard-write; encrypted-media; gyroscope; picture-in-picture; web-share\" referrerpolicy=\"strict-origin-when-cross-origin\" allowfullscreen><\/iframe><\/div>","protected":false},"excerpt":{"rendered":"<p>&#46;&#46;&#46;<\/p>","protected":false},"featured_media":14090,"comment_status":"open","ping_status":"closed","template":"","meta":{"_glsr_average":0,"_glsr_ranking":0,"_glsr_reviews":0},"product_brand":[500],"product_cat":[89],"product_tag":[449,160],"class_list":{"0":"post-14006","1":"product","2":"type-product","3":"status-publish","4":"has-post-thumbnail","6":"product_brand-obsessive","7":"product_cat-bodyd","8":"product_tag-donna-dream","9":"product_tag-obsessive","10":"pa_suurus-m-l","11":"pa_suurus-xl-xxl","12":"pa_suurus-xs-s","13":"pa_varvus-must","15":"first","16":"instock","17":"sold-individually","18":"taxable","19":"shipping-taxable","20":"purchasable","21":"product-type-variable"},"_links":{"self":[{"href":"https:\/\/pesu24.ee\/en\/wp-json\/wp\/v2\/product\/14006","targetHints":{"allow":["GET"]}}],"collection":[{"href":"https:\/\/pesu24.ee\/en\/wp-json\/wp\/v2\/product"}],"about":[{"href":"https:\/\/pesu24.ee\/en\/wp-json\/wp\/v2\/types\/product"}],"replies":[{"embeddable":true,"href":"https:\/\/pesu24.ee\/en\/wp-json\/wp\/v2\/comments?post=14006"}],"wp:featuredmedia":[{"embeddable":true,"href":"https:\/\/pesu24.ee\/en\/wp-json\/wp\/v2\/media\/14090"}],"wp:attachment":[{"href":"https:\/\/pesu24.ee\/en\/wp-json\/wp\/v2\/media?parent=14006"}],"wp:term":[{"taxonomy":"product_brand","embeddable":true,"href":"https:\/\/pesu24.ee\/en\/wp-json\/wp\/v2\/product_brand?post=14006"},{"taxonomy":"product_cat","embeddable":true,"href":"https:\/\/pesu24.ee\/en\/wp-json\/wp\/v2\/product_cat?post=14006"},{"taxonomy":"product_tag","embeddable":true,"href":"https:\/\/pesu24.ee\/en\/wp-json\/wp\/v2\/product_tag?post=14006"}],"curies":[{"name":"wp","href":"https:\/\/api.w.org\/{rel}","templated":true}]}}