{"id":14010,"date":"2025-08-18T18:29:23","date_gmt":"2025-08-18T15:29:23","guid":{"rendered":"https:\/\/pesu24.ee\/?post_type=product&#038;p=14010"},"modified":"2025-08-20T14:55:14","modified_gmt":"2025-08-20T11:55:14","slug":"avatud-body-obsessive-bellastia","status":"publish","type":"product","link":"https:\/\/pesu24.ee\/en\/bodyd\/avatud-body-obsessive-bellastia\/","title":{"rendered":"Avatud body Obsessive Bellastia"},"content":{"rendered":"<p>Obsessive Bellastia avatud body on sensuaalne pesu, mis \u00fchendab endas elegantsi ja kirge. Selle ainulaadne disain r\u00f5hutab naiselikku ilu, olles samal ajal \u00e4\u00e4rmiselt mugav.<\/p>\n<p>Pehme lillemotiiviga pits lisab sensuaalsust ja romantikat, samas kui avatud l\u00f5iked ja detailid ergutavad kujutlusv\u00f5imet ning muudavad selle eriti ahvatlevaks. See on ideaalne valik neile, kes soovivad \u00fcllatada ja luua unustamatu hetk oma armastatuga.<\/p>\n<p>Tutvuge ka teiste <a href=\"https:\/\/pesu24.ee\/en\/omadus\/obsessive.bellastia\/\">Obsessive Bellastia<\/a> pesukollektsiooni toodetega. Lisas on saadaval <a href=\"https:\/\/pesu24.ee\/en\/bodyd\/body-obsessive-bellastia\/\">tavaline Obsessive Bellastia body<\/a>.<\/p>\n<p><span style=\"color: #008000;\"><strong>KOMPLEKT SISALDAB:<\/strong><\/span><\/p>\n<ul>\n<li>avatud body<\/li>\n<\/ul>\n<p><span style=\"color: #008000;\"><strong>DETAILS:<\/strong><\/span><\/p>\n<ul>\n<li>seksikas avatud body<\/li>\n<li>kaunistatud lillemotiivilise pitsiga<\/li>\n<li>avatud jalgevahe reguleeritavate paeltega<\/li>\n<li>rinnakorvil tugikaared<\/li>\n<li>reguleeritavad \u00f5la- ja seljapaelad<\/li>\n<li>valmistatud mugavast &amp; elastsest kangast (90% pol\u00fcamiid &amp; 10% elastaan)<\/li>\n<\/ul>","protected":false},"excerpt":{"rendered":"<p>&#46;&#46;&#46;<\/p>","protected":false},"featured_media":14122,"comment_status":"open","ping_status":"closed","template":"","meta":{"_glsr_average":0,"_glsr_ranking":0,"_glsr_reviews":0},"product_brand":[500],"product_cat":[89],"product_tag":[160,454],"class_list":{"0":"post-14010","1":"product","2":"type-product","3":"status-publish","4":"has-post-thumbnail","6":"product_brand-obsessive","7":"product_cat-bodyd","8":"product_tag-obsessive","9":"product_tag-obsessive-bellastia","10":"pa_suurus-m-l","11":"pa_suurus-xl-xxl","12":"pa_suurus-xs-s","13":"pa_varvus-must","15":"first","16":"instock","17":"sold-individually","18":"taxable","19":"shipping-taxable","20":"purchasable","21":"product-type-variable"},"_links":{"self":[{"href":"https:\/\/pesu24.ee\/en\/wp-json\/wp\/v2\/product\/14010","targetHints":{"allow":["GET"]}}],"collection":[{"href":"https:\/\/pesu24.ee\/en\/wp-json\/wp\/v2\/product"}],"about":[{"href":"https:\/\/pesu24.ee\/en\/wp-json\/wp\/v2\/types\/product"}],"replies":[{"embeddable":true,"href":"https:\/\/pesu24.ee\/en\/wp-json\/wp\/v2\/comments?post=14010"}],"wp:featuredmedia":[{"embeddable":true,"href":"https:\/\/pesu24.ee\/en\/wp-json\/wp\/v2\/media\/14122"}],"wp:attachment":[{"href":"https:\/\/pesu24.ee\/en\/wp-json\/wp\/v2\/media?parent=14010"}],"wp:term":[{"taxonomy":"product_brand","embeddable":true,"href":"https:\/\/pesu24.ee\/en\/wp-json\/wp\/v2\/product_brand?post=14010"},{"taxonomy":"product_cat","embeddable":true,"href":"https:\/\/pesu24.ee\/en\/wp-json\/wp\/v2\/product_cat?post=14010"},{"taxonomy":"product_tag","embeddable":true,"href":"https:\/\/pesu24.ee\/en\/wp-json\/wp\/v2\/product_tag?post=14010"}],"curies":[{"name":"wp","href":"https:\/\/api.w.org\/{rel}","templated":true}]}}