{"id":14011,"date":"2025-10-23T00:01:23","date_gmt":"2025-10-22T21:01:23","guid":{"rendered":"https:\/\/pesu24.ee\/?post_type=product&#038;p=14011"},"modified":"2025-10-23T12:28:30","modified_gmt":"2025-10-23T09:28:30","slug":"body-axami-v-9900","status":"publish","type":"product","link":"https:\/\/pesu24.ee\/en\/bodyd\/body-axami-v-9900\/","title":{"rendered":"Body Axami V-9900"},"content":{"rendered":"<p><strong>Tutvustame teile Axami uusimat lisandust, <a href=\"https:\/\/pesu24.ee\/en\/omadus\/love-cave\/\" target=\"_blank\" rel=\"noopener\">Love Cave<\/a> pesukollektsiooni kuuluvat universaalset body&#8217;d V-9900, mis on ideaalne kandmiseks nii jakkide all kui ka suvistel \u00f5htutel. V-9900 sobib suurep\u00e4raselt musta seelikuga ning on ideaalne valik romantiliseks kohtinguks v\u00f5i \u00f6\u00f6ks linnas. <\/strong><\/p>\n<p>Selle ainulaadse body alumine osa on valmistatud kergest bee\u017eikast t\u00fcllist ja kaetud ning ka \u00fclemine osa venivast, meeldiva tunnetusega mustast pitsist, mis paistab l\u00e4bi eest, kuid mitte tagant. Tagak\u00fcljel olev originaalne l\u00f5ige paljastab kaunilt teie selja, lisades sellele pesut\u00fckile veidi salap\u00e4ra.<\/p>\n<p>Body on suletav kolme realise haagiga jalgevahel ja lisaks on v\u00f5imalik kohandada laiust nii rindade all kui ka kaela \u00fcmber reguleeritavate paeladega. T\u00e4nu v\u00e4ga elastsele ja venivale materjalile tagab see Axami body perfektse istuvuse ja mugavuse.<\/p>\n<p>Saadaval suurustes XS kuni XL. Kui teie suurust pole saadaval, siis palun kirjutage meile julgelt ja leiame lahenduse. T\u00e4iendage oma garderoobi selle pilkup\u00fc\u00fcdva kehakattega ja tunnetage end enesekindlalt ning stiilselt.<\/p>\n<div class=\"omadused\">\n<p>Details<\/p>\n<ul>\n<li>komplektis body<\/li>\n<li>alumine osa bee\u017ei t\u00fclliga, \u00fclemine osa mustast pitsist<\/li>\n<li>jalgevahelt suletav (3-astmeline haak)<\/li>\n<li>paeladest reguleeritav<\/li>\n<li>elastne ja veniv kangas tahab sobivuse<\/li>\n<li>meeldiv pits<\/li>\n<li>95% pol\u00fcamiid, 4% elastaan, 1% puuvill<\/li>\n<\/ul>\n<\/div>","protected":false},"excerpt":{"rendered":"<p>&#46;&#46;&#46;<\/p>","protected":false},"featured_media":14136,"comment_status":"open","ping_status":"closed","template":"","meta":{"_glsr_average":0,"_glsr_ranking":0,"_glsr_reviews":0},"product_brand":[502],"product_cat":[89],"product_tag":[333,445],"class_list":{"0":"post-14011","1":"product","2":"type-product","3":"status-publish","4":"has-post-thumbnail","6":"product_brand-axami","7":"product_cat-bodyd","8":"product_tag-axami","9":"product_tag-love-cave","10":"pa_suurus-l","11":"pa_suurus-m","12":"pa_suurus-s","13":"pa_suurus-xl","14":"pa_varvus-must","16":"first","17":"instock","18":"sold-individually","19":"taxable","20":"shipping-taxable","21":"purchasable","22":"product-type-variable"},"_links":{"self":[{"href":"https:\/\/pesu24.ee\/en\/wp-json\/wp\/v2\/product\/14011","targetHints":{"allow":["GET"]}}],"collection":[{"href":"https:\/\/pesu24.ee\/en\/wp-json\/wp\/v2\/product"}],"about":[{"href":"https:\/\/pesu24.ee\/en\/wp-json\/wp\/v2\/types\/product"}],"replies":[{"embeddable":true,"href":"https:\/\/pesu24.ee\/en\/wp-json\/wp\/v2\/comments?post=14011"}],"wp:featuredmedia":[{"embeddable":true,"href":"https:\/\/pesu24.ee\/en\/wp-json\/wp\/v2\/media\/14136"}],"wp:attachment":[{"href":"https:\/\/pesu24.ee\/en\/wp-json\/wp\/v2\/media?parent=14011"}],"wp:term":[{"taxonomy":"product_brand","embeddable":true,"href":"https:\/\/pesu24.ee\/en\/wp-json\/wp\/v2\/product_brand?post=14011"},{"taxonomy":"product_cat","embeddable":true,"href":"https:\/\/pesu24.ee\/en\/wp-json\/wp\/v2\/product_cat?post=14011"},{"taxonomy":"product_tag","embeddable":true,"href":"https:\/\/pesu24.ee\/en\/wp-json\/wp\/v2\/product_tag?post=14011"}],"curies":[{"name":"wp","href":"https:\/\/api.w.org\/{rel}","templated":true}]}}