{"id":14016,"date":"2025-08-18T18:29:23","date_gmt":"2025-08-18T15:29:23","guid":{"rendered":"https:\/\/pesu24.ee\/?post_type=product&#038;p=14016"},"modified":"2026-01-03T17:14:49","modified_gmt":"2026-01-03T14:14:49","slug":"body-obsessive-medilla","status":"publish","type":"product","link":"https:\/\/pesu24.ee\/en\/bodyd\/body-obsessive-medilla\/","title":{"rendered":"Body Obsessive Medilla"},"content":{"rendered":"<p>Obsessive Medilla Body on loodud selleks, et t\u00f5sta esile teie sensuaalsust ja enesekindlust igal sammul. Body istub t\u00e4iuslikult teie kehal, r\u00f5hutades naiselikke jooni ja j\u00e4ttes piisavalt ruumi fantaasiateks. Obsessive Medilla Body on valmistatud kvaliteetsest pooll\u00e4bipaistvast kangast, mis on katsudes pehme ja siidine.<\/p>\n<p>Kandke seda erilisel \u00f5htul v\u00f5i \u00fcllatage oma partnerit argip\u00e4eval &#8211; Obsessive Medilla Body sobib igaks olukorraks, kus soovite end tunda \u00fclimalt v\u00f5luvana. Lisaks on see ideaalne kingitus iseendale, mis tuletab teile meelde kui ilus ja eriline te olete.<\/p>\n<p>Tutvuge ka teiste <a href=\"https:\/\/pesu24.ee\/en\/omadus\/obsessive-medilla\/\">Obsessive Medilla<\/a> pesukollektsiooni toodetega.<\/p>\n<p><span style=\"color: #008000;\"><strong>KOMPLEKT SISALDAB:<\/strong><\/span><\/p>\n<ul>\n<li>body<\/li>\n<\/ul>\n<p><span style=\"color: #008000;\"><strong>DETAILS:<\/strong><\/span><\/p>\n<ul>\n<li>figuuri r\u00f5hutav l\u00f5ige<\/li>\n<li>kaela tagant kinnituv<\/li>\n<li>osaliselt polsterdatud rinnakorv<\/li>\n<li>taga astmeline kinnitus<\/li>\n<li>mugav &amp; elastne kangas (94% pol\u00fcamiid &amp; 6% elastaan)<\/li>\n<\/ul>\n<p><span style=\"color: #008000;\"><strong>VIDEO<\/strong><\/span><\/p>\n<div class=\"video-container\"><iframe loading=\"lazy\" title=\"KOKETN\u00cd BODY MEDILLA TEDDY - OBSESSIVE\" width=\"500\" height=\"281\" src=\"https:\/\/www.youtube.com\/embed\/CThg30OAkA8?feature=oembed&#038;wmode=opaque\" frameborder=\"0\" allow=\"accelerometer; autoplay; clipboard-write; encrypted-media; gyroscope; picture-in-picture; web-share\" referrerpolicy=\"strict-origin-when-cross-origin\" allowfullscreen><\/iframe><\/div>","protected":false},"excerpt":{"rendered":"<p>&#46;&#46;&#46;<\/p>","protected":false},"featured_media":14170,"comment_status":"open","ping_status":"closed","template":"","meta":{"_glsr_average":0,"_glsr_ranking":0,"_glsr_reviews":0},"product_brand":[500],"product_cat":[89],"product_tag":[160,458],"class_list":{"0":"post-14016","1":"product","2":"type-product","3":"status-publish","4":"has-post-thumbnail","6":"product_brand-obsessive","7":"product_cat-bodyd","8":"product_tag-obsessive","9":"product_tag-obsessive-medilla","10":"pa_suurus-m-l","11":"pa_suurus-xl-xxl","12":"pa_suurus-xs-s","13":"pa_varvus-must","15":"first","16":"instock","17":"sold-individually","18":"taxable","19":"shipping-taxable","20":"purchasable","21":"product-type-variable"},"_links":{"self":[{"href":"https:\/\/pesu24.ee\/en\/wp-json\/wp\/v2\/product\/14016","targetHints":{"allow":["GET"]}}],"collection":[{"href":"https:\/\/pesu24.ee\/en\/wp-json\/wp\/v2\/product"}],"about":[{"href":"https:\/\/pesu24.ee\/en\/wp-json\/wp\/v2\/types\/product"}],"replies":[{"embeddable":true,"href":"https:\/\/pesu24.ee\/en\/wp-json\/wp\/v2\/comments?post=14016"}],"wp:featuredmedia":[{"embeddable":true,"href":"https:\/\/pesu24.ee\/en\/wp-json\/wp\/v2\/media\/14170"}],"wp:attachment":[{"href":"https:\/\/pesu24.ee\/en\/wp-json\/wp\/v2\/media?parent=14016"}],"wp:term":[{"taxonomy":"product_brand","embeddable":true,"href":"https:\/\/pesu24.ee\/en\/wp-json\/wp\/v2\/product_brand?post=14016"},{"taxonomy":"product_cat","embeddable":true,"href":"https:\/\/pesu24.ee\/en\/wp-json\/wp\/v2\/product_cat?post=14016"},{"taxonomy":"product_tag","embeddable":true,"href":"https:\/\/pesu24.ee\/en\/wp-json\/wp\/v2\/product_tag?post=14016"}],"curies":[{"name":"wp","href":"https:\/\/api.w.org\/{rel}","templated":true}]}}