{"id":14018,"date":"2025-08-18T18:29:23","date_gmt":"2025-08-18T15:29:23","guid":{"rendered":"https:\/\/pesu24.ee\/?post_type=product&#038;p=14018"},"modified":"2025-08-20T14:55:15","modified_gmt":"2025-08-20T11:55:15","slug":"avatud-body-obsessive-ingridia","status":"publish","type":"product","link":"https:\/\/pesu24.ee\/en\/bodyd\/avatud-body-obsessive-ingridia\/","title":{"rendered":"Avatud body Obsessive Ingridia"},"content":{"rendered":"<p>Unustamatu ja romantilise kohtingu korraldamine v\u00f5ib olla hirmutav \u00fclesanne. \u00d5nneks ei pea te enam muretsema, sest just selle jaoks on loodud Obsessive Ingridia avatud body. Selle vastupandamatu disain muudab teid vastupandamatuks ning selle unikaalsed disainelemendid loovad harmoonilise koosluse.<\/p>\n<p>Ingridia body on teie saladus romantilise \u00f5hkkonna loomiseks. Valige see kui soovite teha oma partnerile meeldej\u00e4\u00e4va \u00fcllatuse ja viia romantika uuele tasemele.<\/p>\n<p>Tutvuge ka teiste <a href=\"https:\/\/pesu24.ee\/en\/omadus\/obsessive-ingridia\/\">Obsessive Ingridia<\/a>\u00a0pesukollektsiooni toodetega.<\/p>\n<p><span style=\"color: #008000;\"><strong>KOMPLEKT SISALDAB:<\/strong><\/span><\/p>\n<ul>\n<li>avatud body<\/li>\n<\/ul>\n<p><span style=\"color: #008000;\"><strong>DETAILS:<\/strong><\/span><\/p>\n<ul>\n<li>avatud rinnakorv &amp; jalgavahe<\/li>\n<li>erinevad pitskaunistused<\/li>\n<li>taga astmeline kinnitus<\/li>\n<li>reguleeritavad \u00f5lapaelad<\/li>\n<li>osaliselt polsterdatud ja tugikaartega rinnakorv<\/li>\n<li>mugav &amp; elastne kangas (90% pol\u00fcamiid &amp; 15% elastaan)<\/li>\n<\/ul>","protected":false},"excerpt":{"rendered":"<p>&#46;&#46;&#46;<\/p>","protected":false},"featured_media":14186,"comment_status":"open","ping_status":"closed","template":"","meta":{"_glsr_average":0,"_glsr_ranking":0,"_glsr_reviews":0},"product_brand":[500],"product_cat":[89],"product_tag":[160,460],"class_list":{"0":"post-14018","1":"product","2":"type-product","3":"status-publish","4":"has-post-thumbnail","6":"product_brand-obsessive","7":"product_cat-bodyd","8":"product_tag-obsessive","9":"product_tag-obsessive-ingridia","10":"pa_suurus-m-l","11":"pa_suurus-xl-xxl","12":"pa_suurus-xs-s","13":"pa_varvus-punane","15":"first","16":"instock","17":"sold-individually","18":"taxable","19":"shipping-taxable","20":"purchasable","21":"product-type-variable"},"_links":{"self":[{"href":"https:\/\/pesu24.ee\/en\/wp-json\/wp\/v2\/product\/14018","targetHints":{"allow":["GET"]}}],"collection":[{"href":"https:\/\/pesu24.ee\/en\/wp-json\/wp\/v2\/product"}],"about":[{"href":"https:\/\/pesu24.ee\/en\/wp-json\/wp\/v2\/types\/product"}],"replies":[{"embeddable":true,"href":"https:\/\/pesu24.ee\/en\/wp-json\/wp\/v2\/comments?post=14018"}],"wp:featuredmedia":[{"embeddable":true,"href":"https:\/\/pesu24.ee\/en\/wp-json\/wp\/v2\/media\/14186"}],"wp:attachment":[{"href":"https:\/\/pesu24.ee\/en\/wp-json\/wp\/v2\/media?parent=14018"}],"wp:term":[{"taxonomy":"product_brand","embeddable":true,"href":"https:\/\/pesu24.ee\/en\/wp-json\/wp\/v2\/product_brand?post=14018"},{"taxonomy":"product_cat","embeddable":true,"href":"https:\/\/pesu24.ee\/en\/wp-json\/wp\/v2\/product_cat?post=14018"},{"taxonomy":"product_tag","embeddable":true,"href":"https:\/\/pesu24.ee\/en\/wp-json\/wp\/v2\/product_tag?post=14018"}],"curies":[{"name":"wp","href":"https:\/\/api.w.org\/{rel}","templated":true}]}}