{"id":14019,"date":"2025-08-18T18:29:23","date_gmt":"2025-08-18T15:29:23","guid":{"rendered":"https:\/\/pesu24.ee\/?post_type=product&#038;p=14019"},"modified":"2025-08-20T15:02:46","modified_gmt":"2025-08-20T12:02:46","slug":"body-beauty-night-dinora","status":"publish","type":"product","link":"https:\/\/pesu24.ee\/en\/bodyd\/body-beauty-night-dinora\/","title":{"rendered":"Body Beauty Night Dinora"},"content":{"rendered":"<p>Beauty Night Dinora body loob hetkega maagilise atmosf\u00e4\u00e4ri ja toob esile Teie v\u00f5luva naiselikkuse. Dinora body \u00fchendab elegantse pitsi ja seksika l\u00f5ike, luues vastupandamatu kombinatsiooni, mis ei j\u00e4ta kedagi \u00fcksk\u00f5ikseks.<\/p>\n<p>Selle sensuaalse pesu abil saate \u00fcllatada oma partnerit erilistel \u00f5htutel v\u00f5i lihtsalt tunda end enesekindlalt ja ilusalt igal p\u00e4eval. Beauty Night Dinora body on ideaalne valik neile, kes otsivad luksuslikku pesu, mis \u00fchendab endas komforti ja stiili ning loob unustamatuid hetki.<\/p>\n<p><span style=\"color: #008000;\"><strong>KOMPLEKT SISALDAB:<\/strong><\/span><\/p>\n<ul>\n<li>body<\/li>\n<\/ul>\n<p><span style=\"color: #008000;\"><strong>DETAILS:<\/strong><\/span><\/p>\n<ul>\n<li>kaunistatud lillemotiividega<\/li>\n<li>3\/4 pikkused varrukad<\/li>\n<li>v\u00f6\u00f6 kohta r\u00f5hutav<\/li>\n<li>avatud jalgevahe<\/li>\n<li>saadaval universaalsuuruses S\/M\/L<\/li>\n<li>valmistatud mugavast &amp; elastsest kangast (90% pol\u00fcamiid ja 10% elastaan)<\/li>\n<\/ul>","protected":false},"excerpt":{"rendered":"<p>&#46;&#46;&#46;<\/p>","protected":false},"featured_media":14193,"comment_status":"open","ping_status":"closed","template":"","meta":{"_glsr_average":0,"_glsr_ranking":0,"_glsr_reviews":0},"product_brand":[503],"product_cat":[89],"product_tag":[403],"class_list":{"0":"post-14019","1":"product","2":"type-product","3":"status-publish","4":"has-post-thumbnail","6":"product_brand-beauty-night","7":"product_cat-bodyd","8":"product_tag-beauty-night","9":"pa_suurus-universaalsuurus","10":"pa_varvus-must","12":"first","13":"instock","14":"sold-individually","15":"taxable","16":"shipping-taxable","17":"purchasable","18":"product-type-simple"},"_links":{"self":[{"href":"https:\/\/pesu24.ee\/en\/wp-json\/wp\/v2\/product\/14019","targetHints":{"allow":["GET"]}}],"collection":[{"href":"https:\/\/pesu24.ee\/en\/wp-json\/wp\/v2\/product"}],"about":[{"href":"https:\/\/pesu24.ee\/en\/wp-json\/wp\/v2\/types\/product"}],"replies":[{"embeddable":true,"href":"https:\/\/pesu24.ee\/en\/wp-json\/wp\/v2\/comments?post=14019"}],"wp:featuredmedia":[{"embeddable":true,"href":"https:\/\/pesu24.ee\/en\/wp-json\/wp\/v2\/media\/14193"}],"wp:attachment":[{"href":"https:\/\/pesu24.ee\/en\/wp-json\/wp\/v2\/media?parent=14019"}],"wp:term":[{"taxonomy":"product_brand","embeddable":true,"href":"https:\/\/pesu24.ee\/en\/wp-json\/wp\/v2\/product_brand?post=14019"},{"taxonomy":"product_cat","embeddable":true,"href":"https:\/\/pesu24.ee\/en\/wp-json\/wp\/v2\/product_cat?post=14019"},{"taxonomy":"product_tag","embeddable":true,"href":"https:\/\/pesu24.ee\/en\/wp-json\/wp\/v2\/product_tag?post=14019"}],"curies":[{"name":"wp","href":"https:\/\/api.w.org\/{rel}","templated":true}]}}