{"id":14021,"date":"2025-08-18T18:29:23","date_gmt":"2025-08-18T15:29:23","guid":{"rendered":"https:\/\/pesu24.ee\/?post_type=product&#038;p=14021"},"modified":"2025-08-20T15:02:46","modified_gmt":"2025-08-20T12:02:46","slug":"body-beauty-night-monserrat","status":"publish","type":"product","link":"https:\/\/pesu24.ee\/en\/bodyd\/body-beauty-night-monserrat\/","title":{"rendered":"Body Beauty Night Monserrat"},"content":{"rendered":"<p>Beauty Night Monserrat body \u00fchendab endas peene pitsi ja luksusliku l\u00f5ike, et tuua esile Teie naiselikku ilu parimal viisil. Monserrat body r\u00f5hutab Teie figuuri ja lisab l\u00f5putult enesekindlust, olgu siis tegemist romantilise \u00f5htus\u00f6\u00f6gi v\u00f5i kirgliku \u00f6\u00f6ga.<\/p>\n<p>See pesu sobib ideaalselt neile, kes otsivad stiili, mugavust ja unustamatuid hetki \u00fches paketis. Avastage Monserrat body ja looge sensuaalsust t\u00e4is hetked, mis j\u00e4\u00e4vad meelde alatiseks.<\/p>\n<p><span style=\"color: #008000;\"><strong>KOMPLEKT SISALDAB:<\/strong><\/span><\/p>\n<ul>\n<li>body<\/li>\n<\/ul>\n<p><span style=\"color: #008000;\"><strong>DETAILS:<\/strong><\/span><\/p>\n<ul>\n<li>pikad varrukad<\/li>\n<li>avatud jalgevahe<\/li>\n<li>kaunistatud lillemotiivide ja geomeetrilise mustriga<\/li>\n<li>avatud selja osa<\/li>\n<li>saadaval universaalsuuruses S\/M\/L<\/li>\n<li>valmistatud mugavast &amp; elastsest kangast (90% pol\u00fcamiid ja 10% elastaan)<\/li>\n<\/ul>","protected":false},"excerpt":{"rendered":"<p>&#46;&#46;&#46;<\/p>","protected":false},"featured_media":14215,"comment_status":"open","ping_status":"closed","template":"","meta":{"_glsr_average":0,"_glsr_ranking":0,"_glsr_reviews":0},"product_brand":[503],"product_cat":[89],"product_tag":[403],"class_list":{"0":"post-14021","1":"product","2":"type-product","3":"status-publish","4":"has-post-thumbnail","6":"product_brand-beauty-night","7":"product_cat-bodyd","8":"product_tag-beauty-night","9":"pa_suurus-universaalsuurus","10":"pa_varvus-must","12":"first","13":"instock","14":"sold-individually","15":"taxable","16":"shipping-taxable","17":"purchasable","18":"product-type-simple"},"_links":{"self":[{"href":"https:\/\/pesu24.ee\/en\/wp-json\/wp\/v2\/product\/14021","targetHints":{"allow":["GET"]}}],"collection":[{"href":"https:\/\/pesu24.ee\/en\/wp-json\/wp\/v2\/product"}],"about":[{"href":"https:\/\/pesu24.ee\/en\/wp-json\/wp\/v2\/types\/product"}],"replies":[{"embeddable":true,"href":"https:\/\/pesu24.ee\/en\/wp-json\/wp\/v2\/comments?post=14021"}],"wp:featuredmedia":[{"embeddable":true,"href":"https:\/\/pesu24.ee\/en\/wp-json\/wp\/v2\/media\/14215"}],"wp:attachment":[{"href":"https:\/\/pesu24.ee\/en\/wp-json\/wp\/v2\/media?parent=14021"}],"wp:term":[{"taxonomy":"product_brand","embeddable":true,"href":"https:\/\/pesu24.ee\/en\/wp-json\/wp\/v2\/product_brand?post=14021"},{"taxonomy":"product_cat","embeddable":true,"href":"https:\/\/pesu24.ee\/en\/wp-json\/wp\/v2\/product_cat?post=14021"},{"taxonomy":"product_tag","embeddable":true,"href":"https:\/\/pesu24.ee\/en\/wp-json\/wp\/v2\/product_tag?post=14021"}],"curies":[{"name":"wp","href":"https:\/\/api.w.org\/{rel}","templated":true}]}}