{"id":14022,"date":"2025-08-18T18:29:23","date_gmt":"2025-08-18T15:29:23","guid":{"rendered":"https:\/\/pesu24.ee\/?post_type=product&#038;p=14022"},"modified":"2025-09-23T09:59:27","modified_gmt":"2025-09-23T06:59:27","slug":"body-beauty-night-regina","status":"publish","type":"product","link":"https:\/\/pesu24.ee\/en\/bodyd\/body-beauty-night-regina\/","title":{"rendered":"Body Beauty Night Regina"},"content":{"rendered":"<p>Beauty Night Regina body on loodud n\u00f5udlikele naistele, kes soovivad \u00fchendada endas erootilise kirgi ning peenust ja stiili. See unikaalne pesu \u00fchendab v\u00f5rkmustri, sensuaalse l\u00f5ike ning luksusliku disaini, tuues esile Teie v\u00f5lu ja naiselikkuse parimal moel.<\/p>\n<p>Olgu tegemist romantilise \u00f5htus\u00f6\u00f6gi v\u00f5i kirgliku \u00f6\u00f6ga, Regina body muudab iga hetke unustamatuks. Laske end kaasa haarata Regina body sensuaalsusest ja looge oma elus erakordsed hetked, mis j\u00e4\u00e4vad meelde alatiseks.<\/p>\n<p><span style=\"color: #008000;\"><strong>KOMPLEKT SISALDAB:<\/strong><\/span><\/p>\n<ul>\n<li>body<\/li>\n<\/ul>\n<p><span style=\"color: #008000;\"><strong>DETAILS:<\/strong><\/span><\/p>\n<ul>\n<li>seksikas v\u00f5rkmuster<\/li>\n<li>body r\u00f5hutab taljet<\/li>\n<li>pikad varrukad<\/li>\n<li>avatud jalgevahe<\/li>\n<li>kaunistatud lillemotiividega<\/li>\n<li>saadaval universaalsuuruses S\/M\/L<\/li>\n<li>valmistatud mugavast &amp; elastsest kangast (90% pol\u00fcamiid ja 10% elastaan)<\/li>\n<\/ul>","protected":false},"excerpt":{"rendered":"<p>&#46;&#46;&#46;<\/p>","protected":false},"featured_media":14226,"comment_status":"open","ping_status":"closed","template":"","meta":{"_glsr_average":0,"_glsr_ranking":0,"_glsr_reviews":0},"product_brand":[503],"product_cat":[89],"product_tag":[403],"class_list":{"0":"post-14022","1":"product","2":"type-product","3":"status-publish","4":"has-post-thumbnail","6":"product_brand-beauty-night","7":"product_cat-bodyd","8":"product_tag-beauty-night","9":"pa_suurus-universaalsuurus","10":"pa_varvus-must","11":"pa_varvus-punane","13":"first","14":"instock","15":"sold-individually","16":"taxable","17":"shipping-taxable","18":"purchasable","19":"product-type-variable"},"_links":{"self":[{"href":"https:\/\/pesu24.ee\/en\/wp-json\/wp\/v2\/product\/14022","targetHints":{"allow":["GET"]}}],"collection":[{"href":"https:\/\/pesu24.ee\/en\/wp-json\/wp\/v2\/product"}],"about":[{"href":"https:\/\/pesu24.ee\/en\/wp-json\/wp\/v2\/types\/product"}],"replies":[{"embeddable":true,"href":"https:\/\/pesu24.ee\/en\/wp-json\/wp\/v2\/comments?post=14022"}],"wp:featuredmedia":[{"embeddable":true,"href":"https:\/\/pesu24.ee\/en\/wp-json\/wp\/v2\/media\/14226"}],"wp:attachment":[{"href":"https:\/\/pesu24.ee\/en\/wp-json\/wp\/v2\/media?parent=14022"}],"wp:term":[{"taxonomy":"product_brand","embeddable":true,"href":"https:\/\/pesu24.ee\/en\/wp-json\/wp\/v2\/product_brand?post=14022"},{"taxonomy":"product_cat","embeddable":true,"href":"https:\/\/pesu24.ee\/en\/wp-json\/wp\/v2\/product_cat?post=14022"},{"taxonomy":"product_tag","embeddable":true,"href":"https:\/\/pesu24.ee\/en\/wp-json\/wp\/v2\/product_tag?post=14022"}],"curies":[{"name":"wp","href":"https:\/\/api.w.org\/{rel}","templated":true}]}}