{"id":14023,"date":"2025-08-18T18:29:23","date_gmt":"2025-08-18T15:29:23","guid":{"rendered":"https:\/\/pesu24.ee\/?post_type=product&#038;p=14023"},"modified":"2025-08-20T14:55:15","modified_gmt":"2025-08-20T11:55:15","slug":"body-obsessive-glandez","status":"publish","type":"product","link":"https:\/\/pesu24.ee\/en\/bodyd\/body-obsessive-glandez\/","title":{"rendered":"Body Obsessive Glandez"},"content":{"rendered":"<p>Obsessive Glandez body on loodud selleks, et pakkuda sulle t\u00e4ielikku mugavust ja samal ajal esile tuua sinu naiselikku elegantsi. Selle luksuslik disain ja detailirohkus loovad unustamatuid hetki ning annavad sulle enesekindluse igal sammul.<\/p>\n<p>See sensuaalne body sobib nii erilisteks hetkedeks kui ka igap\u00e4evaseks elegantsiks. Selle elegantne l\u00f5ige, luksuslikud materjalid ja kaunis pits annavad sulle v\u00f5imaluse s\u00e4rada iga p\u00e4ev.<\/p>\n<p>Tutvuge ka teiste <a href=\"https:\/\/pesu24.ee\/en\/omadus\/obsessive-glandez\/\">Obsessive Glandez<\/a> pesukollektsiooni toodetega.<\/p>\n<p><span style=\"color: #008000;\"><strong>KOMPLEKT SISALDAB:<\/strong><\/span><\/p>\n<ul>\n<li>body<\/li>\n<li>NB! sukad ei kuulu komplekti<\/li>\n<\/ul>\n<p>Body Obsessive Glandez sobib kokku <a href=\"https:\/\/pesu24.ee\/en\/sukad\/sukad-obsessive-s822\/\">Obsessive S822 sukkadega<\/a>.<\/p>\n<p><span style=\"color: #008000;\"><strong>DETAILS:<\/strong><\/span><\/p>\n<ul>\n<li>klassikalise l\u00f5ikeda body<\/li>\n<li>reguleeritavad paelad<\/li>\n<li>kaela tagant kinnituv<\/li>\n<li>ees kelmikas ripats<\/li>\n<li>reguleeritavad &amp; eemaldatavad sukapaelad<\/li>\n<li>mugav &amp; elastne kangas (94% pol\u00fcamiid &amp; 6% elastaan)<\/li>\n<\/ul>","protected":false},"excerpt":{"rendered":"<p>&#46;&#46;&#46;<\/p>","protected":false},"featured_media":14234,"comment_status":"open","ping_status":"closed","template":"","meta":{"_glsr_average":0,"_glsr_ranking":0,"_glsr_reviews":0},"product_brand":[500],"product_cat":[89],"product_tag":[160,461],"class_list":{"0":"post-14023","1":"product","2":"type-product","3":"status-publish","4":"has-post-thumbnail","6":"product_brand-obsessive","7":"product_cat-bodyd","8":"product_tag-obsessive","9":"product_tag-obsessive-glandez","10":"pa_suurus-m-l","11":"pa_suurus-xl-xxl","12":"pa_suurus-xs-s","13":"pa_varvus-must","15":"first","16":"instock","17":"sold-individually","18":"taxable","19":"shipping-taxable","20":"purchasable","21":"product-type-variable"},"_links":{"self":[{"href":"https:\/\/pesu24.ee\/en\/wp-json\/wp\/v2\/product\/14023","targetHints":{"allow":["GET"]}}],"collection":[{"href":"https:\/\/pesu24.ee\/en\/wp-json\/wp\/v2\/product"}],"about":[{"href":"https:\/\/pesu24.ee\/en\/wp-json\/wp\/v2\/types\/product"}],"replies":[{"embeddable":true,"href":"https:\/\/pesu24.ee\/en\/wp-json\/wp\/v2\/comments?post=14023"}],"wp:featuredmedia":[{"embeddable":true,"href":"https:\/\/pesu24.ee\/en\/wp-json\/wp\/v2\/media\/14234"}],"wp:attachment":[{"href":"https:\/\/pesu24.ee\/en\/wp-json\/wp\/v2\/media?parent=14023"}],"wp:term":[{"taxonomy":"product_brand","embeddable":true,"href":"https:\/\/pesu24.ee\/en\/wp-json\/wp\/v2\/product_brand?post=14023"},{"taxonomy":"product_cat","embeddable":true,"href":"https:\/\/pesu24.ee\/en\/wp-json\/wp\/v2\/product_cat?post=14023"},{"taxonomy":"product_tag","embeddable":true,"href":"https:\/\/pesu24.ee\/en\/wp-json\/wp\/v2\/product_tag?post=14023"}],"curies":[{"name":"wp","href":"https:\/\/api.w.org\/{rel}","templated":true}]}}